{"id":1871,"date":"2019-11-07T16:34:38","date_gmt":"2019-11-07T15:34:38","guid":{"rendered":"https:\/\/www.unicon20.fr\/?page_id=1871"},"modified":"2022-06-13T08:33:39","modified_gmt":"2022-06-13T06:33:39","slug":"10km","status":"publish","type":"page","link":"https:\/\/unicon20.fr\/de\/10km\/","title":{"rendered":"10km"},"content":{"rendered":"<div class=\"wp-block-themeisle-blocks-advanced-columns alignwide has-1-columns has-desktop-equal-layout has-tablet-equal-layout has-mobile-equal-layout has-default-gap has-vertical-unset\" id=\"wp-block-themeisle-blocks-advanced-columns-9ecdc00a\"><div class=\"wp-block-themeisle-blocks-advanced-columns-overlay\"><\/div><div class=\"innerblocks-wrap\">\n<div class=\"wp-block-themeisle-blocks-advanced-column\" id=\"wp-block-themeisle-blocks-advanced-column-ff134a55\">\n<p><strong>Allgemeines <\/strong><\/p>\n\n\n\n<p>The 10km race is one of the largest racing events at Unicon.&nbsp; It will take place on the cycle path along the Is\u00e8re River on 27 July 2022.&nbsp; <\/p>\n\n\n\n<p><strong>Kategorien<\/strong><\/p>\n\n\n\n<p>Es sind zwei Kategorien von Einrad, die 24\" Klasse und die \"unlimited\"Klasse. Einradfahrer in der 24\"Klasse m\u00fbssen ein Rad benutzen, mit einem Durchmesser zwischen 519 und 618 mm, die Pedalkurbeln m\u00fcssen mindestens 125mm lang sein und die Fahrer d\u00fcrfen keine Einr\u00e4der mit Schaltung benutzen.In der \"unlimited class\" (keine Begrenzungen) ist keeine Grenze beim Durchmesser des Rades, bei der Pedalkurbell\u00e4nge oder was eine m\u00f6gliche Schaltung betrifft. Dei einzelnen Spezifizit\u00e4ten bei jeder Klasse werden im IUF Rulebook 2019, section 3B.2. aufgelistet.&nbsp; <\/p>\n\n\n\n<p>Expert, age-group and ungeared placings are defined and\nawarded as per the IUF rulebook. <\/p>\n\n\n\n<p><strong>Transport<\/strong><\/p>\n\n\n\n<p>Die Wettk\u00e4mpfer werden die \u00f6ffentlichen Verkehrsmittel benutzen k\u00f6nnen, um bis zum Startpunkt zu kommen. Wir denken auch daran, einen Bus zu organisieren, aber dies muss noch best\u00e4tigt werden.<\/p>\n\n\n\n<p><strong>Das Rennen <\/strong><\/p>\n\n\n\n<p>The course is one way along a cycle path following the Is\u00e8re River.&nbsp; The start location is on the northern side of the river, and follows the cycle path in the south-west direction, crossing a bridge midway to finish on the south side of the river.&nbsp;<\/p>\n\n\n\n<p>The cycle path is narrow in places and may not be closed to the general public.&nbsp; The surface is smooth but there are occasional bumps.&nbsp; Just before the bridge (at the L\u2019\u00eele D\u2019amours) are white barriers that cannot move. Riders will need to ride single file between the barriers.&nbsp; There is a bridge to cross, with a sizeable bump up onto it. It is a 90-degree left turn onto the bridge, followed by distinct right turn on the other side. For a small section after the bridge near L\u2019ile D\u2019amours, the cycle path has a distinct camber (sloping downward from left [highest] to right [lowest]).&nbsp; The race will end at the university campus.<\/p>\n\n\n\n<p><strong>Fakten \u00fcber das Renenn<\/strong><a href=\"https:\/\/unicon20.fr\/wp-content\/uploads\/gpx\/10k-new.gpx\" data-type=\"URL\" data-id=\"https:\/\/unicon20.fr\/wp-content\/uploads\/gpx\/10k-new.gpx\"><br>Download the .gpx file<\/a><\/p>\n\n\n[sgpx gpx=\/wp-content\/uploads\/gpx\/10k-new.gpx ]\n<\/div>\n<\/div><\/div>","protected":false},"excerpt":{"rendered":"","protected":false},"author":1,"featured_media":0,"parent":0,"menu_order":0,"comment_status":"closed","ping_status":"closed","template":"","meta":{"footnotes":""},"class_list":["post-1871","page","type-page","status-publish","hentry"],"featured_image_urls_v2":{"full":"","thumbnail":"","medium":"","medium_large":"","large":"","1536x1536":"","2048x2048":"","trp-custom-language-flag":"","hestia-blog":""},"post_excerpt_stackable_v2":"<p>General The 10km race is one of the largest racing events at Unicon.&nbsp; It will take place on the cycle path along the Is\u00e8re River on 27 July 2022.&nbsp; Race categories There are two unicycle categories, the 24 Class and the Unlimited Class.&nbsp; Riders in the 24 Class must have a wheel diameter between 519-618mm, minimum crank length of 125mm, and regular transmission. Riders in the Unlimited Class have no limit on wheel diameter, crank length or transmission.&nbsp; The specifications for each class are listed in the IUF Rulebook 2019, section 3B.2.&nbsp; Expert, age-group and ungeared placings are defined and&hellip;<\/p>\n","category_list_v2":"","author_info_v2":{"name":"Maxence","url":"https:\/\/unicon20.fr\/de\/author\/abrikot\/"},"comments_num_v2":"0 comments","_links":{"self":[{"href":"https:\/\/unicon20.fr\/de\/wp-json\/wp\/v2\/pages\/1871","targetHints":{"allow":["GET"]}}],"collection":[{"href":"https:\/\/unicon20.fr\/de\/wp-json\/wp\/v2\/pages"}],"about":[{"href":"https:\/\/unicon20.fr\/de\/wp-json\/wp\/v2\/types\/page"}],"author":[{"embeddable":true,"href":"https:\/\/unicon20.fr\/de\/wp-json\/wp\/v2\/users\/1"}],"replies":[{"embeddable":true,"href":"https:\/\/unicon20.fr\/de\/wp-json\/wp\/v2\/comments?post=1871"}],"version-history":[{"count":15,"href":"https:\/\/unicon20.fr\/de\/wp-json\/wp\/v2\/pages\/1871\/revisions"}],"predecessor-version":[{"id":2987,"href":"https:\/\/unicon20.fr\/de\/wp-json\/wp\/v2\/pages\/1871\/revisions\/2987"}],"wp:attachment":[{"href":"https:\/\/unicon20.fr\/de\/wp-json\/wp\/v2\/media?parent=1871"}],"curies":[{"name":"wp","href":"https:\/\/api.w.org\/{rel}","templated":true}]}}