{"id":1893,"date":"2019-11-11T11:36:32","date_gmt":"2019-11-11T10:36:32","guid":{"rendered":"https:\/\/www.unicon20.fr\/?page_id=1893"},"modified":"2022-06-13T08:35:13","modified_gmt":"2022-06-13T06:35:13","slug":"marathon","status":"publish","type":"page","link":"https:\/\/unicon20.fr\/de\/marathon\/","title":{"rendered":"Marathon"},"content":{"rendered":"<div class=\"wp-block-themeisle-blocks-advanced-columns alignwide has-1-columns has-desktop-equal-layout has-tablet-equal-layout has-mobile-equal-layout has-default-gap has-vertical-unset\" id=\"wp-block-themeisle-blocks-advanced-columns-4ffe0ce2\"><div class=\"wp-block-themeisle-blocks-advanced-columns-overlay\"><\/div><div class=\"innerblocks-wrap\">\n<div class=\"wp-block-themeisle-blocks-advanced-column\" id=\"wp-block-themeisle-blocks-advanced-column-232fab96\">\n<p>The Marathon (42.195km) will be run along the Is\u00e8re River on 31 July 2022.<\/p>\n\n\n\n<p> <strong>Kategorien<\/strong><br>There are two unicycle categories, the 29 Class and the  Unlimited Class. Riders in the 29 Class must have a wheel diameter between 619-778mm with regular transmission, but there is no limit on crank length. Riders in the Unlimited Class have no limit on wheel diameter, crank length or transmission. The specifications for each class are listed in the IUF Rulebook 2019, section 3B.2.  <br>Expert, age-group and ungeared placings are defined and awarded as per the IUF rulebook. <\/p>\n\n\n\n<p> <strong>Das Rennen<\/strong><br>Es besteht aus drei Schleifen im Uhrzeigersinn.  <br>The start is on the northern side of the river (green circle D on the map) to allow a slightly shortened first lap. It proceeds in the North-East direction for 1.6km, before turning sharply onto a cycle path, which you will be riding for the remainder of the lap.  The turn around is the first bridge crossing at the easternmost end of the course.  From there you head back down river in the South-West direction.  The end of the first and second lap is the second bridge crossing on the westernmost end of the course.  <br> Nach der dritten und letzten Schleife fahren die Wettk\u00e4mpfer nicht \u00fcber die zweite Br\u00fccke. Stattdessen fahren sie den Weg runter auf der linken Seite in Richtung der Ziellinie (roter Kreis A auf der Mappe) <\/p>\n\n\n\n<p><strong>Fakten \u00fcber das Renenn<\/strong><br><a href=\"https:\/\/unicon20.fr\/wp-content\/uploads\/gpx\/42k-v3.gpx\" data-type=\"URL\" data-id=\"www.unicon20.fr\/wp-content\/uploads\/gpx\/42k-v3.gpx\">Download the .gpx file<\/a>.<\/p>\n\n\n[sgpx gpx=\/wp-content\/uploads\/gpx\/42k-v3.gpx ]\n<\/div>\n<\/div><\/div>","protected":false},"excerpt":{"rendered":"","protected":false},"author":10,"featured_media":0,"parent":0,"menu_order":0,"comment_status":"closed","ping_status":"closed","template":"","meta":{"footnotes":""},"class_list":["post-1893","page","type-page","status-publish","hentry"],"featured_image_urls_v2":{"full":"","thumbnail":"","medium":"","medium_large":"","large":"","1536x1536":"","2048x2048":"","trp-custom-language-flag":"","hestia-blog":""},"post_excerpt_stackable_v2":"<p>The Marathon (42.195km) will be run along the Is\u00e8re River on 31 July 2022. Race categoriesThere are two unicycle categories, the 29 Class and the Unlimited Class. Riders in the 29 Class must have a wheel diameter between 619-778mm with regular transmission, but there is no limit on crank length. Riders in the Unlimited Class have no limit on wheel diameter, crank length or transmission. The specifications for each class are listed in the IUF Rulebook 2019, section 3B.2. Expert, age-group and ungeared placings are defined and awarded as per the IUF rulebook. CourseThe marathon is a three-lap course, going&hellip;<\/p>\n","category_list_v2":"","author_info_v2":{"name":"Ken Looi","url":"https:\/\/unicon20.fr\/de\/author\/ken\/"},"comments_num_v2":"0 comments","_links":{"self":[{"href":"https:\/\/unicon20.fr\/de\/wp-json\/wp\/v2\/pages\/1893","targetHints":{"allow":["GET"]}}],"collection":[{"href":"https:\/\/unicon20.fr\/de\/wp-json\/wp\/v2\/pages"}],"about":[{"href":"https:\/\/unicon20.fr\/de\/wp-json\/wp\/v2\/types\/page"}],"author":[{"embeddable":true,"href":"https:\/\/unicon20.fr\/de\/wp-json\/wp\/v2\/users\/10"}],"replies":[{"embeddable":true,"href":"https:\/\/unicon20.fr\/de\/wp-json\/wp\/v2\/comments?post=1893"}],"version-history":[{"count":11,"href":"https:\/\/unicon20.fr\/de\/wp-json\/wp\/v2\/pages\/1893\/revisions"}],"predecessor-version":[{"id":2988,"href":"https:\/\/unicon20.fr\/de\/wp-json\/wp\/v2\/pages\/1893\/revisions\/2988"}],"wp:attachment":[{"href":"https:\/\/unicon20.fr\/de\/wp-json\/wp\/v2\/media?parent=1893"}],"curies":[{"name":"wp","href":"https:\/\/api.w.org\/{rel}","templated":true}]}}