{"id":1977,"date":"2019-11-25T21:31:48","date_gmt":"2019-11-25T20:31:48","guid":{"rendered":"https:\/\/www.unicon20.fr\/?page_id=1977"},"modified":"2022-04-27T15:00:13","modified_gmt":"2022-04-27T13:00:13","slug":"ceremonies","status":"publish","type":"page","link":"https:\/\/unicon20.fr\/de\/ceremonies\/","title":{"rendered":"Festlichkeiten"},"content":{"rendered":"<div class=\"wp-block-themeisle-blocks-advanced-columns has-1-columns has-desktop-equal-layout has-tablet-equal-layout has-mobile-equal-layout has-default-gap has-vertical-unset\" id=\"wp-block-themeisle-blocks-advanced-columns-68278370\"><div class=\"wp-block-themeisle-blocks-advanced-columns-overlay\"><\/div><div class=\"innerblocks-wrap\">\n<div class=\"wp-block-themeisle-blocks-advanced-column\" id=\"wp-block-themeisle-blocks-advanced-column-36f85c97\">\n<h4 class=\"wp-block-heading\">Opening Ceremonies and Parade :<\/h4>\n\n\n\n<p>Wir empfangen Sie um 17 Uhr 45 f\u00fcr die organisation der Parade am Dienstag, dem 26. Juli am \"anneau de vitesse\" (Unicon Center). Wir werden dann mit Musikbegleitung durch Grenoble fahren und w\u00fcrden es begr\u00fcssen, wenn jedes vertretene Land mit einer Nationalflagge auftreten w\u00fcrde.<\/p>\n\n\n\n<p>Im Anschluss an die Parade treffen wir uns dann f\u00fcr die Er\u00f6ffnungszeremonie der Unicon 20 in der \"Halle Cl\u00e9menceau\".<\/p>\n\n\n\n<p class=\"hide-on-mobile\">Here is the route:<\/p>\n\n\n[sgpx gpx=\/wp-content\/uploads\/gpx\/parade-2022.gpx ]\n\n\n\n<h4 class=\"wp-block-heading\">Closing ceremonies :<\/h4>\n\n\n\n<p>Wir erwarten jeden ab 19 Uhr am 'anneau de vitesse' (Uniconcenter) f\u00fcr die Abschlussfeier. Alle Teilnehmer bekommen ein typisches Essen serviert, und dann geht es weiter mit Musik bis in die Nacht hinein. <\/p>\n\n\n\n<p><em>*Wir bieten angemeldeten Wettk\u00e4mpfern und Nicht-Wettk\u00e4mpfern ein einziges Gericht mit oder ohne Fleisch an. Bitte geben Sie Ihre Wahl im Anmeldeformular an.&nbsp;<\/em><\/p>\n<\/div>\n<\/div><\/div>","protected":false},"excerpt":{"rendered":"","protected":false},"author":1,"featured_media":0,"parent":0,"menu_order":0,"comment_status":"closed","ping_status":"closed","template":"","meta":{"footnotes":""},"class_list":["post-1977","page","type-page","status-publish","hentry"],"featured_image_urls_v2":{"full":"","thumbnail":"","medium":"","medium_large":"","large":"","1536x1536":"","2048x2048":"","trp-custom-language-flag":"","hestia-blog":""},"post_excerpt_stackable_v2":"<p>Opening Ceremonies and Parade : We will gather at 17:45 to organize for the parade, Tuesday, July 26 at L\u2019Anneau de Vitesse (Unicon Center). We will ride around Grenoble accompanied by music. On this occasion, we would be delighted to have a flag bearer for each country present at this Unicon. After the parade, we will meet at Halle Cl\u00e9menceau for the Opening Ceremony of Unicon 20. Here is the route: [sgpx gpx=\/wp-content\/uploads\/gpx\/parade-2022.gpx ] Closing ceremonies : We are happy to host everyone for our closing ceremony at 19:00 at L\u2019Anneau de Vitesse (Unicon Center). All registered people will be&hellip;<\/p>\n","category_list_v2":"","author_info_v2":{"name":"Maxence","url":"https:\/\/unicon20.fr\/de\/author\/abrikot\/"},"comments_num_v2":"0 comments","_links":{"self":[{"href":"https:\/\/unicon20.fr\/de\/wp-json\/wp\/v2\/pages\/1977","targetHints":{"allow":["GET"]}}],"collection":[{"href":"https:\/\/unicon20.fr\/de\/wp-json\/wp\/v2\/pages"}],"about":[{"href":"https:\/\/unicon20.fr\/de\/wp-json\/wp\/v2\/types\/page"}],"author":[{"embeddable":true,"href":"https:\/\/unicon20.fr\/de\/wp-json\/wp\/v2\/users\/1"}],"replies":[{"embeddable":true,"href":"https:\/\/unicon20.fr\/de\/wp-json\/wp\/v2\/comments?post=1977"}],"version-history":[{"count":11,"href":"https:\/\/unicon20.fr\/de\/wp-json\/wp\/v2\/pages\/1977\/revisions"}],"predecessor-version":[{"id":2794,"href":"https:\/\/unicon20.fr\/de\/wp-json\/wp\/v2\/pages\/1977\/revisions\/2794"}],"wp:attachment":[{"href":"https:\/\/unicon20.fr\/de\/wp-json\/wp\/v2\/media?parent=1977"}],"curies":[{"name":"wp","href":"https:\/\/api.w.org\/{rel}","templated":true}]}}