{"id":2076,"date":"2019-12-04T18:29:14","date_gmt":"2019-12-04T17:29:14","guid":{"rendered":"https:\/\/www.unicon20.fr\/?page_id=2076"},"modified":"2022-05-17T10:24:27","modified_gmt":"2022-05-17T08:24:27","slug":"street","status":"publish","type":"page","link":"https:\/\/unicon20.fr\/de\/street\/","title":{"rendered":"Street"},"content":{"rendered":"<div class=\"wp-block-themeisle-blocks-advanced-columns has-1-columns has-desktop-equal-layout has-tablet-equal-layout has-mobile-equal-layout has-default-gap has-vertical-unset\" id=\"wp-block-themeisle-blocks-advanced-columns-30e5a6ba\"><div class=\"wp-block-themeisle-blocks-advanced-columns-overlay\"><\/div><div class=\"innerblocks-wrap\">\n<div class=\"wp-block-themeisle-blocks-advanced-column\" id=\"wp-block-themeisle-blocks-advanced-column-1c7638b9\">\n<figure class=\"wp-block-image size-large\"><img loading=\"lazy\" decoding=\"async\" width=\"1024\" height=\"576\" src=\"https:\/\/unicon20.fr\/wp-content\/uploads\/2020\/02\/UNICON-2018-31-resized-1024x576.jpg\" alt=\"\" class=\"wp-image-2215\" srcset=\"https:\/\/unicon20.fr\/wp-content\/uploads\/2020\/02\/UNICON-2018-31-resized-1024x576.jpg 1024w, https:\/\/unicon20.fr\/wp-content\/uploads\/2020\/02\/UNICON-2018-31-resized-300x169.jpg 300w, https:\/\/unicon20.fr\/wp-content\/uploads\/2020\/02\/UNICON-2018-31-resized-768x432.jpg 768w, https:\/\/unicon20.fr\/wp-content\/uploads\/2020\/02\/UNICON-2018-31-resized-1536x864.jpg 1536w, https:\/\/unicon20.fr\/wp-content\/uploads\/2020\/02\/UNICON-2018-31-resized-2048x1151.jpg 2048w\" sizes=\"auto, (max-width: 1024px) 100vw, 1024px\" \/><figcaption> @Edd Hawkes  <\/figcaption><\/figure>\n\n\n\n<p>Street ist eine Disziplin, bei der es um verschiedene Tricks geht, die kreativ mit Hindernissen wie Rampen, Treppen, Grindboxen, Rails und mehr ausgef\u00fchrt werden.\nIm Allgemeinen kann Street in einer st\u00e4dtischen Umgebung gefahren werden.\nBei Unicon werden die Fahrer jedoch\neinen einradspezifischen Skatepark nutzen. W\u00e4hrend des Wettkampfs k\u00f6nnen die Fahrer die gesamte Strecke nach Belieben nutzen und ihre besten Tricks ausf\u00fchren.\nSie werden nach verschiedenen Kriterien beurteilt, wie z. B. der Schwierigkeit\nund Vielfalt ihrer Tricks, ihren Stil, ihren Flow, ihre Kreativit\u00e4t und ihre Best\u00e4ndigkeit.\nNach der Vorrunde ziehen die 5 bis 8 Fahrer mit den h\u00f6chsten Punktzahlen\nins Finale auf.<\/p>\n\n\n\n<p>Street riding puts heavy usage on the unicycles, so they are usually built very strong. The most common wheel size is 19\u201d with a wide tire, however you will see a couple of riders using 20\u201d unicycles to have more speed and flow in their riding. For Street, both square and round-crowned frames are used depending on the rider\u2019s unique riding style and favoured tricks.<\/p>\n\n\n\n<p>Der Street-Wettkampf findet im 'anneau de vitesse' statt, das das Zentrum der UNICON sein wird. Es handelt sich um eine Eisschnelllaufbahn im Freien, auf der 1968 die olympischen Eisschnelllaufwettbewerbe ausgetragen wurden. Diesmal werden R\u00e4der die Schlittschuhe ersetzen und das Stadion mit Begeisterung erf\u00fcllen!\u00a0<\/p>\n\n\n\n<p style=\"font-size:25px\"><strong>Mandatory equipment<\/strong> <\/p>\n\n\n\n<ul class=\"wp-block-list\"><li>Closed shoes<\/li><li>Helmet<\/li><li>Shin guards highly recommended<\/li><\/ul>\n\n\n\n<figure class=\"wp-block-image size-large\"><img loading=\"lazy\" decoding=\"async\" width=\"1024\" height=\"609\" src=\"https:\/\/unicon20.fr\/wp-content\/uploads\/2020\/02\/UNICON-2018-26-1024x609.jpg\" alt=\"\" class=\"wp-image-2214\" srcset=\"https:\/\/unicon20.fr\/wp-content\/uploads\/2020\/02\/UNICON-2018-26-1024x609.jpg 1024w, https:\/\/unicon20.fr\/wp-content\/uploads\/2020\/02\/UNICON-2018-26-300x178.jpg 300w, https:\/\/unicon20.fr\/wp-content\/uploads\/2020\/02\/UNICON-2018-26-768x457.jpg 768w, https:\/\/unicon20.fr\/wp-content\/uploads\/2020\/02\/UNICON-2018-26-1536x913.jpg 1536w, https:\/\/unicon20.fr\/wp-content\/uploads\/2020\/02\/UNICON-2018-26-2048x1218.jpg 2048w\" sizes=\"auto, (max-width: 1024px) 100vw, 1024px\" \/><figcaption> @Edd Hawkes  <\/figcaption><\/figure>\n\n\n\n<figure class=\"wp-block-image size-large\"><img loading=\"lazy\" decoding=\"async\" width=\"1024\" height=\"577\" src=\"https:\/\/unicon20.fr\/wp-content\/uploads\/2020\/02\/UNICON-2018-25-1024x577.jpg\" alt=\"\" class=\"wp-image-2213\" srcset=\"https:\/\/unicon20.fr\/wp-content\/uploads\/2020\/02\/UNICON-2018-25-1024x577.jpg 1024w, https:\/\/unicon20.fr\/wp-content\/uploads\/2020\/02\/UNICON-2018-25-300x169.jpg 300w, https:\/\/unicon20.fr\/wp-content\/uploads\/2020\/02\/UNICON-2018-25-768x433.jpg 768w, https:\/\/unicon20.fr\/wp-content\/uploads\/2020\/02\/UNICON-2018-25-1536x866.jpg 1536w, https:\/\/unicon20.fr\/wp-content\/uploads\/2020\/02\/UNICON-2018-25-2048x1154.jpg 2048w\" sizes=\"auto, (max-width: 1024px) 100vw, 1024px\" \/><figcaption> @Edd Hawkes  <\/figcaption><\/figure>\n\n\n\n<figure class=\"wp-block-image size-large\"><img loading=\"lazy\" decoding=\"async\" width=\"819\" height=\"1024\" src=\"https:\/\/unicon20.fr\/wp-content\/uploads\/2020\/02\/EUC-WINTER-2018-13-819x1024.jpg\" alt=\"\" class=\"wp-image-2212\" srcset=\"https:\/\/unicon20.fr\/wp-content\/uploads\/2020\/02\/EUC-WINTER-2018-13-819x1024.jpg 819w, https:\/\/unicon20.fr\/wp-content\/uploads\/2020\/02\/EUC-WINTER-2018-13-240x300.jpg 240w, https:\/\/unicon20.fr\/wp-content\/uploads\/2020\/02\/EUC-WINTER-2018-13-768x960.jpg 768w, https:\/\/unicon20.fr\/wp-content\/uploads\/2020\/02\/EUC-WINTER-2018-13-1229x1536.jpg 1229w, https:\/\/unicon20.fr\/wp-content\/uploads\/2020\/02\/EUC-WINTER-2018-13.jpg 1346w\" sizes=\"auto, (max-width: 819px) 100vw, 819px\" \/><figcaption> @Edd Hawkes  <\/figcaption><\/figure>\n<\/div>\n<\/div><\/div>","protected":false},"excerpt":{"rendered":"","protected":false},"author":1,"featured_media":0,"parent":0,"menu_order":0,"comment_status":"closed","ping_status":"closed","template":"","meta":{"footnotes":""},"class_list":["post-2076","page","type-page","status-publish","hentry"],"featured_image_urls_v2":{"full":"","thumbnail":"","medium":"","medium_large":"","large":"","1536x1536":"","2048x2048":"","trp-custom-language-flag":"","hestia-blog":""},"post_excerpt_stackable_v2":"<p>@Edd Hawkes Street is a freestyle riding style about performing various tricks, emphasising smooth riding and creatively while riding obstacles such as ramps, stairs, grind boxes, rails, and more. In general, Street can be performed in an urban environment using urban structures and obstacles; however at Unicon riders will use a unicycle specific skatepark. During the competition, the riders can use the whole course as they want, performing their best tricks while keeping smoothness and consistency. They are judged on several criteria such as the difficulty and variety of their tricks, their style, flow, creativity, and consistency. After the prelim,&hellip;<\/p>\n","category_list_v2":"","author_info_v2":{"name":"Maxence","url":"https:\/\/unicon20.fr\/de\/author\/abrikot\/"},"comments_num_v2":"0 comments","_links":{"self":[{"href":"https:\/\/unicon20.fr\/de\/wp-json\/wp\/v2\/pages\/2076","targetHints":{"allow":["GET"]}}],"collection":[{"href":"https:\/\/unicon20.fr\/de\/wp-json\/wp\/v2\/pages"}],"about":[{"href":"https:\/\/unicon20.fr\/de\/wp-json\/wp\/v2\/types\/page"}],"author":[{"embeddable":true,"href":"https:\/\/unicon20.fr\/de\/wp-json\/wp\/v2\/users\/1"}],"replies":[{"embeddable":true,"href":"https:\/\/unicon20.fr\/de\/wp-json\/wp\/v2\/comments?post=2076"}],"version-history":[{"count":5,"href":"https:\/\/unicon20.fr\/de\/wp-json\/wp\/v2\/pages\/2076\/revisions"}],"predecessor-version":[{"id":2885,"href":"https:\/\/unicon20.fr\/de\/wp-json\/wp\/v2\/pages\/2076\/revisions\/2885"}],"wp:attachment":[{"href":"https:\/\/unicon20.fr\/de\/wp-json\/wp\/v2\/media?parent=2076"}],"curies":[{"name":"wp","href":"https:\/\/api.w.org\/{rel}","templated":true}]}}