{"id":2163,"date":"2020-01-27T19:25:15","date_gmt":"2020-01-27T18:25:15","guid":{"rendered":"https:\/\/www.unicon20.fr\/?page_id=2163"},"modified":"2022-07-25T13:55:15","modified_gmt":"2022-07-25T11:55:15","slug":"downhill","status":"publish","type":"page","link":"https:\/\/unicon20.fr\/de\/downhill\/","title":{"rendered":"Downhill"},"content":{"rendered":"<p> Das Muni Downhill findet im Bikepark Les 7 Laux statt. Der Haupttreffpunkt befindet sich in Prapoutel, wo es Parkpl\u00e4tze gibt und der auch mit \u00f6ffentlichen Verkehrsmitteln erreichbar ist.<\/p>\n\n\n\n<p><br>Die M\u00f6glichkeiten f\u00fcr einen Bustransport werden derzeit untersucht.<\/p>\n\n\n\n<h4 class=\"wp-block-heading\"><strong>Anf\u00e4nger<\/strong><\/h4>\n\n\n\n<p>Die Strecke beginnt an der Bergstation des Sessellifts \"Bouquetins\" und besteht aus einem flowigen, kompakten Singletrail mit Abschnitten mit kleinen losen Steinen oder flachen Wurzeln. Die Anf\u00e4ngerstrecke ist 1,5 km lang und hat einen H\u00f6henverlust von insgesamt 221 m.<\/p>\n\n\n\n<p>Muni Downhill Scale*:<\/p>\n\n\n\n<ul class=\"wp-block-list\"><li>Durchschnittlicher Schwierigkeitsgrad: M1<\/li><li>Maximaler Schwierigkeitsgrad: M2<\/li><\/ul>\n\n\n\n<p>Strecken- und H\u00f6henprofile finden Sie <a rel=\"noreferrer noopener\" aria-label=\"HERE (opens in a new tab)\" href=\"https:\/\/www.plotaroute.com\/route\/998039\" target=\"_blank\">HIER<\/a>.<\/p>\n\n\n[sgpx gpx=\/wp-content\/uploads\/gpx\/DH_Beginner.gpx ]\n\n\n\n<h4 class=\"wp-block-heading\"><strong>Advanced\/Elite-Qualifikationen<\/strong><\/h4>\n\n\n\n<p>Die Teilnehmer erreichen die Strecke mit dem Sessellift \"Chamois\" und fahren auf einem Betriebsweg hinunter, der auf den Bergr\u00fccken trifft und steiler wird. Der Start des Rennens erfolgt auf dem Betriebsweg, wobei die ersten Meter des Rennens auf der steilen und losen Schotterstra\u00dfe verlaufen, von wo aus die Strecke nach links in einen Singletrail \u00fcbergeht. Die Strecke ist gr\u00f6\u00dftenteils ein schmaler Singletrack mit einigen schwierigen, rauen Abschnitten mit Wurzeln und Steinen. Es gibt auch einige einfachere Abschnitte und sogar einige h\u00f6lzerne Elemente. Es gibt viele h\u00e4ufige Hindernisse, die Geschicklichkeit erfordern, um die Strecke schnell zu bew\u00e4ltigen. Die meisten Hindernisse auf der Strecke haben die Schwierigkeitsgrade M2 und M3. Die Strecke bietet eine 2,6 km lange Abfahrt mit einem H\u00f6henverlust von 498 m.<\/p>\n\n\n\n<p>Muni Downhill Scale*:<\/p>\n\n\n\n<ul class=\"wp-block-list\"><li>Durchschnittlicher Schwierigkeitsgrad: M2<\/li><li>Maximaler Schwierigkeitsgrad: M3\/M4<\/li><\/ul>\n\n\n\n<p>Strecken- und H\u00f6henprofile finden Sie <a href=\"https:\/\/www.plotaroute.com\/route\/1980386\" target=\"_blank\" rel=\"noreferrer noopener\">HIER<\/a>.<\/p>\n\n\n[sgpx gpx=\/wp-content\/uploads\/gpx\/DH_AdvancedElite_Qualifications.gpx ]\n\n\n\n<h4 class=\"wp-block-heading\"><strong>Elite<\/strong><\/h4>\n\n\n\n<p>Das Elite-Rennen wird auf zwei verschiedenen Strecken ausgetragen, wobei auf jeder Strecke ein Lauf stattfindet. Der Gewinner ist der Fahrer mit der k\u00fcrzesten Gesamtzeit aus den beiden L\u00e4ufen.<\/p>\n\n\n\n<p><strong>Elite 1:<\/strong><\/p>\n\n\n\n<p>The &#8220;Psykopat&#8221; trail initilly planned is not rideable due to damage during winter. We are looking into options for final 1.<\/p>\n\n\n\n<p>Strecken- und H\u00f6henprofile finden Sie <a href=\"https:\/\/www.plotaroute.com\/route\/1980394\" target=\"_blank\" rel=\"noreferrer noopener\">HIER<\/a>.<\/p>\n\n\n[sgpx gpx=\/wp-content\/uploads\/gpx\/DH_Final1.gpx ]\n\n\n\n<p><strong>Elite 2:<\/strong><\/p>\n\n\n\n<p>Die Strecke beginnt an der Bergstation des Sessellifts \"Bouquetins\". Mit ihrem durchschnittlichen Schwierigkeitsgrad M2\/M3 f\u00fchlt sie sich ein wenig wie die Qualifikationsstrecke an. Die Strecke wurde mit schwarzen Markierungen versehen, da es einen Abschnitt mit gro\u00dfen Wurzeln gibt, gefolgt von einem sehr steilen Gel\u00e4ndeabschnitt (M4). Insgesamt hat man den Eindruck, dass es sich um eine kurze und schnelle Strecke mit wenigen technischen Problemen der Stufe M4 handelt.<\/p>\n\n\n\n<p>Muni Downhill Scale*:<\/p>\n\n\n\n<ul class=\"wp-block-list\"><li>Streckenl\u00e4nge: 0.97 km<\/li><li>H\u00f6henunterschied: 216 m<\/li><li>Durchschnittlicher Schwierigkeitsgrad: M2\/M3<\/li><li>Maximaler Schwierigkeitsgrad: M2\/M3<\/li><\/ul>\n\n\n\n<p>Strecken- und H\u00f6henprofile finden Sie <a href=\"https:\/\/www.plotaroute.com\/route\/997893\" target=\"_blank\" rel=\"noreferrer noopener\" aria-label=\" (opens in a new tab)\">HIER<\/a>.<\/p>\n\n\n[sgpx gpx=\/wp-content\/uploads\/gpx\/DH_Final2.gpx ]\n\n\n\n<p>*Als Referenz, die Muni Downhill Scale: <a href=\"https:\/\/unicycling.org\/files\/iuf-muni-difficulty-scale.pdf\">https:\/\/unicycling.org\/files\/iuf-muni-difficulty-scale.pdf<\/a><\/p>","protected":false},"excerpt":{"rendered":"<p>Muni Downhill will be held in Les 7 Laux Bikepark. The primary meeting location is in Prapoutel, which has parking and can also be accessed by public transportation. Bussing options are also being explored. Beginner The trail starts at the top of the \u201cBouquetins\u201d chairlift and features a flowy compact [&hellip;]<\/p>","protected":false},"author":1,"featured_media":0,"parent":0,"menu_order":0,"comment_status":"closed","ping_status":"closed","template":"","meta":{"footnotes":""},"class_list":["post-2163","page","type-page","status-publish","hentry"],"featured_image_urls_v2":{"full":"","thumbnail":"","medium":"","medium_large":"","large":"","1536x1536":"","2048x2048":"","trp-custom-language-flag":"","hestia-blog":""},"post_excerpt_stackable_v2":"<p>Muni Downhill will be held in Les 7 Laux Bikepark. The primary meeting location is in Prapoutel, which has parking and can also be accessed by public transportation. Bussing options are also being explored. Beginner The trail starts at the top of the \u201cBouquetins\u201d chairlift and features a flowy compact singletrack with sections of small loose stones or flat roots. the beginner trail is set to be 1.5 km long with a total Elevation loss of 221 m. Muni Downhill Scale*: Average difficulty: M1Maximum difficulty: M2 Explore course and elevation profiles HERE. [sgpx gpx=\/wp-content\/uploads\/gpx\/DH_Beginner.gpx ] Advanced\/Elite Qualifications: Riders will access&hellip;<\/p>\n","category_list_v2":"","author_info_v2":{"name":"Maxence","url":"https:\/\/unicon20.fr\/de\/author\/abrikot\/"},"comments_num_v2":"0 comments","_links":{"self":[{"href":"https:\/\/unicon20.fr\/de\/wp-json\/wp\/v2\/pages\/2163","targetHints":{"allow":["GET"]}}],"collection":[{"href":"https:\/\/unicon20.fr\/de\/wp-json\/wp\/v2\/pages"}],"about":[{"href":"https:\/\/unicon20.fr\/de\/wp-json\/wp\/v2\/types\/page"}],"author":[{"embeddable":true,"href":"https:\/\/unicon20.fr\/de\/wp-json\/wp\/v2\/users\/1"}],"replies":[{"embeddable":true,"href":"https:\/\/unicon20.fr\/de\/wp-json\/wp\/v2\/comments?post=2163"}],"version-history":[{"count":12,"href":"https:\/\/unicon20.fr\/de\/wp-json\/wp\/v2\/pages\/2163\/revisions"}],"predecessor-version":[{"id":3247,"href":"https:\/\/unicon20.fr\/de\/wp-json\/wp\/v2\/pages\/2163\/revisions\/3247"}],"wp:attachment":[{"href":"https:\/\/unicon20.fr\/de\/wp-json\/wp\/v2\/media?parent=2163"}],"curies":[{"name":"wp","href":"https:\/\/api.w.org\/{rel}","templated":true}]}}