{"id":2189,"date":"2020-02-12T12:41:04","date_gmt":"2020-02-12T11:41:04","guid":{"rendered":"https:\/\/www.unicon20.fr\/?page_id=2189"},"modified":"2022-05-17T10:25:49","modified_gmt":"2022-05-17T08:25:49","slug":"trials","status":"publish","type":"page","link":"https:\/\/unicon20.fr\/de\/trials\/","title":{"rendered":"Trials"},"content":{"rendered":"<p>Trial ist eine Disziplin, bei der die Fahrer einen Parcours mit mehreren Hindernissen bew\u00e4ltigen m\u00fcssen. Die Fahrer m\u00fcssen an d\u00fcnnen Hindernissen entlang fahren, \u00fcber Hindernisse springen, Abgr\u00fcnde \u00fcberwinden und pr\u00e4zise Spr\u00fcnge ausf\u00fchren. Der Gewinner ist derjenige, der die meisten Sektionen in der vorgegebenen Zeit absolviert.&nbsp;<br>Speed Trials ist wie Trial, nur dass die Fahrer in Paaren \u00e4hnliche Zonen \u00fcberwinden m\u00fcssen und der Wettbewerb in Form eines Rennens stattfindet. Der Gewinner ist derjenige, der als Erster die Linie \u00fcberquert.&nbsp; <\/p>\n\n\n\n<p><strong>Informationen f\u00fcr erstmalige Unicon-Teilnehmer!<\/strong><\/p>\n\n\n\n<ul class=\"wp-block-list\"><li>Alle Niveaus sind willkommen<\/li><li>Die Hindernisse sind f\u00fcr Anf\u00e4nger bis zur Elite eingestuft!<\/li><li>Mehr Punkte durch schwierigere Lines<\/li><li>Trials braucht viele Freiwillige f\u00fcr die Organisation, bitte helfen Sie uns und haben Sie Spa\u00df dabei!<\/li><li>Kommen Sie zum Finale und erleben Sie ein tolles Spektakel!<br><\/li><\/ul>\n\n\n\n<p><strong>Safety rules  <\/strong><\/p>\n\n\n\n<ul class=\"wp-block-list\"><li>Helmet <\/li><li>Shin guards, knee pads and gloves are recommended<\/li><li>Nur Teilnehmer und freiwillige Helfer d\u00fcrfen sich auf dem Gel\u00e4nde aufhalten.<\/li><\/ul>\n\n\n\n<p><strong>Infos zum Veranstaltungsort<\/strong><\/p>\n\n\n\n<p>Die Trial-Wettk\u00e4mpfe finden in der Halle Cl\u00e9menceau statt, die bis zu 2000 Zuschauer aufnehmen kann. Der Haupteingang befindet sich auf der s\u00fcd\u00f6stlichen Seite der Halle, also auf der anderen Seite des Anneau de Vitesse. Das Speed Trial findet im Freien auf dem Anneau de Vitesse statt. Es wird eine Sicherheitskontrolle der ankommenden und abfahrenden  Personen geben.<\/p>","protected":false},"excerpt":{"rendered":"<p>Trials is a discipline in which riders must overcome courses composed of multiple sections of obstacles. Riders must ride along skinny obstacles, jump up obstacles; off drops, across gaps and land precision jumps. The winner is the one who completes the most sections in the allotted time.&nbsp;Speed trials is like [&hellip;]<\/p>","protected":false},"author":1,"featured_media":0,"parent":0,"menu_order":0,"comment_status":"closed","ping_status":"closed","template":"","meta":{"footnotes":""},"class_list":["post-2189","page","type-page","status-publish","hentry"],"featured_image_urls_v2":{"full":"","thumbnail":"","medium":"","medium_large":"","large":"","1536x1536":"","2048x2048":"","trp-custom-language-flag":"","hestia-blog":""},"post_excerpt_stackable_v2":"<p>Trials is a discipline in which riders must overcome courses composed of multiple sections of obstacles. Riders must ride along skinny obstacles, jump up obstacles; off drops, across gaps and land precision jumps. The winner is the one who completes the most sections in the allotted time.&nbsp;Speed trials is like trials, except that riders are paired to overcome similar zones and the competition is in a tournament form. The winner is the first to cross the line.&nbsp; Information for a First time Unicon Competitor! All levels and abilities are welcome to joinObstacles are graded for beginners to elite!Complete harder lines&hellip;<\/p>\n","category_list_v2":"","author_info_v2":{"name":"Maxence","url":"https:\/\/unicon20.fr\/de\/author\/abrikot\/"},"comments_num_v2":"0 comments","_links":{"self":[{"href":"https:\/\/unicon20.fr\/de\/wp-json\/wp\/v2\/pages\/2189","targetHints":{"allow":["GET"]}}],"collection":[{"href":"https:\/\/unicon20.fr\/de\/wp-json\/wp\/v2\/pages"}],"about":[{"href":"https:\/\/unicon20.fr\/de\/wp-json\/wp\/v2\/types\/page"}],"author":[{"embeddable":true,"href":"https:\/\/unicon20.fr\/de\/wp-json\/wp\/v2\/users\/1"}],"replies":[{"embeddable":true,"href":"https:\/\/unicon20.fr\/de\/wp-json\/wp\/v2\/comments?post=2189"}],"version-history":[{"count":2,"href":"https:\/\/unicon20.fr\/de\/wp-json\/wp\/v2\/pages\/2189\/revisions"}],"predecessor-version":[{"id":2887,"href":"https:\/\/unicon20.fr\/de\/wp-json\/wp\/v2\/pages\/2189\/revisions\/2887"}],"wp:attachment":[{"href":"https:\/\/unicon20.fr\/de\/wp-json\/wp\/v2\/media?parent=2189"}],"curies":[{"name":"wp","href":"https:\/\/api.w.org\/{rel}","templated":true}]}}