{"id":2235,"date":"2020-03-06T14:33:39","date_gmt":"2020-03-06T13:33:39","guid":{"rendered":"https:\/\/www.unicon20.fr\/?page_id=2235"},"modified":"2022-06-13T08:36:26","modified_gmt":"2022-06-13T06:36:26","slug":"mountain-climbing-road-race","status":"publish","type":"page","link":"https:\/\/unicon20.fr\/de\/mountain-climbing-road-race\/","title":{"rendered":"Mountain climbing road race"},"content":{"rendered":"<p>This year, the hill climb will be the specific race of the Unicon 20, just like the 100km in South Korea (Unicon 19). It will take place on Saturday, August 6.<\/p>\n\n\n\n<p><strong>Kategorien<\/strong><br>Es sind zwei Kategorien, die 29 class und die unlimited class. Einradfahrer in der Kategorie 29 class m\u00fcssen ein Rad mit einem Durchmesser zwischen 619 und 778 mm fahren, ohne Schaltungsm\u00f6glichkeit. Keine besonderen Vorschriften, was die L\u00e4nge der Pedalkurbel betrifft.Fahrer in der \"unlimited class\" haben keine Einschr\u00e4nkungen, weder bei dem Durchmesser des Rades, noch  bei der Kurbelpedall\u00e4nge, oder was eine m\u00a8gliche Schaltung betrifft.Mehr Details finden Sie in IUF Rulebook 2019, section 3B.2.  <br> Expert, age-group and ungeared placings are defined and awarded as per the IUF rulebook. <\/p>\n\n\n\n<p><strong>Das Rennen<\/strong><br>The 15 km long hill race has no downhill and over 1000 meters of positive elevation gain. Expect a tough race on a mountain road !<\/p>\n\n\n\n<p><strong>Fakten \u00fcber das Renenn<\/strong><br><a href=\"\/wp-content\/uploads\/gpx\/climbing-road-race.gpx\" data-type=\"URL\" data-id=\"\/wp-content\/uploads\/gpx\/climbing-road-race.gpx\">Download the .gpx file.<\/a><\/p>\n\n\n\n[sgpx gpx=\/wp-content\/uploads\/gpx\/climbing-road-race.gpx ]","protected":false},"excerpt":{"rendered":"<p>This year, the hill climb will be the specific race of the Unicon 20, just like the 100km in South Korea (Unicon 19). It will take place on Saturday, August 6. Race categoriesThere are two unicycle categories, the 29 Class and the Unlimited Class. Riders in the 29 Class must [&hellip;]<\/p>","protected":false},"author":2,"featured_media":0,"parent":0,"menu_order":0,"comment_status":"closed","ping_status":"closed","template":"","meta":{"footnotes":""},"class_list":["post-2235","page","type-page","status-publish","hentry"],"featured_image_urls_v2":{"full":"","thumbnail":"","medium":"","medium_large":"","large":"","1536x1536":"","2048x2048":"","trp-custom-language-flag":"","hestia-blog":""},"post_excerpt_stackable_v2":"<p>This year, the hill climb will be the specific race of the Unicon 20, just like the 100km in South Korea (Unicon 19). It will take place on Saturday, August 6. Race categoriesThere are two unicycle categories, the 29 Class and the Unlimited Class. Riders in the 29 Class must have a wheel diameter between 619-778mm with regular transmission, but there is no limit on crank length. Riders in the Unlimited Class have no limit on wheel diameter, crank length or transmission. The specifications for each class are listed in the IUF Rulebook 2019, section 3B.2. Expert, age-group and ungeared&hellip;<\/p>\n","category_list_v2":"","author_info_v2":{"name":"Fran\u00e7ois","url":"https:\/\/unicon20.fr\/de\/author\/gingo\/"},"comments_num_v2":"0 comments","_links":{"self":[{"href":"https:\/\/unicon20.fr\/de\/wp-json\/wp\/v2\/pages\/2235","targetHints":{"allow":["GET"]}}],"collection":[{"href":"https:\/\/unicon20.fr\/de\/wp-json\/wp\/v2\/pages"}],"about":[{"href":"https:\/\/unicon20.fr\/de\/wp-json\/wp\/v2\/types\/page"}],"author":[{"embeddable":true,"href":"https:\/\/unicon20.fr\/de\/wp-json\/wp\/v2\/users\/2"}],"replies":[{"embeddable":true,"href":"https:\/\/unicon20.fr\/de\/wp-json\/wp\/v2\/comments?post=2235"}],"version-history":[{"count":12,"href":"https:\/\/unicon20.fr\/de\/wp-json\/wp\/v2\/pages\/2235\/revisions"}],"predecessor-version":[{"id":2989,"href":"https:\/\/unicon20.fr\/de\/wp-json\/wp\/v2\/pages\/2235\/revisions\/2989"}],"wp:attachment":[{"href":"https:\/\/unicon20.fr\/de\/wp-json\/wp\/v2\/media?parent=2235"}],"curies":[{"name":"wp","href":"https:\/\/api.w.org\/{rel}","templated":true}]}}