{"id":2239,"date":"2020-03-06T15:29:58","date_gmt":"2020-03-06T14:29:58","guid":{"rendered":"https:\/\/www.unicon20.fr\/?page_id=2239"},"modified":"2020-03-06T22:59:19","modified_gmt":"2020-03-06T21:59:19","slug":"university-dorm-rooms","status":"publish","type":"page","link":"https:\/\/unicon20.fr\/de\/university-dorm-rooms\/","title":{"rendered":"University dorm rooms"},"content":{"rendered":"<p>Einzelzimmer in Studentenheimen k\u00f6nnen Sie hier reservieren. <a href=\"http:\/\/unicon2020.reg.unicycling-software.com\/\">the registration software<\/a>.<\/p>\n\n\n\n<p><strong>Beschreibung der Zimmer<\/strong><br>Das Zimmer verf\u00fcgt \u00fcber ein kleines Bett, ist 12 Quadratmeter gross, Toilette und Dusche sind da. Ein Stuhl, ein Schreibtisch, W-lan ist da.<br>Etagenk\u00fcche, Waschk\u00fcche, ein paar Zimmer f\u00fcr die unterhaltung (mit Musik, Fernseher, Leseecke...)<br><strong>Wohlbemerkt<\/strong>Dies ist kein Hotel, das Zimmer wird w\u00e4hrend ihres Aufenthaltes nicht von irgendeiner Diesntperson geputzt...<br><a href=\"http:\/\/appli.crous-grenoble.fr\/fichiers\/360\/ouest\/tour.html\">Sie k\u00f6nnen sich das hier konkret ansehen<\/a>.<\/p>\n\n\n\n<p><strong>Die genaue Adresse lautet :<\/strong><br>107 Rue des Taill\u00e9es, 38400 Saint-Martin-d\u2019H\u00e8res<br><br>Strassenbahnhaltestellen , Linien B und D \"Les Taill\u00e9es, und Linie C \"Berlioz\". <br><strong>Zum Unicondorf<\/strong><br>Mit dem Einrad : 10 Minuten<br>Mit der Strassenbahn 10 Minuten + zwei Minuten mit dem Einrad.<br>Zu Fuss : 22 Minuten<\/p>\n\n\n\n<p><strong>Preise und Bedingungen :<\/strong><br>Preis : 198 Euros f\u00fcr den ganzen Aufenthalt (15 N\u00e4chte, 13,20 Euro per Nacht). <strong>198 euros<\/strong> for the whole stay (15 nights, 13.2 euros\/night)<br>The room can be rented only from the 19th of july to the 3rd of august. No more, no less. However, if you plan to arrive later or leave earlier, it is possible. But there will be no price adjustment.<br><strong>Reservierungen sp\u00e4testens am 31. Mai.<\/strong><br><br>Das Angebot gilt nur f\u00fcr \u00a8Personen <strong>die sp\u00e4testens am 19. Juli 16 Jahre alt geworden sind.<\/strong> the 19th of july 2020.<br>Es stehen 100 Zimmer zur Verf\u00fcgung.<\/p>","protected":false},"excerpt":{"rendered":"<p>We are offering University dorm rooms, which can you book using the registration software. Room descriptionRoom with a single bed, 12 square meters, toilet and shower. One chair, a desk, a closet, free wifi.There is also one kitchen per floor, a laundry room, some fun rooms (music, work out, TV, [&hellip;]<\/p>","protected":false},"author":2,"featured_media":0,"parent":0,"menu_order":0,"comment_status":"closed","ping_status":"closed","template":"","meta":{"footnotes":""},"class_list":["post-2239","page","type-page","status-publish","hentry"],"featured_image_urls_v2":{"full":"","thumbnail":"","medium":"","medium_large":"","large":"","1536x1536":"","2048x2048":"","trp-custom-language-flag":"","hestia-blog":""},"post_excerpt_stackable_v2":"<p>We are offering University dorm rooms, which can you book using the registration software. Room descriptionRoom with a single bed, 12 square meters, toilet and shower. One chair, a desk, a closet, free wifi.There is also one kitchen per floor, a laundry room, some fun rooms (music, work out, TV, meeting, reading).NOTE: this is not a hotel, there will not be any room service or room cleaning during your stay.Have a look for yourself with this 360\u00b0 virtual visit. Location107 Rue des Taill\u00e9es, 38400 Saint-Martin-d&#8217;H\u00e8resClose to lines B and D of Grenoble&#8217;s Tram stop &#8220;Les Taill\u00e9s&#8221;, C line&#8217;s stop &#8220;Berlioz&#8221;.&hellip;<\/p>\n","category_list_v2":"","author_info_v2":{"name":"Fran\u00e7ois","url":"https:\/\/unicon20.fr\/de\/author\/gingo\/"},"comments_num_v2":"0 comments","_links":{"self":[{"href":"https:\/\/unicon20.fr\/de\/wp-json\/wp\/v2\/pages\/2239","targetHints":{"allow":["GET"]}}],"collection":[{"href":"https:\/\/unicon20.fr\/de\/wp-json\/wp\/v2\/pages"}],"about":[{"href":"https:\/\/unicon20.fr\/de\/wp-json\/wp\/v2\/types\/page"}],"author":[{"embeddable":true,"href":"https:\/\/unicon20.fr\/de\/wp-json\/wp\/v2\/users\/2"}],"replies":[{"embeddable":true,"href":"https:\/\/unicon20.fr\/de\/wp-json\/wp\/v2\/comments?post=2239"}],"version-history":[{"count":6,"href":"https:\/\/unicon20.fr\/de\/wp-json\/wp\/v2\/pages\/2239\/revisions"}],"predecessor-version":[{"id":2249,"href":"https:\/\/unicon20.fr\/de\/wp-json\/wp\/v2\/pages\/2239\/revisions\/2249"}],"wp:attachment":[{"href":"https:\/\/unicon20.fr\/de\/wp-json\/wp\/v2\/media?parent=2239"}],"curies":[{"name":"wp","href":"https:\/\/api.w.org\/{rel}","templated":true}]}}