{"id":249,"date":"2019-03-12T15:14:48","date_gmt":"2019-03-12T14:14:48","guid":{"rendered":"https:\/\/www.unicon20.fr\/?page_id=249"},"modified":"2022-05-31T22:15:36","modified_gmt":"2022-05-31T20:15:36","slug":"freestyle","status":"publish","type":"page","link":"https:\/\/unicon20.fr\/de\/competitions\/disciplines\/freestyle\/","title":{"rendered":"Freestyle"},"content":{"rendered":"<figure class=\"wp-block-image\"><img loading=\"lazy\" decoding=\"async\" width=\"3918\" height=\"2204\" src=\"https:\/\/unicon20.fr\/wp-content\/uploads\/2019\/05\/IMG_8115.jpg\" alt=\"\" class=\"wp-image-1346\" srcset=\"https:\/\/unicon20.fr\/wp-content\/uploads\/2019\/05\/IMG_8115.jpg 3918w, https:\/\/unicon20.fr\/wp-content\/uploads\/2019\/05\/IMG_8115-300x169.jpg 300w, https:\/\/unicon20.fr\/wp-content\/uploads\/2019\/05\/IMG_8115-768x432.jpg 768w, https:\/\/unicon20.fr\/wp-content\/uploads\/2019\/05\/IMG_8115-1024x576.jpg 1024w\" sizes=\"auto, (max-width: 3918px) 100vw, 3918px\" \/><\/figure>\n\n\n\n<div class=\"wp-block-media-text has-media-on-the-right is-stacked-on-mobile\" style=\"grid-template-columns:auto 32%\"><figure class=\"wp-block-media-text__media\"><img loading=\"lazy\" decoding=\"async\" width=\"683\" height=\"1024\" src=\"https:\/\/unicon20.fr\/wp-content\/uploads\/2019\/05\/IMG_8139-683x1024.jpg\" alt=\"\" class=\"wp-image-1373 size-full\" srcset=\"https:\/\/unicon20.fr\/wp-content\/uploads\/2019\/05\/IMG_8139-683x1024.jpg 683w, https:\/\/unicon20.fr\/wp-content\/uploads\/2019\/05\/IMG_8139-200x300.jpg 200w, https:\/\/unicon20.fr\/wp-content\/uploads\/2019\/05\/IMG_8139-768x1152.jpg 768w, https:\/\/unicon20.fr\/wp-content\/uploads\/2019\/05\/IMG_8139.jpg 1280w\" sizes=\"auto, (max-width: 683px) 100vw, 683px\" \/><\/figure><div class=\"wp-block-media-text__content\">\n<p>Es gibt vier Freestyle-Wettk\u00e4mpfe: <\/p>\n\n\n\n<ul class=\"wp-block-list\"><li> Einzelk\u00fcren<\/li><li>Paark\u00fcren<\/li><li>Gruppenk\u00fcren<\/li><li>X-Style <\/li><\/ul>\n\n\n\n<p><\/p>\n<\/div><\/div>\n\n\n\n<p> Bei dem k\u00fcnstlerischen Freestyle zeigen sich die Fahrer mit Anz\u00fcgen, Requisiten und jeder Art Einrad. Nicht allein die Kompetenzen werden bewertet, sondern auch die Qualit\u00e4t der Unterhaltung und der Show. Es existieren sowohl Einzelk\u00fcren, Paark\u00fcren, Gruppenk\u00fcren Events. Kleine Gruppen z\u00e4hlen zwischen 3 und 8 Wettk\u00e4mpfern und grosse Gruppen z\u00e4hlen 9 K\u00fcnstler und mehr.<\/p>\n\n\n\n<p>X-Style gibt den Wettk\u00e4mpfern die Gelegenheit,das technisch schwierigste, das sie beherrschen, zu zeigen. Die Wettk\u00e4mpfer k\u00f6nnen dabei ihr sch\u00f6pferisches Talent sowie ihr Geschick demonstrieren. Sie werden nur \u00fcber die Kompetenzen, die sie beherrschen, bewertet. Die Show und die St\u00fcrze z\u00e4hlen nicht wie bei anderen Freestyledisziplinen.<\/p>\n\n\n\n<p>Merken Sie sich : jedes Land verf\u00fcgt \u00fcber eine begrenzte Anzahl von Anmeldungen, sowohl f\u00fcr Einzelk\u00fcren als auch f\u00fcr Paark\u00fcren. Jedes Land kann nur 30 Paare f\u00fcr alle Alterskategorien, beim Einzel f\u00fcr M\u00e4nner auch dreissig, beim Einzel f\u00fcr Frauen auch dreissig. Fragen Sie Ihren Verband, wenn Sie nicht sicher sind, ob Sie sich anmelden d\u00fcrfen.<br><strong>Deadline to register for freestyle events is 6-June-2022.<\/strong><\/p>\n\n\n\n<p>Freestyle events finden in der \"halle Cl\u00e9menceau\" statt. <a rel=\"noreferrer noopener\" aria-label=\" (opens in a new tab)\" href=\"https:\/\/unicon20.fr\/wp-content\/plugins\/leaflet-maps-marker\/leaflet-fullscreen.php?marker=7\" target=\"_blank\">Cl\u00e9menceau Halle<\/a>Diese Halle ist recht gross und kann geteilt werden, damit einige trainieren k\u00f6nnen, w\u00e4hrend andere an Wettk\u00e4mpfen teilnehmen. Die ganze Halle wird ben\u00f6tigt f\u00fcr die Jr.expert, Expert und group Wettk\u00e4mpfen, da ist kein Platz f\u00fcr andere Fahrer in diesen Perioden. Das Bodenmaterial besteht aus Taraflex, einer Gummifl\u00e4che mit einer kleinen Menge Flex.<\/p>\n\n\n\n<p>Zum trainieren ist die <a rel=\"noreferrer noopener\" aria-label=\" (opens in a new tab)\" href=\"https:\/\/unicon20.fr\/wp-content\/plugins\/leaflet-maps-marker\/leaflet-fullscreen.php?marker=25\" target=\"_blank\">Halle \"Gymnase L\u00e9on Jouhaux\"<\/a>,  about 1.5km from <a rel=\"noreferrer noopener\" aria-label=\" (opens in a new tab)\" href=\"https:\/\/unicon20.fr\/wp-content\/plugins\/leaflet-maps-marker\/leaflet-fullscreen.php?marker=7\" target=\"_blank\">Cl\u00e9menceau Halle<\/a>Wir k\u00f6nnen im Moment noch nicht sagen, wann genau wir \u00fcber diese Halle verf\u00fcgen werden.<\/p>\n\n\n\n<figure class=\"wp-block-image alignwide\"><img loading=\"lazy\" decoding=\"async\" width=\"1024\" height=\"364\" src=\"https:\/\/unicon20.fr\/wp-content\/uploads\/2019\/11\/Halle-Cl\u00e9menceau-1024x364.jpg\" alt=\"\" class=\"wp-image-1856\" srcset=\"https:\/\/unicon20.fr\/wp-content\/uploads\/2019\/11\/Halle-Cl\u00e9menceau-1024x364.jpg 1024w, https:\/\/unicon20.fr\/wp-content\/uploads\/2019\/11\/Halle-Cl\u00e9menceau-300x107.jpg 300w, https:\/\/unicon20.fr\/wp-content\/uploads\/2019\/11\/Halle-Cl\u00e9menceau-768x273.jpg 768w\" sizes=\"auto, (max-width: 1024px) 100vw, 1024px\" \/><figcaption>Cl\u00e9menceau Halle<\/figcaption><\/figure>","protected":false},"excerpt":{"rendered":"<p>Freestyle gathers four different competitions: Individual freestyle Pair freestyle Group freestyle X-Style In Artistic Freestyle, riders perform to music, with costumes, props and any kinds of unicycles. Riders are judged not only on skill, but also on how well they entertain and put on a show. There are Individual, Pair, [&hellip;]<\/p>","protected":false},"author":1,"featured_media":0,"parent":38,"menu_order":0,"comment_status":"closed","ping_status":"closed","template":"","meta":{"footnotes":""},"class_list":["post-249","page","type-page","status-publish","hentry"],"featured_image_urls_v2":{"full":"","thumbnail":"","medium":"","medium_large":"","large":"","1536x1536":"","2048x2048":"","trp-custom-language-flag":"","hestia-blog":""},"post_excerpt_stackable_v2":"<p>Freestyle gathers four different competitions: Individual freestylePair freestyleGroup freestyleX-Style In Artistic Freestyle, riders perform to music, with costumes, props and any kinds of unicycles. Riders are judged not only on skill, but also on how well they entertain and put on a show. There are Individual, Pair, and Group Freestyle events. Small Group Freestyle has 3-8 riders and Large Group Freestyle has 9 or more riders. X-Style is an event for riders to show off their most difficult skills. Riders can show their own style with creativity and ingenuity. The competitors are judged solely on the skills that they complete.&hellip;<\/p>\n","category_list_v2":"","author_info_v2":{"name":"Maxence","url":"https:\/\/unicon20.fr\/de\/author\/abrikot\/"},"comments_num_v2":"0 comments","_links":{"self":[{"href":"https:\/\/unicon20.fr\/de\/wp-json\/wp\/v2\/pages\/249","targetHints":{"allow":["GET"]}}],"collection":[{"href":"https:\/\/unicon20.fr\/de\/wp-json\/wp\/v2\/pages"}],"about":[{"href":"https:\/\/unicon20.fr\/de\/wp-json\/wp\/v2\/types\/page"}],"author":[{"embeddable":true,"href":"https:\/\/unicon20.fr\/de\/wp-json\/wp\/v2\/users\/1"}],"replies":[{"embeddable":true,"href":"https:\/\/unicon20.fr\/de\/wp-json\/wp\/v2\/comments?post=249"}],"version-history":[{"count":17,"href":"https:\/\/unicon20.fr\/de\/wp-json\/wp\/v2\/pages\/249\/revisions"}],"predecessor-version":[{"id":2943,"href":"https:\/\/unicon20.fr\/de\/wp-json\/wp\/v2\/pages\/249\/revisions\/2943"}],"up":[{"embeddable":true,"href":"https:\/\/unicon20.fr\/de\/wp-json\/wp\/v2\/pages\/38"}],"wp:attachment":[{"href":"https:\/\/unicon20.fr\/de\/wp-json\/wp\/v2\/media?parent=249"}],"curies":[{"name":"wp","href":"https:\/\/api.w.org\/{rel}","templated":true}]}}