{"id":258,"date":"2019-03-12T15:19:20","date_gmt":"2019-03-12T14:19:20","guid":{"rendered":"https:\/\/www.unicon20.fr\/?page_id=258"},"modified":"2022-05-17T10:15:26","modified_gmt":"2022-05-17T08:15:26","slug":"track-races","status":"publish","type":"page","link":"https:\/\/unicon20.fr\/de\/competitions\/disciplines\/track-races\/","title":{"rendered":"Bahnrennen"},"content":{"rendered":"<figure class=\"wp-block-image\"><img loading=\"lazy\" decoding=\"async\" width=\"1024\" height=\"683\" src=\"https:\/\/unicon20.fr\/wp-content\/uploads\/2019\/05\/IMG_8159-1024x683.jpg\" alt=\"\" class=\"wp-image-1345\" srcset=\"https:\/\/unicon20.fr\/wp-content\/uploads\/2019\/05\/IMG_8159-1024x683.jpg 1024w, https:\/\/unicon20.fr\/wp-content\/uploads\/2019\/05\/IMG_8159-300x200.jpg 300w, https:\/\/unicon20.fr\/wp-content\/uploads\/2019\/05\/IMG_8159-768x512.jpg 768w, https:\/\/unicon20.fr\/wp-content\/uploads\/2019\/05\/IMG_8159-360x240.jpg 360w, https:\/\/unicon20.fr\/wp-content\/uploads\/2019\/05\/IMG_8159.jpg 1920w\" sizes=\"auto, (max-width: 1024px) 100vw, 1024px\" \/><\/figure>\n\n\n\n<p>Bahnrennen sind ein gro\u00dfer Teil der Unicon! Einige sind traditionell:<\/p>\n\n\n\n<ul class=\"wp-block-list\"><li>100m<\/li><li>400m<\/li><li>800m<\/li><li>4\u00d7100-m-Staffel <\/li><\/ul>\n\n\n\n<p>Andere sind Einrad-spezifisch :<\/p>\n\n\n\n<div class=\"wp-block-media-text is-stacked-on-mobile\"><figure class=\"wp-block-media-text__media\"><img loading=\"lazy\" decoding=\"async\" width=\"1024\" height=\"683\" src=\"https:\/\/unicon20.fr\/wp-content\/uploads\/2019\/05\/IMG_7973-1024x683.jpg\" alt=\"IUF slalom\" class=\"wp-image-1400 size-full\" srcset=\"https:\/\/unicon20.fr\/wp-content\/uploads\/2019\/05\/IMG_7973-1024x683.jpg 1024w, https:\/\/unicon20.fr\/wp-content\/uploads\/2019\/05\/IMG_7973-300x200.jpg 300w, https:\/\/unicon20.fr\/wp-content\/uploads\/2019\/05\/IMG_7973-768x512.jpg 768w, https:\/\/unicon20.fr\/wp-content\/uploads\/2019\/05\/IMG_7973-360x240.jpg 360w, https:\/\/unicon20.fr\/wp-content\/uploads\/2019\/05\/IMG_7973.jpg 1920w\" sizes=\"auto, (max-width: 1024px) 100vw, 1024px\" \/><\/figure><div class=\"wp-block-media-text__content\">\n<ul class=\"wp-block-list\"><li> 30m Radlauf<\/li><li>50m Einbein<\/li><li>IUF-Slalom<\/li><li>Langsam fahren (vorw\u00e4rts und r\u00fcckw\u00e4rts)<\/li><li>Track coasting<\/li><li>Stillstand <\/li><\/ul>\n\n\n\n<p><\/p>\n<\/div><\/div>\n\n\n\n<p>Beim 30m Einbein bewegen Einradfahrer sich fort, indem sie auf dem Reifen laufen. Gewinner ist der, der als erster die Ziellinie \u00fcberquert.<br>Beim 50m Einbein benutzen Einradfahrer nur ein Bein, um sich fortzubewegen. Gewinner ist der, der als erster die Ziellinie \u00fcberquert.<br>Beim IUF-Slalom folgen die Einradfahrer einer festgelegten Slalom-Strecke. Der schnellste gewinnt.<br>Bei den langsam-Rennen m\u00fcssen Einradfahrer so langsam wie m\u00f6glich \u00fcber ein 10m x 30cm  (0-10 vorw\u00e4rts, 11+ r\u00fcckw\u00e4rts), 10m x 15cm (11+ vorw\u00e4rts) oder 10m x 60cm  (0-10 r\u00fcckw\u00e4rts) langes Brett fahren.<br>Beim Track coasting nehmen die Einradfahrer Anlauf, und m\u00fcssen dann auf der Bahn so weit wie m\u00f6glich kommen, ohne weder Reifen, noch Rad, und Pedale ber\u00fchren zu d\u00fcrfen. Gewinner ist der, der so am weitesten kommt.<br>Beim Stillstand m\u00fcssen Einradfahrer auf einem 10x25cm gro\u00dfen Brett balancieren, ohne zu h\u00fcpfen oder das Rad um mehr als 45\u00b0 zu bewegen. Gewinner ist der, der am l\u00e4ngsten auf dem Brett balanciert.<\/p>\n\n\n\n<p style=\"font-size:25px\"><strong>Mandatory protections <\/strong><\/p>\n\n\n\n<ul class=\"wp-block-list\"><li>Closed shoes<\/li><li>Gloves <\/li><li>Knee pads<\/li><\/ul>","protected":false},"excerpt":{"rendered":"<p>Track races are a big part of UNICON! It gatherers a lot of competitions. Some are traditional: 100m 400m 800m 4x100m relay Some are specific to unicycling: 30m wheel walk 50m one foot IUF slalom Slow races (backward &amp; forward) Track coasting Still stand In 30m wheel walk, unicyclists propel [&hellip;]<\/p>","protected":false},"author":1,"featured_media":0,"parent":38,"menu_order":0,"comment_status":"closed","ping_status":"closed","template":"","meta":{"footnotes":""},"class_list":["post-258","page","type-page","status-publish","hentry"],"featured_image_urls_v2":{"full":"","thumbnail":"","medium":"","medium_large":"","large":"","1536x1536":"","2048x2048":"","trp-custom-language-flag":"","hestia-blog":""},"post_excerpt_stackable_v2":"<p>Track races are a big part of UNICON! It gatherers a lot of competitions. Some are traditional: 100m400m800m4x100m relay Some are specific to unicycling: 30m wheel walk50m one footIUF slalomSlow races (backward &amp; forward)Track coastingStill stand In 30m wheel walk, unicyclists propel themselves forwards by walking on their tire. The winner is the one who crosses the finish line first.In 50m one foot, unicyclists pedal with one foot only (one foot riding). The winner is the one who crosses the finish line first.In IUF slalom, unicyclist follows a predetermined course between obstacles. The winner is the one who completes the&hellip;<\/p>\n","category_list_v2":"","author_info_v2":{"name":"Maxence","url":"https:\/\/unicon20.fr\/de\/author\/abrikot\/"},"comments_num_v2":"0 comments","_links":{"self":[{"href":"https:\/\/unicon20.fr\/de\/wp-json\/wp\/v2\/pages\/258","targetHints":{"allow":["GET"]}}],"collection":[{"href":"https:\/\/unicon20.fr\/de\/wp-json\/wp\/v2\/pages"}],"about":[{"href":"https:\/\/unicon20.fr\/de\/wp-json\/wp\/v2\/types\/page"}],"author":[{"embeddable":true,"href":"https:\/\/unicon20.fr\/de\/wp-json\/wp\/v2\/users\/1"}],"replies":[{"embeddable":true,"href":"https:\/\/unicon20.fr\/de\/wp-json\/wp\/v2\/comments?post=258"}],"version-history":[{"count":8,"href":"https:\/\/unicon20.fr\/de\/wp-json\/wp\/v2\/pages\/258\/revisions"}],"predecessor-version":[{"id":2879,"href":"https:\/\/unicon20.fr\/de\/wp-json\/wp\/v2\/pages\/258\/revisions\/2879"}],"up":[{"embeddable":true,"href":"https:\/\/unicon20.fr\/de\/wp-json\/wp\/v2\/pages\/38"}],"wp:attachment":[{"href":"https:\/\/unicon20.fr\/de\/wp-json\/wp\/v2\/media?parent=258"}],"curies":[{"name":"wp","href":"https:\/\/api.w.org\/{rel}","templated":true}]}}