{"id":27,"date":"2019-02-24T14:22:20","date_gmt":"2019-02-24T13:22:20","guid":{"rendered":"https:\/\/www.unicon20.fr\/?page_id=27"},"modified":"2019-11-17T14:57:45","modified_gmt":"2019-11-17T13:57:45","slug":"traveling-to-grenoble","status":"publish","type":"page","link":"https:\/\/unicon20.fr\/de\/practical-informations\/traveling-to-grenoble\/","title":{"rendered":"Nach Grenoble reisen"},"content":{"rendered":"<h2 class=\"wp-block-heading\">Fliegen<\/h2>\n\n\n\n<p>Grenoble hat einen <a href=\"http:\/\/www.grenoble-airport.com\/en\">kleinen europ\u00e4ischen Flughafen<\/a>. Er ist allerdings ziemlich klein, und Ihr werdet wahrscheinlich keine Fl\u00fcge nach dorthin finden. Die gr\u00f6\u00dften und n\u00e4chsten internationalen Flugh\u00e4fen sind <a href=\"https:\/\/www.lyonaeroports.com\/en\/\">der Flughafen Saint-Exup\u00e9ry (Lyon)<\/a> und <a href=\"https:\/\/www.gva.ch\/en\/\">der Flughafen Genf<\/a>. Ihr k\u00f6nnt dann mit dem Zug oder einem Mietwagen weiter nach Grenoble fahren. Von Saint-Exup\u00e9ry betr\u00e4gt die Fahrzeit etwa 1 Stunde, von Genf 2.<br>Es gibt auch Buslinien, <a href=\"https:\/\/www.alps-airport-transfer.co.uk\/en\/shuttles\/\">Grenoble<\/a>, <a href=\"https:\/\/www.lyonaeroports.com\/en\/access-transports\/shuttle-buses\/grenoble\">Lyon<\/a> und <a href=\"https:\/\/www.gva.ch\/en\/Site\/Passagers\/Acces-Transports\/Transports-publics-aeroport\">Genf<\/a> Flugh\u00e4fen zur Innenstadt. Wenn Sie an einem dieser Flugh\u00e4fen landen, k\u00f6nnen Sie sich informieren : einige der Hotels haben Shuttlebusse, die Sie nicht extra zu zahlen brauchen. <br><br> Der einfachste und wohl auch der billigste Weg, um hierher zu kommen geht \u00fcber einen der Pariser Flugh\u00e4fen. Davon gibt es zwei : Roissy Charles De Gaulle einerseits, Orly andrerseits. Von Roissy CDG :<br>Verkehren ein paar Z\u00fcge direkt nach Lyon, von dort k\u00f6nnen Sie dann in einen Zug nach Grenoble umsteigen(siehe bitte n\u00e4chsten Abschnitt).<br>Eine andere M\u00f6glichkeit, einen Zug nach Lyon zu erwischen, ist nach Paris zu fahren, und vom Pariser Bahnhof\"Paris Gare de Lyon\" mit einem Zug nach Grenoble zu fahren. Um zu diesem Bahnhof zu fahren, haben sie dann zwei M\u00f6glichkeiten :<br>a) <a href=\"https:\/\/www.lebusdirect.com\/en\/\">Le Bus Direct<\/a> vielleicht etwas teurer, aber auch wohl einfacher<br>b) \u00d6ffentliche Verkehrsmittel : RER B (Paris by train), vom Flughafen bis zur Station \"Chatelet Les Halles\". Dort umsteigen in die Metrolinie 14 Richtung \"Olympiades\", und in \"Gare de Lyon\" aussteigen. - Vom Flughafen Orly : <a href=\"https:\/\/www.ratp.fr\/en\/\">Public transportation<\/a>RER B (S-Bahn) vom Flughafen zur Station \"Chatelet- Les Halles-<br>\"Le bus direct\". Vielleicht etwas teurer, aber auch einfacher.<br>\u00d6ffentliche transportmittel : Mit dem \"Orlyval\" shuttle service bis Anthony. dort umsteigen in den \"RER B\" (paris by train), bis zur Station \"Chatelet les Halles\".Dort in die Metrolinie Nr.14 richtung \"Olympiades\" und an der Station \"Gare de Lyon\" aussteigen. <\/p>\n\n\n\n<h2 class=\"wp-block-heading\">Mit der Bahn<\/h2>\n\n\n\n<p>Am Grenobler Bahnhof gibt es Anschl\u00fcsse nach ganz Frankreich und Genf. Schaut euch die <a href=\"https:\/\/en.oui.sncf\/en\/\">Internetseite der Franz\u00f6sischen Bahn (SNCF) an<\/a>. Dort k\u00f6nnt Ihr herausfinden, ob Ihr mit dem Zug nach Grenoble kommen k\u00f6nnt.<\/p>\n\n\n\n<h2 class=\"wp-block-heading\">Mit dem Auto<\/h2>\n\n\n\n<p>Mehrere Autobahnen f\u00fchren nach Grenoble. Die A48 von Lyon, une die A41 von Genf. In Frankreich steht \"A\" f\u00fcr \"Autoroute\" (= eine Autobahn, bei der in der Regel Maut bezahlt werden muss), \"N\" steht f\u00fcr \"Nationale\" (= Nationalstra\u00dfe, generell kostenfreie Fernstra\u00dfe) und \"D\" f\u00fcr \"d\u00e9partementale\"(Landesstra\u00dfe). Landesstra\u00dfen k\u00f6nnen sehr kurvenreich sein. Wir empfehlen also eher die Autobahnen und Nationalstra\u00dfen bei der Anreise zu bevorzugen.<\/p>\n\n\n\n<h2 class=\"wp-block-heading\">Mit Einr\u00e4dern durch Frankreich unterwegs sein<\/h2>\n\n\n\n<p> Etwas, was Sie wissen m\u00fcssen, ist wie man in franz\u00f6sischen Z\u00fcgen mit dem Einrad reisen kann. Z\u00fcge sind manchmal \u00fcberf\u00fcllt und es mag schwer sein, mit einem 32er oder einem 36 er Einrad zu reisen. Bevor Sie eine Fahrkarte buchen, sollten Sie kontrollieren, ob Fahrr\u00e4der willkommen sind; es ist in den meisten Regionalz\u00fcgen (TER genannt) und in einigen ICE's (TGV genannt)der Fall. M\u00f6glicherweise m\u00fcssen Sie in den TGV's eine getrennte Fahrkarte f\u00fcr das Einrad buchen. Beim 24er werden Einr\u00e4der als normales Gep\u00e4ck gelten, wenn Sie Pedale und Sattel abmontieren. <\/p>","protected":false},"excerpt":{"rendered":"<p>By plane Grenoble has a European airport. Nevertheless, it is pretty small and you probably won&#8217;t have a flight to get there. The biggest and closest international airports are Saint-Exup\u00e9ry (Lyon) airport and Geneva airport. You could then take a train or rent a car to come to Grenoble. Saint-Exup\u00e9ry [&hellip;]<\/p>","protected":false},"author":1,"featured_media":0,"parent":15,"menu_order":0,"comment_status":"closed","ping_status":"closed","template":"","meta":{"footnotes":""},"class_list":["post-27","page","type-page","status-publish","hentry"],"featured_image_urls_v2":{"full":"","thumbnail":"","medium":"","medium_large":"","large":"","1536x1536":"","2048x2048":"","trp-custom-language-flag":"","hestia-blog":""},"post_excerpt_stackable_v2":"<p>By plane Grenoble has a European airport. Nevertheless, it is pretty small and you probably won&#8217;t have a flight to get there. The biggest and closest international airports are Saint-Exup\u00e9ry (Lyon) airport and Geneva airport. You could then take a train or rent a car to come to Grenoble. Saint-Exup\u00e9ry airport is 1 hour away while Geneva airport is 2 hours away.There are also coach services from Grenoble, Lyon and Geneva airports to Grenoble city centre. If you are traveling from these airports, also check with your hotel. Some of them have shuttles included when you book. The easiest and&hellip;<\/p>\n","category_list_v2":"","author_info_v2":{"name":"Maxence","url":"https:\/\/unicon20.fr\/de\/author\/abrikot\/"},"comments_num_v2":"0 comments","_links":{"self":[{"href":"https:\/\/unicon20.fr\/de\/wp-json\/wp\/v2\/pages\/27","targetHints":{"allow":["GET"]}}],"collection":[{"href":"https:\/\/unicon20.fr\/de\/wp-json\/wp\/v2\/pages"}],"about":[{"href":"https:\/\/unicon20.fr\/de\/wp-json\/wp\/v2\/types\/page"}],"author":[{"embeddable":true,"href":"https:\/\/unicon20.fr\/de\/wp-json\/wp\/v2\/users\/1"}],"replies":[{"embeddable":true,"href":"https:\/\/unicon20.fr\/de\/wp-json\/wp\/v2\/comments?post=27"}],"version-history":[{"count":10,"href":"https:\/\/unicon20.fr\/de\/wp-json\/wp\/v2\/pages\/27\/revisions"}],"predecessor-version":[{"id":1919,"href":"https:\/\/unicon20.fr\/de\/wp-json\/wp\/v2\/pages\/27\/revisions\/1919"}],"up":[{"embeddable":true,"href":"https:\/\/unicon20.fr\/de\/wp-json\/wp\/v2\/pages\/15"}],"wp:attachment":[{"href":"https:\/\/unicon20.fr\/de\/wp-json\/wp\/v2\/media?parent=27"}],"curies":[{"name":"wp","href":"https:\/\/api.w.org\/{rel}","templated":true}]}}