{"id":3182,"date":"2022-07-13T23:00:52","date_gmt":"2022-07-13T21:00:52","guid":{"rendered":"https:\/\/www.unicon20.fr\/?page_id=3182"},"modified":"2022-07-13T23:00:53","modified_gmt":"2022-07-13T21:00:53","slug":"covid-19","status":"publish","type":"page","link":"https:\/\/unicon20.fr\/de\/covid-19\/","title":{"rendered":"Covid 19"},"content":{"rendered":"<div class=\"wp-block-themeisle-blocks-advanced-columns has-1-columns has-desktop-equal-layout has-tablet-equal-layout has-mobile-equal-layout has-default-gap has-vertical-unset\" id=\"wp-block-themeisle-blocks-advanced-columns-e5ed07cd\"><div class=\"wp-block-themeisle-blocks-advanced-columns-overlay\"><\/div><div class=\"innerblocks-wrap\">\n<div class=\"wp-block-themeisle-blocks-advanced-column\" id=\"wp-block-themeisle-blocks-advanced-column-ec7fc171\">\n<p>Frankreich ist gerade jetzt (juli 2022) von einem H\u00f6hepunkt der Covid Ansteckungen getrofffen. Wir empfehlen, in \u00f6ffentlichen Verkehrsmitteln eine Schutzmaske zu tragen.<\/p>\n\n\n\n<p>Wenn Sie Symptome haben, ist es dringend empfohlen, einen Selbsttest zu machen. Den k\u00f6nnen Sie in einer Apotheke erwerben. Im Falle eines positiven Tests, solleten Sie es mit einem Antigen oder PCR Test best\u00e4tigen lassen. Einen Termin f\u00fcr diese Tests k\u00f6nnen Sie bekommen, indem Sie <a href=\"https:\/\/play.google.com\/store\/apps\/details?id=fr.doctolib.www&amp;hl=fr&amp;gl=US\" data-type=\"URL\" data-id=\"https:\/\/play.google.com\/store\/apps\/details?id=fr.doctolib.www&amp;hl=fr&amp;gl=US\">die \"doctolib\" app benutzen.<\/a>.<\/p>\n\n\n\n<p>Falls der PCR-oder Antigentest als positiv  best\u00e4tigt ist, sollen sie den Empfehlungen des franz\u00f6sischen Gesundheitsministeriums folgen :<\/p>\n\n\n\n<p>&#8220;<em>Sind Sie positiv und sind v\u00f6llig geimpft (dies gilt auch f\u00fcr Kinder unter 12 Jahren) : Isolierung dauert 7 (volle) Tage, vom Datum der Erscheinung der ersten Symptome an oder vom Datum des positiven Tests an. Sie k\u00f6nnen jedoch nach f\u00fcnf Tagen auf die Isolierung verzichten, und dies wenn Sie zwei Bedingungen erf\u00fcllen:<br>-Sie machen einen Antigen-oder PCR Test un dieser ist negativ.\n-Sie zeigen kein klinisches Zeichen einer Infektion seit mindestens 48 Stunden.<br>Sie zeigen seit 48 Stunden kein kein klinisches Zeichen einer Infektion mehr.<br><br>Sind Sie positiv und nicht vollst\u00e4ndig geimpft (oder gar nicht geimpft), dauert die Isolierung 10 volle Tage, vom Datum der Erscheinung der Symptome an oder vom Datum des positiven Tests an. Sie k\u00f6nnen jedoch auf die Isolierung verzichten, und dies unter zwei Bedingungen:<br>-Sie machen einen Antigen-oder PCR Test und dieser ist negativ.<br>Sie zeigen seit 48 Stunden kein kein klinisches Zeichen einer Infektion mehr.<\/em>&#8220;<\/p>\n\n\n\n<p>Die Pandemie entwickelt sich rasch und die Regeln, betreffend den Zugang nach Frankreich f\u00fcr Ausl\u00e4nder ebenfalls. Am besten gehen Sie auf die Webseite des franz\u00f6sischen Innenministeriums.<\/p>\n\n\n\n<p>Sie finden dort die besonderen Bedingungen je nachdem von welchem Land Sie kommen, ob Sie geimpft sind, usw.<br>https:\/\/www.interieur.gouv.fr\/Actualites\/L-actu-du-Ministere\/Certificate-of-international-travel <a rel=\"noreferrer noopener\" target=\"_blank\" href=\"https:\/\/www.interieur.gouv.fr\/Actualites\/L-actu-du-Ministere\/Certificate-of-international-travel\">https:\/\/www.interieur.gouv.fr\/Actualites\/L-actu-du-Ministere\/Certificate-of-international-travel<\/a><\/p>\n\n\n\n<p>Sie k\u00f6nnen sich dort nach dem aktuellsten Stand der Dinge informieren. Sie k\u00f6nnen sich dort besser informieren als wir es tun k\u00f6nnten. Heute kosten in Frankreich PCR Tests 43.89 Euro.<br>Heute kosten Antigentests in Frankreich 22 Euro.<br><br><\/p>\n<\/div>\n<\/div><\/div>","protected":false},"excerpt":{"rendered":"","protected":false},"author":2,"featured_media":0,"parent":0,"menu_order":0,"comment_status":"closed","ping_status":"closed","template":"","meta":{"footnotes":""},"class_list":["post-3182","page","type-page","status-publish","hentry"],"featured_image_urls_v2":{"full":"","thumbnail":"","medium":"","medium_large":"","large":"","1536x1536":"","2048x2048":"","trp-custom-language-flag":"","hestia-blog":""},"post_excerpt_stackable_v2":"<p>France is seing a peak of Covid right now (july 2022), be careful. We recommend to wear a protective mask when using public transportation. If you show symptoms, it is strongly recommended to perform an auto-test. They are available in drugstores. In case of a positive test, it should be confirmed with a PCR or antigenic test. To find an appointment for that, you can use the Doctolib app. If the positive test is confirmed by PCR or antigenic, please follow the recommendation of the french health ministry: &#8220;If you are positive and have a complete and up-to-date vaccination schedule&hellip;<\/p>\n","category_list_v2":"","author_info_v2":{"name":"Fran\u00e7ois","url":"https:\/\/unicon20.fr\/de\/author\/gingo\/"},"comments_num_v2":"0 comments","_links":{"self":[{"href":"https:\/\/unicon20.fr\/de\/wp-json\/wp\/v2\/pages\/3182","targetHints":{"allow":["GET"]}}],"collection":[{"href":"https:\/\/unicon20.fr\/de\/wp-json\/wp\/v2\/pages"}],"about":[{"href":"https:\/\/unicon20.fr\/de\/wp-json\/wp\/v2\/types\/page"}],"author":[{"embeddable":true,"href":"https:\/\/unicon20.fr\/de\/wp-json\/wp\/v2\/users\/2"}],"replies":[{"embeddable":true,"href":"https:\/\/unicon20.fr\/de\/wp-json\/wp\/v2\/comments?post=3182"}],"version-history":[{"count":1,"href":"https:\/\/unicon20.fr\/de\/wp-json\/wp\/v2\/pages\/3182\/revisions"}],"predecessor-version":[{"id":3185,"href":"https:\/\/unicon20.fr\/de\/wp-json\/wp\/v2\/pages\/3182\/revisions\/3185"}],"wp:attachment":[{"href":"https:\/\/unicon20.fr\/de\/wp-json\/wp\/v2\/media?parent=3182"}],"curies":[{"name":"wp","href":"https:\/\/api.w.org\/{rel}","templated":true}]}}