{"id":3187,"date":"2022-07-13T23:16:37","date_gmt":"2022-07-13T21:16:37","guid":{"rendered":"https:\/\/www.unicon20.fr\/?page_id=3187"},"modified":"2022-07-13T23:16:37","modified_gmt":"2022-07-13T21:16:37","slug":"security","status":"publish","type":"page","link":"https:\/\/unicon20.fr\/de\/security\/","title":{"rendered":"Security"},"content":{"rendered":"<div class=\"wp-block-themeisle-blocks-advanced-columns has-1-columns has-desktop-equal-layout has-tablet-equal-layout has-mobile-equal-layout has-default-gap has-vertical-unset\" id=\"wp-block-themeisle-blocks-advanced-columns-c05fe967\"><div class=\"wp-block-themeisle-blocks-advanced-columns-overlay\"><\/div><div class=\"innerblocks-wrap\">\n<div class=\"wp-block-themeisle-blocks-advanced-column\" id=\"wp-block-themeisle-blocks-advanced-column-b995e747\">\n<p>Owohl Frankeich ein sicheres Land ist,  sollten Sie einige Vorsichtsmassnahmen befolgen, damit sie einen angenehmen Aufenthalt mit uns geniessen k\u00f6nnen.<\/p>\n\n\n\n<ul class=\"wp-block-list\"><li>Schliessen Sie Ihr Einrad ab. Diebst\u00e4hle sind immer m\u00f6glich, besonders in Grossst\u00e4dten. Schliessen Sie ihr Einrad ab, selbst im Unicondorf (wir werden spezifische \"Einradparkpl\u00e4tze\" haben), oder in der Cl\u00e9menceau-Halle.<\/li><li>Halten sie ein Auge auf pers\u00f6nliche Sachen auf.<\/li><\/ul>\n\n\n\n<p>Haben Sie ein akutes Sicherheitsproblem, k\u00f6nnen Sie die Nummer 112 f\u00fcr jeden Notfall rufen. F\u00fcr spezifische Probleme, k\u00f6nnen sie folgende Nummern w\u00e4hlen:<\/p>\n\n\n\n<ul class=\"wp-block-list\"><li>Die Nummer 17 f\u00fcr die Polizei.<\/li><li>Die Nummer 18 f\u00fcr die Feuerwehr.<\/li><li>Die Nummer 15 f\u00fcr jedes dringende Gesundheitsproblem.<\/li><\/ul>\n\n\n\n<p>W\u00e4hrend der Wettbewerbe wird das Rote Kreuz an Ort und Stelle sein, oder ganz in der N\u00e4he und bereit sein zu intervenieren. Wenn Sie das Rote Kreuz brauchen und es nicht sehen, k\u00f6nnen Sie den n\u00e4chsten Verantwortlichen ansprechen oder den Ereignisdirektor.<\/p>\n<\/div>\n<\/div><\/div>","protected":false},"excerpt":{"rendered":"","protected":false},"author":2,"featured_media":0,"parent":0,"menu_order":0,"comment_status":"closed","ping_status":"closed","template":"","meta":{"footnotes":""},"class_list":["post-3187","page","type-page","status-publish","hentry"],"featured_image_urls_v2":{"full":"","thumbnail":"","medium":"","medium_large":"","large":"","1536x1536":"","2048x2048":"","trp-custom-language-flag":"","hestia-blog":""},"post_excerpt_stackable_v2":"<p>Although France is a safe country, there are precautions that are important to take should you wish to enjoy all of your stay. lock your unicycles; especially in big towns, theft can happen. Lock your unicycles, even at Unicon Village (we will have unicycle parkings) or Halle Cl\u00e9menceaukeep an eye on your personal belongings. If you have a security emergency, call 112 for any kind of emergency. More sepcifically, you can call: 17 for the police18 for firemen15 for health emergencies During competitions, red cross will be either on site for almost all competitions, or close by and ready to&hellip;<\/p>\n","category_list_v2":"","author_info_v2":{"name":"Fran\u00e7ois","url":"https:\/\/unicon20.fr\/de\/author\/gingo\/"},"comments_num_v2":"0 comments","_links":{"self":[{"href":"https:\/\/unicon20.fr\/de\/wp-json\/wp\/v2\/pages\/3187","targetHints":{"allow":["GET"]}}],"collection":[{"href":"https:\/\/unicon20.fr\/de\/wp-json\/wp\/v2\/pages"}],"about":[{"href":"https:\/\/unicon20.fr\/de\/wp-json\/wp\/v2\/types\/page"}],"author":[{"embeddable":true,"href":"https:\/\/unicon20.fr\/de\/wp-json\/wp\/v2\/users\/2"}],"replies":[{"embeddable":true,"href":"https:\/\/unicon20.fr\/de\/wp-json\/wp\/v2\/comments?post=3187"}],"version-history":[{"count":1,"href":"https:\/\/unicon20.fr\/de\/wp-json\/wp\/v2\/pages\/3187\/revisions"}],"predecessor-version":[{"id":3188,"href":"https:\/\/unicon20.fr\/de\/wp-json\/wp\/v2\/pages\/3187\/revisions\/3188"}],"wp:attachment":[{"href":"https:\/\/unicon20.fr\/de\/wp-json\/wp\/v2\/media?parent=3187"}],"curies":[{"name":"wp","href":"https:\/\/api.w.org\/{rel}","templated":true}]}}