{"id":36,"date":"2019-02-24T14:24:15","date_gmt":"2019-02-24T13:24:15","guid":{"rendered":"https:\/\/www.unicon20.fr\/?page_id=36"},"modified":"2022-07-19T17:57:46","modified_gmt":"2022-07-19T15:57:46","slug":"register","status":"publish","type":"page","link":"https:\/\/unicon20.fr\/de\/competitions\/register\/","title":{"rendered":"Anmeldung"},"content":{"rendered":"<p class=\" translation-block\">Wollen Sie an der Unicon 20 teilnehmen, so m\u00fcssen Sie ungbedingt angemeldet sein. Selbst wenn Sie keinen Wettkampf auf dem Programm haben, k\u00f6nnen Sie teilnehmen, und zwar dann als Nicht-Wettk\u00e4mpfer (non competitor). Dann haben Sie Zugang zu den Workshops und anderen Events, (etwa der Parade).<\/p>\n\n\n\n<p>Wichtig : wenn Sie im Rahmen der Unicon Einrad fahren, m\u00fcssen Sie auf jeden Fall zumindest als Nicht-Wettk\u00e4mpfer registriert sein. Wenn sie zum Beispiel w\u00e4hrend der Parade teilnehmen wollen, m\u00fcssen Sie registriert sein!<\/p>\n\n\n\n<p>Nach <strong>der Verschiebung der Unicon 20 auf 2022<\/strong> wegen der Covid-19 Pandemie <strong>wurden neue Anmelde- und R\u00fcckerstattungsbedingungen vom Unicon 20-Team festgelegt<\/strong>. Siehe unten.<\/p>\n\n\n\n<p>Wenn Sie schon<strong> bereits f\u00fcr die Unicon 20 registriert sind, empfehlen wir Ihnen, f\u00fcr 2022 registriert zu bleiben.<\/strong>.<\/p>\n\n\n<div class=\"su-accordion su-u-trim\">\n<div class=\"su-spoiler su-spoiler-style-default su-spoiler-icon-plus su-spoiler-closed\" data-scroll-offset=\"0\" data-anchor-in-url=\"no\"><div class=\"su-spoiler-title\" tabindex=\"0\" role=\"button\"><span class=\"su-spoiler-icon\"><\/span>Anmeldung : Details und Preise<\/div><div class=\"su-spoiler-content su-u-clearfix su-u-trim\">\n\n\n<table id=\"tablepress-1\" class=\"tablepress tablepress-id-1\">\n<thead>\n<tr class=\"row-1\">\n\t<td class=\"column-1\"><\/td><th class=\"column-2\">Standardanmeldung<\/th><th class=\"column-3\">Sehr sp\u00e4te Anmeldung<\/th>\n<\/tr>\n<\/thead>\n<tbody class=\"row-striping row-hover\">\n<tr class=\"row-2\">\n\t<td class=\"column-1\">Letzter Tag zum Registrieren<\/td><td class=\"column-2\">17-04-2022<\/td><td class=\"column-3\">06-30-2022<\/td>\n<\/tr>\n<tr class=\"row-3\">\n\t<td class=\"column-1\">Wettk\u00e4mpfer<\/td><td class=\"column-2\">230 \u20ac<\/td><td class=\"column-3\">280 \u20ac<\/td>\n<\/tr>\n<tr class=\"row-4\">\n\t<td class=\"column-1\">Nicht-Wettk\u00e4mpfer<\/td><td class=\"column-2\">90 \u20ac<\/td><td class=\"column-3\">130 \u20ac<\/td>\n<\/tr>\n<\/tbody>\n<\/table>\n<!-- #tablepress-1 from cache -->\n\n\n<p>Bitte beachten Sie das dieser Preis nicht die 15\u20ac IUF Mitgliedschaft beinhaltet.<\/p>\n<p>Sie waren f\u00fcr die Unicon 2020 angemeldet und haben um eine R\u00fcckerstattung gebeten, als die Veranstaltung zun\u00e4chst verschoben wurde (<strong>only refunds asked for before the 5th of December 2020 are eligible<\/strong>), und m\u00f6chten sich nun erneut anmelden. Sie sind berechtigt f\u00fcr einen <strong>30 Euro Rabatt (Wettk\u00e4mpfer) oder 15 Euro (Nicht-Wettk\u00e4mpfer)<\/strong>. Benutzen Sie dasselbe Anmeldungskonto und schreiben Sie uns an bevor Sie bezahlen : <a href=\"mailto:contact@unicon20.fr\">contact@unicon20.fr<\/a>.<\/p>\n<\/div><\/div>\n<div class=\"su-spoiler su-spoiler-style-default su-spoiler-icon-plus su-spoiler-closed\" data-scroll-offset=\"0\" data-anchor-in-url=\"no\"><div class=\"su-spoiler-title\" tabindex=\"0\" role=\"button\"><span class=\"su-spoiler-icon\"><\/span>Familienrabatt<\/div><div class=\"su-spoiler-content su-u-clearfix su-u-trim\">\n<p>Als Familie k\u00f6nnen Sie Eine Erm\u00e4ssigung von 10% beantragen.<\/p>\n<h4>Wer<\/h4>\n<p>Sie m\u00fcssen mindestens 3 Wettk\u00e4mpfer aus einer Familie mit derselben Adresse sein, von denen mindestens zwei unter 18 Jahre alt sind.<\/p>\n<h4>Wie geht das?<\/h4>\n<p>Sie m\u00fcssen sich zun\u00e4chst einmal f\u00fcr Ihre Migliedschaft bei der IUF anmelden.<br>Beantragen Sie dann die Erm\u00e4ssigung; schreiben Sie dazu eine E-Mail an <a href=\"mailto:contact@unicon20.fr\">contact@unicon20.fr<\/a> mit dem Beweis der Anmeldung der Teilnehmer und den anderen Dokumenten.<\/p>\n<h4>Falls Sie sich schon angemeldet haben und schon bezahlt haben...<\/h4>\n<p>Dies ist gar kein Problem. Schicken Sie uns eine E-Mail mit den schon erw\u00e4hnten Rechtfertigungen !<\/p>\n<\/div><\/div> <div class=\"su-spoiler su-spoiler-style-default su-spoiler-icon-plus su-spoiler-closed\" data-scroll-offset=\"0\" data-anchor-in-url=\"no\"><div class=\"su-spoiler-title\" tabindex=\"0\" role=\"button\"><span class=\"su-spoiler-icon\"><\/span>R\u00fcckzahlungsbedingungen<\/div><div class=\"su-spoiler-content su-u-clearfix su-u-trim\">\n<p><span>Till January, 16th 2022: refund except for 35 euros (competitors) or 15 euros (non competitors)<\/span><br><span>From January, 17th 2022 to April, 17th 2022: 60% refund<\/span><br><span>From April, 18th 2022 to June, 30th 2022: 30% refund<\/span><br><span>Nach dem 30. Juni 2022: keine R\u00fcckerstattung<\/span><\/p>\n<\/div><\/div><br><\/div>\n\n\n<div class=\"wp-block-button aligncenter is-style-default\"><a class=\"wp-block-button__link has-background has-accent-background-color\" href=\"https:\/\/unicon2020.reg.unicycling-software.com\" target=\"_blank\" rel=\"noopener noreferrer\">Edit your registration\n<br><\/a><\/div>\n\n\n\n<p>Registrations are now closed.<\/p>\n\n\n\n<p>Wenn Sie sich anmelden, sollten Sie sich dessen bewusst sein, dass jeder Wettkampf, der im Freien stattdindet, egal aus welchem Grund, sei es schlechtes Wetter oder gef\u00e2hrliche Wetterbedingungen, schlechte Luftqualit\u00e4t, dazu f\u00fchren kann, dass der Wettkampf nicht stattfindet. Sollte dies der Fall sein, so werden wir uns bem\u00fchen, das Ereignis auf einen anderen Tag zu verschieben. Versprechen k\u00f6nnen wir es aber nicht.<\/p>","protected":false},"excerpt":{"rendered":"<p>Registering is the only way for you to take part to the 20th edition of the UNICON. You can register as competitor as well as non-competitor. Competitors can take part to competitions while non-competitors can only take part to workshops and non-competition events (such as the parade). Important: in order [&hellip;]<\/p>","protected":false},"author":1,"featured_media":0,"parent":33,"menu_order":0,"comment_status":"closed","ping_status":"closed","template":"","meta":{"footnotes":""},"class_list":["post-36","page","type-page","status-publish","hentry"],"featured_image_urls_v2":{"full":"","thumbnail":"","medium":"","medium_large":"","large":"","1536x1536":"","2048x2048":"","trp-custom-language-flag":"","hestia-blog":""},"post_excerpt_stackable_v2":"<p>Registering is the only way for you to take part to the 20th edition of the UNICON. You can register as competitor as well as non-competitor. Competitors can take part to competitions while non-competitors can only take part to workshops and non-competition events (such as the parade). Important: in order to ride a unicycle at UNICON 20, you must be registered as at least a non-competitor. For example, in order to ride in the parade, you must register as a non-competitor. Following the postponment of Unicon 20 to 2022 because of the Covid-19 pandemic, new registration and refund conditions have&hellip;<\/p>\n","category_list_v2":"","author_info_v2":{"name":"Maxence","url":"https:\/\/unicon20.fr\/de\/author\/abrikot\/"},"comments_num_v2":"0 comments","_links":{"self":[{"href":"https:\/\/unicon20.fr\/de\/wp-json\/wp\/v2\/pages\/36","targetHints":{"allow":["GET"]}}],"collection":[{"href":"https:\/\/unicon20.fr\/de\/wp-json\/wp\/v2\/pages"}],"about":[{"href":"https:\/\/unicon20.fr\/de\/wp-json\/wp\/v2\/types\/page"}],"author":[{"embeddable":true,"href":"https:\/\/unicon20.fr\/de\/wp-json\/wp\/v2\/users\/1"}],"replies":[{"embeddable":true,"href":"https:\/\/unicon20.fr\/de\/wp-json\/wp\/v2\/comments?post=36"}],"version-history":[{"count":81,"href":"https:\/\/unicon20.fr\/de\/wp-json\/wp\/v2\/pages\/36\/revisions"}],"predecessor-version":[{"id":3237,"href":"https:\/\/unicon20.fr\/de\/wp-json\/wp\/v2\/pages\/36\/revisions\/3237"}],"up":[{"embeddable":true,"href":"https:\/\/unicon20.fr\/de\/wp-json\/wp\/v2\/pages\/33"}],"wp:attachment":[{"href":"https:\/\/unicon20.fr\/de\/wp-json\/wp\/v2\/media?parent=36"}],"curies":[{"name":"wp","href":"https:\/\/api.w.org\/{rel}","templated":true}]}}