{"id":369,"date":"2019-03-17T20:31:26","date_gmt":"2019-03-17T19:31:26","guid":{"rendered":"https:\/\/www.unicon20.fr\/?page_id=369"},"modified":"2019-11-17T15:11:57","modified_gmt":"2019-11-17T14:11:57","slug":"who-are-we","status":"publish","type":"page","link":"https:\/\/unicon20.fr\/de\/our-team\/who-are-we\/","title":{"rendered":"Wer sind wir?"},"content":{"rendered":"<p>Das organisations-Team besteht aus verschiedenen Leuten unterschiedlicher Herkunft. <\/p>\n\n\n\n<div class=\"wp-block-media-text alignwide\" style=\"grid-template-columns:39% auto\"><figure class=\"wp-block-media-text__media\"><img loading=\"lazy\" decoding=\"async\" width=\"300\" height=\"185\" src=\"https:\/\/unicon20.fr\/wp-content\/uploads\/2019\/03\/CNM.png\" alt=\"\" class=\"wp-image-278\"\/><\/figure><div class=\"wp-block-media-text__content\">\n<p>zun\u00e4chst einmal : die Organisation der Unicon beruht auf das Engagement der \"Commission Nationale Monocycle\", es handelt sich dabei um den franz\u00f6sischen Einradverband. <\/p>\n<\/div><\/div>\n\n\n\n<div class=\"wp-block-media-text alignwide has-media-on-the-right\" style=\"grid-template-columns:auto 39%\"><figure class=\"wp-block-media-text__media\"><img loading=\"lazy\" decoding=\"async\" width=\"1024\" height=\"637\" src=\"https:\/\/unicon20.fr\/wp-content\/uploads\/2019\/03\/unsll-1024x637.png\" alt=\"\" class=\"wp-image-370\" srcset=\"\" sizes=\"auto, (max-width: 1024px) 100vw, 1024px\" data-srcset=\"\" \/><\/figure><div class=\"wp-block-media-text__content\">\n<p>Diese Gruppe ist in einem nationalen Vielsportvrein einbezogen, der \"Union nationale sportive Leo Lagrange\". Deren Ziele ist es, Sport f\u00fcr eine breite Basis zug\u00e4nglich zu machen. Sport wird auch als ein Mittel zur Erziehung betrachtet. Endlich hat sich dieser Verein auch zum Ziel gesetzt, neue Sportarten  zu unterst\u00fctzen. Und gerade das sind wir !<\/p>\n<\/div><\/div>\n\n\n\n<p class=\"has-text-align-left\"> <\/p>\n\n\n\n<div class=\"wp-block-media-text alignwide\" style=\"grid-template-columns:28% auto\"><figure class=\"wp-block-media-text__media\"><img loading=\"lazy\" decoding=\"async\" width=\"796\" height=\"802\" src=\"https:\/\/unicon20.fr\/wp-content\/uploads\/2019\/03\/logo_grenoble.png\" alt=\"\" class=\"wp-image-371\" srcset=\"https:\/\/unicon20.fr\/wp-content\/uploads\/2019\/03\/logo_grenoble.png 796w, https:\/\/unicon20.fr\/wp-content\/uploads\/2019\/03\/logo_grenoble-150x150.png 150w, https:\/\/unicon20.fr\/wp-content\/uploads\/2019\/03\/logo_grenoble-298x300.png 298w, https:\/\/unicon20.fr\/wp-content\/uploads\/2019\/03\/logo_grenoble-768x774.png 768w\" sizes=\"auto, (max-width: 796px) 100vw, 796px\" \/><\/figure><div class=\"wp-block-media-text__content\">\n<p>Nichts w\u00e4re m\u00f6glich ohne die extrem aktive  F\u00f6rderung der Stadt Grenoble. Insbesondere das Sportamt und die Vorsitzenden unterst\u00fctzen uns.<\/p>\n<\/div><\/div>\n\n\n\n<div class=\"wp-block-media-text alignwide has-media-on-the-right\"><figure class=\"wp-block-media-text__media\"><img loading=\"lazy\" decoding=\"async\" width=\"460\" height=\"373\" src=\"https:\/\/unicon20.fr\/wp-content\/uploads\/2019\/03\/Capture_logo_IUF.png\" alt=\"\" class=\"wp-image-365\" srcset=\"https:\/\/unicon20.fr\/wp-content\/uploads\/2019\/03\/Capture_logo_IUF.png 460w, https:\/\/unicon20.fr\/wp-content\/uploads\/2019\/03\/Capture_logo_IUF-300x243.png 300w\" sizes=\"auto, (max-width: 460px) 100vw, 460px\" \/><\/figure><div class=\"wp-block-media-text__content\">\n<p>Unicon 20 ist ein Event mit internationaler Dimension. gef\u00f6rdert vom internationalen Einradverein. Dessen Unterst\u00fctzung f\u00fcr die Organisation dieses Events ist uns sehr wichtig.<\/p>\n<\/div><\/div>","protected":false},"excerpt":{"rendered":"<p>The organising comittee is composed of different people from different origins. First and foremost, the organisation of Unicon 20 is resting on the shoulders of the Commission Nationale Monocycle (CNM), our version of a French unicycling federation. This group is hosted by a national multisport federation: Union Nationale Sportive L\u00e9o [&hellip;]<\/p>","protected":false},"author":2,"featured_media":0,"parent":44,"menu_order":0,"comment_status":"closed","ping_status":"closed","template":"","meta":{"footnotes":""},"class_list":["post-369","page","type-page","status-publish","hentry"],"featured_image_urls_v2":{"full":"","thumbnail":"","medium":"","medium_large":"","large":"","1536x1536":"","2048x2048":"","trp-custom-language-flag":"","hestia-blog":""},"post_excerpt_stackable_v2":"<p>The organising comittee is composed of different people from different origins. First and foremost, the organisation of Unicon 20 is resting on the shoulders of the Commission Nationale Monocycle (CNM), our version of a French unicycling federation. This group is hosted by a national multisport federation: Union Nationale Sportive L\u00e9o Lagrange. Its objectives are making sports in general accessible for everyone, and using sport as an educational tool. It also has a mission to help emerging sports, like us! Nothing would be possible without the incredibly supportive city of Grenoble! Both its elected representatives, the sport department. Unicon 20 is&hellip;<\/p>\n","category_list_v2":"","author_info_v2":{"name":"Fran\u00e7ois","url":"https:\/\/unicon20.fr\/de\/author\/gingo\/"},"comments_num_v2":"0 comments","_links":{"self":[{"href":"https:\/\/unicon20.fr\/de\/wp-json\/wp\/v2\/pages\/369","targetHints":{"allow":["GET"]}}],"collection":[{"href":"https:\/\/unicon20.fr\/de\/wp-json\/wp\/v2\/pages"}],"about":[{"href":"https:\/\/unicon20.fr\/de\/wp-json\/wp\/v2\/types\/page"}],"author":[{"embeddable":true,"href":"https:\/\/unicon20.fr\/de\/wp-json\/wp\/v2\/users\/2"}],"replies":[{"embeddable":true,"href":"https:\/\/unicon20.fr\/de\/wp-json\/wp\/v2\/comments?post=369"}],"version-history":[{"count":3,"href":"https:\/\/unicon20.fr\/de\/wp-json\/wp\/v2\/pages\/369\/revisions"}],"predecessor-version":[{"id":1923,"href":"https:\/\/unicon20.fr\/de\/wp-json\/wp\/v2\/pages\/369\/revisions\/1923"}],"up":[{"embeddable":true,"href":"https:\/\/unicon20.fr\/de\/wp-json\/wp\/v2\/pages\/44"}],"wp:attachment":[{"href":"https:\/\/unicon20.fr\/de\/wp-json\/wp\/v2\/media?parent=369"}],"curies":[{"name":"wp","href":"https:\/\/api.w.org\/{rel}","templated":true}]}}