{"id":47,"date":"2019-02-24T14:25:24","date_gmt":"2019-02-24T13:25:24","guid":{"rendered":"https:\/\/www.unicon20.fr\/?page_id=47"},"modified":"2022-07-19T17:59:22","modified_gmt":"2022-07-19T15:59:22","slug":"core-team","status":"publish","type":"page","link":"https:\/\/unicon20.fr\/de\/our-team\/core-team\/","title":{"rendered":"Organisations-Team"},"content":{"rendered":"<div class=\"wp-block-group\"><div class=\"wp-block-group__inner-container is-layout-flow wp-block-group-is-layout-flow\">\n<div class=\"core-team-element alignwide\">\n<div class=\"core-team-image\">\n<div class=\"core-team-main-image\" data-image=\"https:\/\/unicon20.fr\/wp-content\/uploads\/2019\/04\/GINGO_PORTRAIT.png\"><\/div>\n<div class=\"core-team-hover-image\" data-image=\"https:\/\/unicon20.fr\/wp-content\/uploads\/2019\/03\/francois_monocycle.jpg\"><\/div>\n<\/div>\n<div class=\"core-team-description\">\n<p><b>Vorname:<\/b> Fran\u00e7ois<\/p>\n<p><b>Spitzname:<\/b> Gingo<\/p>\n<p><b>Verantwortung:<\/b> Koordinator<\/p>\n<p><b>F\u00e4hrt Einrad seit :<\/b> 27 Jahren<\/p>\n<p><b>Lieblingsdisziplin:<\/b> Downhill, Basketball<\/p>\n<p><b>Warum sind Sie im Organisationsteam engagiert?<\/b>\u00a0Unicon im Jahre 2020, und das auch noch zu Hause! Einfach traumhaft! Es ist ja eine logische Sache, wenn man sich die Entwicklung vom Einradssport in Frankreich ansieht. K\u00e4se, Baguette und Einrad!<\/p>\n<\/div>\n<\/div>\n<hr \/>\n<div class=\"core-team-element alignwide\">\n<div class=\"core-team-image\">\n<div class=\"core-team-main-image\" data-image=\"https:\/\/unicon20.fr\/wp-content\/uploads\/2019\/04\/GENEVIEVE_PORTRAIT.png\"><\/div>\n<div class=\"core-team-hover-image\" data-image=\"https:\/\/unicon20.fr\/wp-content\/uploads\/2019\/04\/GENEVIEVE_MONO.png\"><\/div>\n<\/div>\n<div class=\"core-team-description\">\n<p><b>Vorname:<\/b> Genevi\u00e8ve<\/p>\n<p><b>Verantwortung:<\/b> Finanzen und Aktivit\u00e4ten.<\/p>\n<p><b>F\u00e4hrt Einrad seit :<\/b> 25 Jahren<\/p>\n<p><b>Lieblingsdisziplin:<\/b> Freestyle, Basketball, Off-road und Downhill<\/p>\n<p><b>Warum sind Sie im Organisationsteam engagiert?<\/b>\u00a0Ich habe es mir schon lange gedacht : sollte je  in Frankreich ein Unicon organisiert werden, so m\u00f6chte ich unbedingt bei der Organisation dabeisein. Als also die CNM nach Freiwilligen gefragt hat, habe ich keinen  Augenblick gez\u00f6gert. Ich bin auf jeden Fall sehr stolz, an diesem grossen Abenteuer teilnehmen zu d\u00fcrfen. Zwar wird bestimmt nicht alles perfekt sein, aber ihr k\u00f6nnt sicher sein, dass wir unser bestes tun.<\/p>\n<\/div>\n<\/div>\n<hr \/>\n<div class=\"core-team-element alignwide\">\n<div class=\"core-team-image\">\n<div class=\"core-team-main-image\" data-image=\"https:\/\/unicon20.fr\/wp-content\/uploads\/2022\/05\/Sylvain.jpg\"><\/div>\n<div class=\"core-team-hover-image\" data-image=\"https:\/\/unicon20.fr\/wp-content\/uploads\/2022\/05\/Sylvain.jpg\"><\/div>\n<\/div>\n<div class=\"core-team-description\">\n<p><b>Vorname:<\/b> Sylvain<\/p>\n<p><b>Spitzname:<\/b> Sylvou<\/p>\n<p><b>Verantwortung:<\/b> Technical and competition manager<\/p>\n<p><b>F\u00e4hrt Einrad seit :<\/b> 12 Jahren<\/p>\n<p><b>Lieblingsdisziplin:<\/b> Muni, Rennen, Baskettball<\/p>\n<p><b>Warum sind Sie im Organisationsteam engagiert?<\/b> <span>Das ist eine grosse Herausforderung, beruflich und menschlich interessant, eine grosse Gelegenheit, sich f\u00fcr die Gemeinschaft der Einradfahrer zu engagieren.<\/span><\/p>\n<\/div>\n<\/div>\n<hr \/>\n<div class=\"core-team-element alignwide\">\n<div class=\"core-team-image\">\n<div class=\"core-team-main-image\" data-image=\"https:\/\/unicon20.fr\/wp-content\/uploads\/2022\/05\/bernard-ferrari.jpg\"><\/div>\n<div class=\"core-team-hover-image\" data-image=\"https:\/\/unicon20.fr\/wp-content\/uploads\/2022\/05\/bernard-ferrari.jpg\"><\/div>\n<\/div>\n<div class=\"core-team-description\">\n<p><b>Vorname:<\/b> Bernard<\/p>\n<p><b>Spitzname:<\/b> Nanard<\/p>\n<p><b>Verantwortung:<\/b> Village site manager<\/p>\n<p><b>F\u00e4hrt Einrad seit :<\/b> Never !<\/p>\n<p><b>Lieblingsdisziplin:<\/b> I don&#8217;t have any<\/p>\n<p><b>Warum sind Sie im Organisationsteam engagiert?<\/b> At the request of Nathana\u00eblle and because I like challenges !<\/p>\n<\/div>\n<\/div>\n<hr \/>\n<div class=\"core-team-element alignwide\">\n<div class=\"core-team-image\">\n<div class=\"core-team-main-image\" data-image=\"https:\/\/unicon20.fr\/wp-content\/uploads\/2022\/05\/image-3.png\"><\/div>\n<div class=\"core-team-hover-image\" data-image=\"https:\/\/unicon20.fr\/wp-content\/uploads\/2022\/05\/image-4.png\"><\/div>\n<\/div>\n<div class=\"core-team-description\">\n<p><b>Vorname:<\/b> El\u00e9onore<\/p>\n<p><b>Spitzname:<\/b> El\u00e9<\/p>\n<p><b>Verantwortung:<\/b> Mailkorrespondenz und Antworten auf Englisch und Deutsch<\/p>\n<p><b>F\u00e4hrt Einrad seit :<\/b> 13 Jahren<\/p>\n<p><b>Lieblingsdisziplin:<\/b> Freestyle<\/p>\n<p><b>Warum sind Sie im Organisationsteam engagiert?<\/b>\u00a0Um bei der Organisation so gut wie m\u00f6glich zu helfen, und auch um trotz Corona mit anderen Einradfahrern in Kontakt zu bleiben.<\/p>\n<\/div>\n<\/div>\n<hr \/>\n<div class=\"core-team-element alignwide\">\n<div class=\"core-team-image\">\n<div class=\"core-team-main-image\" data-image=\"https:\/\/unicon20.fr\/wp-content\/uploads\/2019\/04\/MARINE_PORTRAIT.png\"><\/div>\n<div class=\"core-team-hover-image\" data-image=\"https:\/\/unicon20.fr\/wp-content\/uploads\/2019\/04\/Marine_mono.jpg\"><\/div>\n<\/div>\n<div class=\"core-team-description\">\n<p><b>Vorname:<\/b> Marine<\/p>\n<p><b>Spitzname:<\/b> Riri<\/p>\n<p><b>Verantwortung:<\/b> Kommunikation<\/p>\n<p><b>F\u00e4hrt Einrad seit :<\/b> 12 Jahren<\/p>\n<p><b>Lieblingsdisziplin:<\/b> Cross<\/p>\n<p><b>Warum sind Sie im Organisationsteam engagiert? <\/b>Ich wollte zugleich meine Liebe f\u00fcr's Einrad und meine Kompetenzen auf dem Gebiet der Kommunikation vereinen und somit diesen ganz besonderen Sport popularisieren.<\/p>\n<\/div>\n<\/div>\n<hr \/>\n<div class=\"core-team-element alignwide\">\n<div class=\"core-team-image\">\n<div class=\"core-team-main-image\" data-image=\"https:\/\/unicon20.fr\/wp-content\/uploads\/2019\/03\/Maxence_neutre.png\"><\/div>\n<div class=\"core-team-hover-image\" data-image=\"https:\/\/unicon20.fr\/wp-content\/uploads\/2019\/03\/Maxence-mono-e1553073205170.jpg\"><\/div>\n<\/div>\n<div class=\"core-team-description\">\n<p><b>Vorname:<\/b> Maxence<\/p>\n<p><b>Spitzname:<\/b> Max<\/p>\n<p><b>Verantwortung:<\/b> Webseite, Unterkunftsfragen.<\/p>\n<p><b>F\u00e4hrt Einrad seit :<\/b> 16 years<\/p>\n<p><b>Lieblingsdisziplin:<\/b> Einrad im Gebirge<\/p>\n<p><b>Warum sind Sie im Organisationsteam engagiert?<\/b>\u00a0Unicon ist eine so g\u00fcnstige Gelegenheit f\u00fcr Einradfahrer, andere Einradfahrer zu treffen, ihre Technik zu verbessern und einige wundersch\u00f6ne Tage zu verbringen! Ich musste einfach bei der Organisation mitmachen!<\/p>\n<\/div>\n<\/div>\n<hr \/>\n<div class=\"core-team-element alignwide\">\n<div class=\"core-team-image\">\n<div class=\"core-team-main-image\" data-image=\"https:\/\/unicon20.fr\/wp-content\/uploads\/2019\/04\/ELISE_Portrait.png\"><\/div>\n<div class=\"core-team-hover-image\" data-image=\"https:\/\/unicon20.fr\/wp-content\/uploads\/2019\/04\/ELISE_Portrait.png\"><\/div>\n<\/div>\n<div class=\"core-team-description\">\n<p><b>Vorname:<\/b> Elise<\/p>\n<p><b>Spitzname:<\/b> Nachtvogel<\/p>\n<p><b>Verantwortung:<\/b> Verantwortlich f\u00fcr Freiwillige Helfer und \u00dcbersetzerin.<\/p>\n<p><b>F\u00e4hrt Einrad seit :<\/b> 12 Jahren<\/p>\n<p><b>Lieblingsdisziplin:<\/b> Muni<\/p>\n<p><b>Warum sind Sie im Organisationsteam engagiert?<\/b>\u00a0Seit ich von der Unicon 16 nach Grenoble zur\u00fcckgekommen bin, wo ich wohnte, war es mein grosser Traum, eine Unicon zu organiseren. Grenoble schien der perfekte Platz daf\u00fcr zu sein (besonders was die Munidisziplin betrifft). Heute, acht Jahre sp\u00e4ter lebe ich zwar gar nicht mehr in Grenoble,  bin aber auf das Abenteuer ganz sch\u00f6n gespannt.<\/p>\n<\/div>\n<\/div>\n<hr \/>\n<div class=\"core-team-element alignwide\">\n<div class=\"core-team-image\">\n<div class=\"core-team-main-image\" data-image=\"https:\/\/unicon20.fr\/wp-content\/uploads\/2022\/05\/Berenice.png\"><\/div>\n<div class=\"core-team-hover-image\" data-image=\"https:\/\/unicon20.fr\/wp-content\/uploads\/2022\/05\/Berenice.png\"><\/div>\n<\/div>\n<div class=\"core-team-description\">\n<p><b>Vorname:<\/b> B\u00e9r\u00e9nice<\/p>\n<p><b>Spitzname:<\/b> B\u00e9r\u00e9, oder f\u00fcr die ganz nahen Freunde, Beber<\/p>\n<p><b>Verantwortung:<\/b> Manager f\u00fcr die Partnerschaften<\/p>\n<p><b>F\u00e4hrt Einrad seit :<\/b> Noch nie, aber das Ziel ist es, in der Lage zu sein,  bei der Unicon \u00fcber 30 Sekunden auf einem Einrad zu bleiben.<\/p>\n<p><b>Lieblingsdisziplin:<\/b> Zuschauen, oder street.<\/p>\n<p><b>Warum sind Sie im Organisationsteam engagiert?<\/b> Ich habe einen Freund bei der Organisation und will mich dieser tollen Stimmung der Einradwelt in Grenoble anschliessen.<\/p>\n<\/div>\n<\/div>\n<hr \/>\n<div class=\"core-team-element alignwide\">\n<div class=\"core-team-image\">\n<div class=\"core-team-main-image\" data-image=\"https:\/\/unicon20.fr\/wp-content\/uploads\/2022\/05\/Armand-transparent.png\"><\/div>\n<div class=\"core-team-hover-image\" data-image=\"https:\/\/unicon20.fr\/wp-content\/uploads\/2022\/05\/13223431_1089261061117046_1382531687_o.jpg\"><\/div>\n<\/div>\n<div class=\"core-team-description\">\n<p><b>Vorname:<\/b> Armand<\/p>\n<p><b>Spitzname:<\/b> Ich habe keinen Spitznamen<\/p>\n<p><b>Verantwortung:<\/b> Verantwortlich f\u00fcr die \u00f6kologische Dimension<\/p>\n<p><b>F\u00e4hrt Einrad seit :<\/b> 13 Jahren<\/p>\n<p><b>Lieblingsdisziplin:<\/b> Hochsprung<\/p>\n<p><b>Warum sind Sie im Organisationsteam engagiert?<\/b> Teilnehmen bei der Organisation einer \"verantwortlichen\" Unicon ist f\u00fcr mich eine grosse Gelegenheit, den Einradsport weiter zu entwickeln. Das konnte ich einfach nicht verpassen!<\/p>\n<\/div>\n<\/div>\n<hr \/>\n<div class=\"core-team-element alignwide\">\n<div class=\"core-team-image\">\n<div class=\"core-team-main-image\" data-image=\"https:\/\/unicon20.fr\/wp-content\/uploads\/2019\/10\/Kirsten.png\"><\/div>\n<div class=\"core-team-hover-image\" data-image=\"https:\/\/unicon20.fr\/wp-content\/uploads\/2019\/10\/Photo_option2.jpg\"><\/div>\n<\/div>\n<div class=\"core-team-description\">\n<p><b>Vorname:<\/b> Kirsten<\/p>\n<p><b>Spitzname:<\/b> Kirby<\/p>\n<p><b>Verantwortung:<\/b> IUF Referentin, inerantionale Referentin und verantwortlich f\u00fcr die Preisverleihung.<\/p>\n<p><b>F\u00e4hrt Einrad seit :<\/b> 17 Jahren<\/p>\n<p><b>Lieblingsdisziplin:<\/b> Langstrecken, Muni, und Hockey<\/p>\n<p><b>Warum sind Sie im Organisationsteam engagiert?<\/b>\u00a0Die Teamarbeit mit Einradfahrern macht einfach riesig Spass und das wird wohl eine aufregende yund unvergessliche Erfahrung.<\/p>\n<\/div>\n<\/div>\n<hr \/>\n<div class=\"core-team-element alignwide\">\n<div class=\"core-team-image\">\n<div class=\"core-team-main-image\" data-image=\"https:\/\/unicon20.fr\/wp-content\/uploads\/2019\/10\/Connie.png\"><\/div>\n<div class=\"core-team-hover-image\" data-image=\"https:\/\/unicon20.fr\/wp-content\/uploads\/2019\/10\/Connie_bio_8-e1570960785405.jpg\"><\/div>\n<\/div>\n<div class=\"core-team-description\">\n<p><b>Vorname:<\/b> Constance<\/p>\n<p><b>Spitzname:<\/b> Connie (oder f\u00fcr die Europ\u00e4er Conny)<\/p>\n<p><b>Verantwortung:<\/b> IUF Referentin, inerantionale Referentin, verantwortlich f\u00fcr die Datenverwaltung.<\/p>\n<p><b>F\u00e4hrt Einrad seit :<\/b> \u00fcber 40 Jahren<\/p>\n<p><b>Lieblingsdisziplin:<\/b> Freeestyle, weite Strecken, Muni<\/p>\n<p><b>Warum sind Sie im Organisationsteam engagiert?<\/b>\u00a0Einradfahren macht mir einfach riesig Spass. Ich freue mich wahnsinnig auf die Unicon 20 on Frankreich.<\/p>\n<\/div>\n<\/div>\n<\/div><\/div>","protected":false},"excerpt":{"rendered":"<p>First name: Fran\u00e7ois Nickname: Gingo Position: Coordinator Unicyclist for: 27 years Favourite discipline: Downhill, basketball Why did you join the UNICON 20 organisation team ?\u00a0Unicon 20 in 2020, at home! What a dream! It seems like the logical evolution of the development of unicycling in France. Cheese, baguette and unicycling! [&hellip;]<\/p>","protected":false},"author":1,"featured_media":0,"parent":44,"menu_order":0,"comment_status":"closed","ping_status":"closed","template":"","meta":{"footnotes":""},"class_list":["post-47","page","type-page","status-publish","hentry"],"featured_image_urls_v2":{"full":"","thumbnail":"","medium":"","medium_large":"","large":"","1536x1536":"","2048x2048":"","trp-custom-language-flag":"","hestia-blog":""},"post_excerpt_stackable_v2":"<p>First name: Fran\u00e7ois Nickname: Gingo Position: Coordinator Unicyclist for: 27 years Favourite discipline: Downhill, basketball Why did you join the UNICON 20 organisation team ?\u00a0Unicon 20 in 2020, at home! What a dream! It seems like the logical evolution of the development of unicycling in France. Cheese, baguette and unicycling! First name: Genevi\u00e8ve Position: Budget and activities Unicyclist for: 25 years Favourite discipline: Freestyle, basketball, off-road, downhill Why did you join the UNICON 20 organisation team ?\u00a0A long time ago, I told myself if there was a UNICON in France, I would like to participate to the organisation. Then, when&hellip;<\/p>\n","category_list_v2":"","author_info_v2":{"name":"Maxence","url":"https:\/\/unicon20.fr\/de\/author\/abrikot\/"},"comments_num_v2":"0 comments","_links":{"self":[{"href":"https:\/\/unicon20.fr\/de\/wp-json\/wp\/v2\/pages\/47","targetHints":{"allow":["GET"]}}],"collection":[{"href":"https:\/\/unicon20.fr\/de\/wp-json\/wp\/v2\/pages"}],"about":[{"href":"https:\/\/unicon20.fr\/de\/wp-json\/wp\/v2\/types\/page"}],"author":[{"embeddable":true,"href":"https:\/\/unicon20.fr\/de\/wp-json\/wp\/v2\/users\/1"}],"replies":[{"embeddable":true,"href":"https:\/\/unicon20.fr\/de\/wp-json\/wp\/v2\/comments?post=47"}],"version-history":[{"count":91,"href":"https:\/\/unicon20.fr\/de\/wp-json\/wp\/v2\/pages\/47\/revisions"}],"predecessor-version":[{"id":3238,"href":"https:\/\/unicon20.fr\/de\/wp-json\/wp\/v2\/pages\/47\/revisions\/3238"}],"up":[{"embeddable":true,"href":"https:\/\/unicon20.fr\/de\/wp-json\/wp\/v2\/pages\/44"}],"wp:attachment":[{"href":"https:\/\/unicon20.fr\/de\/wp-json\/wp\/v2\/media?parent=47"}],"curies":[{"name":"wp","href":"https:\/\/api.w.org\/{rel}","templated":true}]}}