{"id":54,"date":"2019-02-24T14:25:52","date_gmt":"2019-02-24T13:25:52","guid":{"rendered":"https:\/\/www.unicon20.fr\/?page_id=54"},"modified":"2019-12-03T18:04:55","modified_gmt":"2019-12-03T17:04:55","slug":"in-grenoble","status":"publish","type":"page","link":"https:\/\/unicon20.fr\/de\/tourism\/in-grenoble\/","title":{"rendered":"In Grenoble"},"content":{"rendered":"<figure class=\"wp-block-embed-youtube wp-block-embed is-type-video is-provider-youtube wp-embed-aspect-16-9 wp-has-aspect-ratio\"><div class=\"wp-block-embed__wrapper\">\n<iframe loading=\"lazy\" title=\"Explore Grenoble Alpes\" width=\"750\" height=\"422\" src=\"https:\/\/www.youtube.com\/embed\/qSAkKxPmlts?feature=oembed\" frameborder=\"0\" allow=\"accelerometer; autoplay; encrypted-media; gyroscope; picture-in-picture\" allowfullscreen><\/iframe>\n<\/div><\/figure>\n\n\n\n<h4 class=\"wp-block-heading\">Tourismus<\/h4>\n\n\n\n<p>Wenn Sie sich in Grenoble etwas ansehen wollen, finden Sie alle n\u00f6tigen Informationen im <a href=\"https:\/\/www.grenoble-tourisme.com\/de\/nutzliche-infos\/\">Fremdenverkehrsamt<\/a>Es sind viele Museen, die Sie beischtigen k\u00f6nnen.<\/p>\n\n\n\n<h4 class=\"wp-block-heading\">Die \"Bastille\"<\/h4>\n\n\n\n<p>Am interessantesten in Grenoble sind die Berge drum herum. <a href=\"https:\/\/bastille-grenoble.fr\/\">Die Bastille<\/a> is one of the easiest to access, you can walk right up from the city centre, or take the <a href=\"https:\/\/bastille-grenoble.fr\/le-telepherique\/\">Seilbahn<\/a>Das Einrad kann nicht mit der Seilbahn bef\u00f6rdert werden. Aber auf den meisten Wegen d\u00fcrfen Sie das Einrad benutzen. Sie k\u00f6nnen eine Karte der verschiedenen Radwege herunterladen <a href=\"https:\/\/bastille-grenoble.fr\/wp\/wp-content\/uploads\/2019\/01\/carte_sentier_bastille.pdf\">hier<\/a> Sie k\u00f6nnen auch mehr Infos \u00fcber die Geschichte der Bastille herunterladen. <a href=\"https:\/\/bastille-grenoble.fr\/wp\/wp-content\/uploads\/2019\/02\/depliant_regie_6-volets_2019_UK.pdf\">Siehe diesen Prospekt.<\/a>. <\/p>\n\n\n\n<p>Wenn Sie ein richtiger Abenteurer sind, k\u00f6nnen Sie auch \u00fcber die Via Ferrata hinauf. <a href=\"https:\/\/bastille-grenoble.fr\/via-ferrata\/\">via ferrata<\/a>Die n\u00f6tige Ausr\u00fcstung k\u00f6nnen Sie sich in vielen Gesch\u00e4ften in Grenoble leihen, Sie k\u00f6nnen sogar einen Begleiter f\u00fcr einen Tag oder ein paar Stunden einstellen.<\/p>\n\n\n\n<h4 class=\"wp-block-heading\">Das Museum der franz\u00f6sischen Revolution.<\/h4>\n\n\n\n<p>Die Bastille in Grenoble hat mit der franz\u00f6sischen Revolution nichts zu tun, aber das Schloss Vizille ganz in der N\u00e4he soll eine grosse Rolle In der  Entstehung der Revolution gespielt haben. Es beherbergt jetzt das <a href=\"https:\/\/musees.isere.fr\/musee\/musee-de-la-revolution-francaise\">Museum der franz\u00f6sischen Revolution<\/a>.<br><\/p>\n\n\n\n<figure class=\"wp-block-image alignfull size-large\"><img loading=\"lazy\" decoding=\"async\" width=\"1024\" height=\"347\" src=\"https:\/\/unicon20.fr\/wp-content\/uploads\/2019\/12\/Photo5-GrenobleAlpes-Grenoble-Alpes-Metropole-Lucas-Frangella-1024x347.jpg\" alt=\"\" class=\"wp-image-2052\" srcset=\"https:\/\/unicon20.fr\/wp-content\/uploads\/2019\/12\/Photo5-GrenobleAlpes-Grenoble-Alpes-Metropole-Lucas-Frangella-1024x347.jpg 1024w, https:\/\/unicon20.fr\/wp-content\/uploads\/2019\/12\/Photo5-GrenobleAlpes-Grenoble-Alpes-Metropole-Lucas-Frangella-300x102.jpg 300w, https:\/\/unicon20.fr\/wp-content\/uploads\/2019\/12\/Photo5-GrenobleAlpes-Grenoble-Alpes-Metropole-Lucas-Frangella-768x261.jpg 768w, https:\/\/unicon20.fr\/wp-content\/uploads\/2019\/12\/Photo5-GrenobleAlpes-Grenoble-Alpes-Metropole-Lucas-Frangella-1536x521.jpg 1536w, https:\/\/unicon20.fr\/wp-content\/uploads\/2019\/12\/Photo5-GrenobleAlpes-Grenoble-Alpes-Metropole-Lucas-Frangella-2048x695.jpg 2048w\" sizes=\"auto, (max-width: 1024px) 100vw, 1024px\" \/><figcaption>  \u00a9Grenoble-Alpes M\u00e9tropole, Lucas Frangella <\/figcaption><\/figure>","protected":false},"excerpt":{"rendered":"<p>Sightseeing If you want to do some sightseeing while in Grenoble, you&#8217;ll find all the information you need at the tourist information centre. There are several museums you can visit. The Bastille The main attraction in Grenoble are the surrounding mountains! The Bastille is one of the easiest to access, [&hellip;]<\/p>","protected":false},"author":1,"featured_media":0,"parent":51,"menu_order":0,"comment_status":"closed","ping_status":"closed","template":"","meta":{"footnotes":""},"class_list":["post-54","page","type-page","status-publish","hentry"],"featured_image_urls_v2":{"full":"","thumbnail":"","medium":"","medium_large":"","large":"","1536x1536":"","2048x2048":"","trp-custom-language-flag":"","hestia-blog":""},"post_excerpt_stackable_v2":"<p>Sightseeing If you want to do some sightseeing while in Grenoble, you&#8217;ll find all the information you need at the tourist information centre. There are several museums you can visit. The Bastille The main attraction in Grenoble are the surrounding mountains! The Bastille is one of the easiest to access, you can walk right up from the city centre, or take the cable car. The cable car won&#8217;t allow you to take your unicycle with you, but you can ride your unicycle on most of the paths. You can download a map of the different paths here and you can&hellip;<\/p>\n","category_list_v2":"","author_info_v2":{"name":"Maxence","url":"https:\/\/unicon20.fr\/de\/author\/abrikot\/"},"comments_num_v2":"0 comments","_links":{"self":[{"href":"https:\/\/unicon20.fr\/de\/wp-json\/wp\/v2\/pages\/54","targetHints":{"allow":["GET"]}}],"collection":[{"href":"https:\/\/unicon20.fr\/de\/wp-json\/wp\/v2\/pages"}],"about":[{"href":"https:\/\/unicon20.fr\/de\/wp-json\/wp\/v2\/types\/page"}],"author":[{"embeddable":true,"href":"https:\/\/unicon20.fr\/de\/wp-json\/wp\/v2\/users\/1"}],"replies":[{"embeddable":true,"href":"https:\/\/unicon20.fr\/de\/wp-json\/wp\/v2\/comments?post=54"}],"version-history":[{"count":13,"href":"https:\/\/unicon20.fr\/de\/wp-json\/wp\/v2\/pages\/54\/revisions"}],"predecessor-version":[{"id":2060,"href":"https:\/\/unicon20.fr\/de\/wp-json\/wp\/v2\/pages\/54\/revisions\/2060"}],"up":[{"embeddable":true,"href":"https:\/\/unicon20.fr\/de\/wp-json\/wp\/v2\/pages\/51"}],"wp:attachment":[{"href":"https:\/\/unicon20.fr\/de\/wp-json\/wp\/v2\/media?parent=54"}],"curies":[{"name":"wp","href":"https:\/\/api.w.org\/{rel}","templated":true}]}}