{"id":56,"date":"2019-02-24T14:26:01","date_gmt":"2019-02-24T13:26:01","guid":{"rendered":"https:\/\/www.unicon20.fr\/?page_id=56"},"modified":"2019-12-03T18:04:21","modified_gmt":"2019-12-03T17:04:21","slug":"around-grenoble","status":"publish","type":"page","link":"https:\/\/unicon20.fr\/de\/tourism\/around-grenoble\/","title":{"rendered":"Um Grenoble herum"},"content":{"rendered":"<p>Sie haben vor, sich vor oder nach dem Unicon etwas l\u00e4nger in der Region aufzuhalten, oder Sie suchen vielleicht einen Tagesausflug. Hier ein paar Vorschl\u00e4ge von uns!<\/p>\n\n\n\n<h4 class=\"wp-block-heading\">Natur und Berge<\/h4>\n\n\n\n<p>Grenoble ist von drei Gebirgsketten umgeben: <a href=\"https:\/\/chartreuse-tourisme.com\/\">la Chartreuse<\/a>, <a href=\"https:\/\/www.isere-tourism.com\/belledonne\">Belledonne<\/a> und <a href=\"http:\/\/vercors.fr\/\">le Vercors<\/a>. Dort sind viele D\u00f6rfer und Gebirgsorte, sowie viele Rad-und Wanderwege. Wenn Sie etwas Sinn f\u00fcr Abenteuer haben, k\u00f6nnen Sie dort auf Felsen klettern, Paragliding treiben oder in den Bergen steigen. <br><br>Wenn Sie bereit sind, etwas weiter weg zu fahren, so k\u00f6nnen Sie <a href=\"https:\/\/www.chamonix.com\/\">nach Chamonix oder zum Mont-Blanc fahren,<\/a> von Grenoble aus sind es zwei Stunden. Kein grosser Umweg, wenn Sie in Genf landen.. <\/p>\n\n\n\n<h4 class=\"wp-block-heading\">St\u00e4dte<\/h4>\n\n\n\n<p>Ein Tagesausflug nach Lyon oder Annecy ist sehr einfach zu organisieren. Es verkehren sowohl Busse als auch Z\u00fcge. Beide St\u00e4dte sind schnell erreicht. <a href=\"https:\/\/en.lyon-france.com\/\">Lyon<\/a> oder <a href=\"https:\/\/en.lac-annecy.com\/\">Annecy<\/a>. There are regular bus and train services, and it&#8217;s only a short ride to either of those cities.<br>Lyon ist die zweitgr\u00f6sste Stadt in Frankreich, dort k\u00f6nnen Sie viele Museen und Parks entdecken. von dort stammt auch die Woom, die Einradbaskettballmannschaft, die schon 5 Mal Weltmeister war!<br>Annecy ist f\u00fcr seinen See und seine Landschaften bekannt, und wird manchmal wegen der vielen Kan\u00e4le das \"Venedig der Alpen\" genannt.<\/p>","protected":false},"excerpt":{"rendered":"<p>You are planning to stay a bit longer before or after Unicon, or want to have a day-trip to some exciting places? Here&#8217;s some suggestions from us! Nature and Mountains Grenoble is surrounded by 3 mountains massifs: Chartreuse, Belledonne and Vercors. There are lots of villages and resorts there, as [&hellip;]<\/p>","protected":false},"author":1,"featured_media":0,"parent":51,"menu_order":0,"comment_status":"closed","ping_status":"closed","template":"","meta":{"footnotes":""},"class_list":["post-56","page","type-page","status-publish","hentry"],"featured_image_urls_v2":{"full":"","thumbnail":"","medium":"","medium_large":"","large":"","1536x1536":"","2048x2048":"","trp-custom-language-flag":"","hestia-blog":""},"post_excerpt_stackable_v2":"<p>You are planning to stay a bit longer before or after Unicon, or want to have a day-trip to some exciting places? Here&#8217;s some suggestions from us! Nature and Mountains Grenoble is surrounded by 3 mountains massifs: Chartreuse, Belledonne and Vercors. There are lots of villages and resorts there, as well as plenty of biking and hiking trains. If you&#8217;re even more adventurous, they are also great locations for climbing, paragliding or mountaineering. If you&#8217;re willing to go a bit further, Chamonix and the Mont-Blanc are only a 2-hour drive away, and not that big of a detour if you&#8217;re&hellip;<\/p>\n","category_list_v2":"","author_info_v2":{"name":"Maxence","url":"https:\/\/unicon20.fr\/de\/author\/abrikot\/"},"comments_num_v2":"0 comments","_links":{"self":[{"href":"https:\/\/unicon20.fr\/de\/wp-json\/wp\/v2\/pages\/56","targetHints":{"allow":["GET"]}}],"collection":[{"href":"https:\/\/unicon20.fr\/de\/wp-json\/wp\/v2\/pages"}],"about":[{"href":"https:\/\/unicon20.fr\/de\/wp-json\/wp\/v2\/types\/page"}],"author":[{"embeddable":true,"href":"https:\/\/unicon20.fr\/de\/wp-json\/wp\/v2\/users\/1"}],"replies":[{"embeddable":true,"href":"https:\/\/unicon20.fr\/de\/wp-json\/wp\/v2\/comments?post=56"}],"version-history":[{"count":4,"href":"https:\/\/unicon20.fr\/de\/wp-json\/wp\/v2\/pages\/56\/revisions"}],"predecessor-version":[{"id":2059,"href":"https:\/\/unicon20.fr\/de\/wp-json\/wp\/v2\/pages\/56\/revisions\/2059"}],"up":[{"embeddable":true,"href":"https:\/\/unicon20.fr\/de\/wp-json\/wp\/v2\/pages\/51"}],"wp:attachment":[{"href":"https:\/\/unicon20.fr\/de\/wp-json\/wp\/v2\/media?parent=56"}],"curies":[{"name":"wp","href":"https:\/\/api.w.org\/{rel}","templated":true}]}}