{"id":58,"date":"2019-02-24T14:26:12","date_gmt":"2019-02-24T13:26:12","guid":{"rendered":"https:\/\/www.unicon20.fr\/?page_id=58"},"modified":"2019-12-03T18:22:17","modified_gmt":"2019-12-03T17:22:17","slug":"unicycling","status":"publish","type":"page","link":"https:\/\/unicon20.fr\/de\/tourism\/unicycling\/","title":{"rendered":"Einradfahren"},"content":{"rendered":"<h4 class=\"wp-block-heading\">Strassen und Wege<\/h4>\n\n\n\n<p>Grenoble stellt sowohl zahlreiche Fussg\u00e4nger-  als auch Radwege zur Verf\u00fcgung. Werfen sie einen Blick auf die Ufer der Fl\u00fcsse \"Drac\" oder \"Is\u00e8re\". An diesen Fl\u00fcssen entlang sind kilometerlange Radwege. Beim Fahren k\u00f6nnen Sie einmalige Landschaften bewundern. Hier finden Sie Informationen <a href=\"https:\/\/www.metromobilite.fr\/velo.html\">diese Webseite<\/a>.<\/p>\n\n\n\n<p>Suchen Sie eine gr\u00f6ssere Herausforderung oder einfach einen gr\u00f6sseren H\u00f6henunterschied, so finden Sie in der N\u00e4he einige ber\u00fchmte P\u00e4sse. Nicht weniger als 21 Kurven z\u00e4hlt die Strasse zum Alpe d'Huez hinauf, dank der Tour de France bekannt geworden. Einige dieser Strassen sind dem Autoverkehr an einem Tag im Sommer ganz gesperrt. Mehr Infos finden Sie auf der Webseite von <a href=\"https:\/\/oisans-col-series.com\/en\/\">Oisans col series<\/a>.<\/p>\n\n\n\n<p>Sie k\u00f6nnen sich auch...anschauen <a rel=\"noreferrer noopener\" aria-label=\"this website (opens in a new tab)\" href=\"https:\/\/www.grenoble-tourisme.com\/fr\/faire\/a-velo\/cyclotourisme\" target=\"_blank\">diese Webseite<\/a>Sie beschreibt ein paar Wege. obwohl diese Seiten nur auf Franz\u00f6sisch existieren, d\u00fcrfte sie GPX oder KML Dateien herunterladen, die Sie dann mit dem Navi benutzen k\u00f6nnen.<\/p>\n\n\n\n<h4 class=\"wp-block-heading\">Muni<\/h4>\n\n\n\n<p>Grenoble ist bekannt daf\u00fcr, dass es von Bergen umgeben ist. In manchen finden Sie viele Seilbahnen, die auch im Sommer offen sind. Die kann man mit dem Fahrrad benutzen, oder... mit dem Einrad. Im Sommer finden sie dort Wege zum herunter-oder hinauffahren.<br>zum Beispiel k\u00f6nnen Sie nach <a href=\"https:\/\/www.espace-villard-correncon.fr\/accueil.htm\">Villard-de-Lans<\/a>, <a href=\"http:\/\/www.les7laux.com\/fr\/index.aspx\">Les 7 Laux<\/a> oder <a href=\"https:\/\/www.chamrousse.com\/\">Chamrousse<\/a>Es sind noch viele andere. Fragen Sie einfach ihre geliebte Suchmaschine!<br><\/p>\n\n\n\n<h4 class=\"wp-block-heading\">Urban<\/h4>\n\n\n\n<p>Grenoble ist eine grosse Stadt, so finden Sie genug Gelegenheiten, Einrad zu fahren! sie werden leicht einen Platz zum Einradfahren finden. Schau Sie sich mal das Universit\u00e4tsgel\u00e4nde an, das ist ganz viel Platz. Dort sind unter anderem Skateparks. Einen ganz neuen neben ...<a href=\"https:\/\/www.google.com\/maps\/place\/La+caserne+de+Bonne\/@45.1839073,5.7214054,17z\/data=!3m1!4b1!4m5!3m4!1s0x478af4919bfcbfe5:0x9d11aaa2b6b7ce51!8m2!3d45.1839073!4d5.7235941\">La Caserne de Bonne<\/a>Und einen anderen, \u00fcberdacht in<a href=\"https:\/\/goo.gl\/maps\/gJNe3wUGsW2oQfpM8\">La Bifurk<\/a>. Dieser ist bei Regen ganz praktisch! \ud83d\ude09<\/p>","protected":false},"excerpt":{"rendered":"<p>On road Grenoble offers some great roads reserved for pedestrian and non-motorized vehicles. Have a look at the Is\u00e8re and the Drac banks. They present many, many kilometres of cycle paths. Besides, you will be able to observe beautiful landscapes during your ride. You can find some information on this [&hellip;]<\/p>","protected":false},"author":1,"featured_media":0,"parent":51,"menu_order":0,"comment_status":"closed","ping_status":"closed","template":"","meta":{"footnotes":""},"class_list":["post-58","page","type-page","status-publish","hentry"],"featured_image_urls_v2":{"full":"","thumbnail":"","medium":"","medium_large":"","large":"","1536x1536":"","2048x2048":"","trp-custom-language-flag":"","hestia-blog":""},"post_excerpt_stackable_v2":"<p>On road Grenoble offers some great roads reserved for pedestrian and non-motorized vehicles. Have a look at the Is\u00e8re and the Drac banks. They present many, many kilometres of cycle paths. Besides, you will be able to observe beautiful landscapes during your ride. You can find some information on this website. If you want a bigger challenge, some of the passes and climbs of the Tour de France (for instance the iconic 21 switchback climb up to l&#8217;Alpe d&#8217;Huez) are really close as well. Some of them are even closed to all motor vehicles one day in the summer. More&hellip;<\/p>\n","category_list_v2":"","author_info_v2":{"name":"Maxence","url":"https:\/\/unicon20.fr\/de\/author\/abrikot\/"},"comments_num_v2":"0 comments","_links":{"self":[{"href":"https:\/\/unicon20.fr\/de\/wp-json\/wp\/v2\/pages\/58","targetHints":{"allow":["GET"]}}],"collection":[{"href":"https:\/\/unicon20.fr\/de\/wp-json\/wp\/v2\/pages"}],"about":[{"href":"https:\/\/unicon20.fr\/de\/wp-json\/wp\/v2\/types\/page"}],"author":[{"embeddable":true,"href":"https:\/\/unicon20.fr\/de\/wp-json\/wp\/v2\/users\/1"}],"replies":[{"embeddable":true,"href":"https:\/\/unicon20.fr\/de\/wp-json\/wp\/v2\/comments?post=58"}],"version-history":[{"count":18,"href":"https:\/\/unicon20.fr\/de\/wp-json\/wp\/v2\/pages\/58\/revisions"}],"predecessor-version":[{"id":2061,"href":"https:\/\/unicon20.fr\/de\/wp-json\/wp\/v2\/pages\/58\/revisions\/2061"}],"up":[{"embeddable":true,"href":"https:\/\/unicon20.fr\/de\/wp-json\/wp\/v2\/pages\/51"}],"wp:attachment":[{"href":"https:\/\/unicon20.fr\/de\/wp-json\/wp\/v2\/media?parent=58"}],"curies":[{"name":"wp","href":"https:\/\/api.w.org\/{rel}","templated":true}]}}