{"id":63,"date":"2019-02-24T14:26:31","date_gmt":"2019-02-24T13:26:31","guid":{"rendered":"https:\/\/www.unicon20.fr\/?page_id=63"},"modified":"2022-07-07T22:38:39","modified_gmt":"2022-07-07T20:38:39","slug":"volunteers","status":"publish","type":"page","link":"https:\/\/unicon20.fr\/de\/volunteers\/","title":{"rendered":"Freiwillige"},"content":{"rendered":"<p class=\"has-text-align-center\"><strong>Danke, dass Sie sich f\u00fcr freiwillige Arbeit interessieren!<\/strong><\/p>\n\n\n\n<p>Die Unicon beruht auf die Arbeit von Ehrenamtlichen. Darum m\u00f6chten wir auch jeden dazu auffordern, mindestens einmal w\u00e4hrend der Unicon seine freiwillige Unterst\u00fctzung zu bringen, Sie sollten nicht bef\u00fcrchten, ungen\u00fcgend qualifiziert zu sein, Arbeit haben wir f\u00fcr jeden.<br> Wir \u00fcberlegen gerade, wie wir die Freiwilligen belohnen wollen; wenn es soweit ist, sagen wir Bescheid.<\/p>\n\n\n\n<div class=\"wp-block-stackable-button-group stk-block-button-group stk-block stk-67d9cec\" data-block-id=\"67d9cec\"><div class=\"stk-row stk-inner-blocks has-text-align-center stk-block-content stk-button-group\">\n<div class=\"wp-block-stackable-button stk-block-button has-text-align-center stk-block stk-c157699\" data-block-id=\"c157699\"><style>.stk-c157699 .stk-button{min-height:0px !important;background:#012d67 !important}.stk-c157699 .stk-button{border-radius:4px !important}.stk-c157699 .stk-button:before{box-shadow:0 0 0 2px rgba(120,120,120,0.1) !important}.stk-c157699 .stk-button .stk--inner-svg svg:last-child,.stk-c157699 .stk-button .stk--inner-svg svg:last-child :is(g,path,rect,polygon,ellipse){fill:#012d67 !important}<\/style><a class=\"stk-link stk-button stk--hover-effect-darken\" href=\"https:\/\/www.signupgenius.com\/go\/8050b4aa8aa29aaf58-unicon8\"><span class=\"stk-button__inner-text\">Sign up as a volunteer now!<\/span><\/a><\/div>\n\n\n\n<div class=\"wp-block-stackable-button stk-block-button has-text-align-center stk-block stk-3d04291\" data-block-id=\"3d04291\"><style>.stk-3d04291 .stk-button{min-height:0px !important;background:#012d67 !important}.stk-3d04291 .stk-button{border-radius:4px !important}.stk-3d04291 .stk-button:before{box-shadow:0 0 0 2px rgba(120,120,120,0.1) !important}.stk-3d04291 .stk-button .stk--inner-svg svg:last-child,.stk-3d04291 .stk-button .stk--inner-svg svg:last-child :is(g,path,rect,polygon,ellipse){fill:#012d67 !important}<\/style><a class=\"stk-link stk-button stk--hover-effect-darken\" href=\"https:\/\/unicon20.fr\/wp-content\/uploads\/2022\/06\/volunteer-handbookV2.pdf\"><span class=\"stk-button__inner-text\">Volunteer Handbook<\/span><\/a><\/div>\n<\/div><\/div>\n\n\n\n<p><\/p>\n\n\n\n<p><strong>Wozu sich freiwillig engagieren?<\/strong>?<\/p>\n\n\n\n<p>Das freiwillige Engagement ist notwendig, wenn man einen reibungslosen Verlauf erreichen will, damit jeder auch Spass findet. <\/p>\n\n\n\n<p>Die Unicon w\u00e4re ohne das freiwillige Engagement von vielen einfach undenkbar. Wir brauchen Sie f\u00fcr diverse Aufgaben, wie etwa die Anmeldung, den Urteil \u00fcber Wettk\u00e4mpfe, das Aufbauen der Anlagen..<br> Bitte kontaktieren Sie uns, wenn Sie eine genaue Vorstellung von dem haben, was Sie f\u00fcr den Unicon tun k\u00f6nnen. <\/p>\n\n\n\n<p>Das freiwillige Engagement ist auch eine einzigartige Gelegenheit, Menschen kennenzulernen, und sich  weiter in die Familie der Einradfahrer zu integrieren.<\/p>\n\n\n\n<p><strong>Wann und wie kann ich meine Hilfe anbieten?<\/strong><\/p>\n\n\n\n<p>Sie K\u00f6nnen sich anmelden, indem Sie dieses Link benutzen <a href=\"https:\/\/www.signupgenius.com\/go\/8050b4aa8aa29aaf58-unicon8\" data-type=\"URL\" data-id=\"https:\/\/www.signupgenius.com\/go\/8050b4aa8aa29aaf58-unicon8\" target=\"_blank\" rel=\"noreferrer noopener\"><strong>Link.<\/strong><\/a>Wenn das Planen im voraus f\u00fcr Sie problematisch ist, haben Sie immer noch die Gelegenheit, sich an Ort und Stelle anzumelden, oder jederzeit am Infopoint. <br>Please also have a look at our <a rel=\"noreferrer noopener\" href=\"https:\/\/unicon20.fr\/wp-content\/uploads\/2022\/06\/volunteer-handbookV2.pdf\" data-type=\"URL\" data-id=\"https:\/\/unicon20.fr\/wp-content\/uploads\/2022\/06\/volunteer-handbookV2.pdf\" target=\"_blank\"><strong>volunteer handbook<\/strong><\/a>.<\/p>\n\n\n\n<p><\/p>","protected":false},"excerpt":{"rendered":"<p>Thank you for your interest in volunteering! Unicon relies on volunteers, so your help is always welcome! We encourage everyone to volunteer at least once during the event. Don\u2019t worry about not being qualified, there are jobs for everyone. We are currently working on a rewards system for our volunteers, [&hellip;]<\/p>","protected":false},"author":1,"featured_media":0,"parent":0,"menu_order":0,"comment_status":"closed","ping_status":"closed","template":"","meta":{"footnotes":""},"class_list":["post-63","page","type-page","status-publish","hentry"],"featured_image_urls_v2":{"full":"","thumbnail":"","medium":"","medium_large":"","large":"","1536x1536":"","2048x2048":"","trp-custom-language-flag":"","hestia-blog":""},"post_excerpt_stackable_v2":"<p>Thank you for your interest in volunteering! Unicon relies on volunteers, so your help is always welcome! We encourage everyone to volunteer at least once during the event. Don\u2019t worry about not being qualified, there are jobs for everyone. We are currently working on a rewards system for our volunteers, we\u2019ll keep you updated on it once it\u2019s done. Sign up as a volunteer now! Volunteer Handbook Why volunteer? Volunteering is a great way to ensure everything runs smoothly, and everyone enjoys Unicon! Unicon simply wouldn\u2019t work without its volunteers. We rely on you for a lot of tasks, such&hellip;<\/p>\n","category_list_v2":"","author_info_v2":{"name":"Maxence","url":"https:\/\/unicon20.fr\/de\/author\/abrikot\/"},"comments_num_v2":"0 comments","_links":{"self":[{"href":"https:\/\/unicon20.fr\/de\/wp-json\/wp\/v2\/pages\/63","targetHints":{"allow":["GET"]}}],"collection":[{"href":"https:\/\/unicon20.fr\/de\/wp-json\/wp\/v2\/pages"}],"about":[{"href":"https:\/\/unicon20.fr\/de\/wp-json\/wp\/v2\/types\/page"}],"author":[{"embeddable":true,"href":"https:\/\/unicon20.fr\/de\/wp-json\/wp\/v2\/users\/1"}],"replies":[{"embeddable":true,"href":"https:\/\/unicon20.fr\/de\/wp-json\/wp\/v2\/comments?post=63"}],"version-history":[{"count":17,"href":"https:\/\/unicon20.fr\/de\/wp-json\/wp\/v2\/pages\/63\/revisions"}],"predecessor-version":[{"id":3181,"href":"https:\/\/unicon20.fr\/de\/wp-json\/wp\/v2\/pages\/63\/revisions\/3181"}],"wp:attachment":[{"href":"https:\/\/unicon20.fr\/de\/wp-json\/wp\/v2\/media?parent=63"}],"curies":[{"name":"wp","href":"https:\/\/api.w.org\/{rel}","templated":true}]}}