{"id":851,"date":"2019-04-25T12:35:41","date_gmt":"2019-04-25T10:35:41","guid":{"rendered":"https:\/\/www.unicon20.fr\/?page_id=851"},"modified":"2022-04-28T15:10:18","modified_gmt":"2022-04-28T13:10:18","slug":"union-nationale-sportive-leo-lagrange","status":"publish","type":"page","link":"https:\/\/unicon20.fr\/de\/our-team\/union-nationale-sportive-leo-lagrange\/","title":{"rendered":"Union Nationale Sportive L\u00e9o Lagrange"},"content":{"rendered":"<p>Der Nationale Sportverein Leo Lagrange ist ein Mehrsportverein, der den Einradverein hier in Frankreich beherbergt. Er wurde 1984 gegr\u00fcndet, und dessen Ziele sind es, einerseits den Sport als Erziehungsmittel zu f\u00f6rdern, andererseits den Sport f\u00fcr eine breite Basis zug\u00e4nglich zu machen. Das sind etwa Sport im Gef\u00e4ngnis; Sport f\u00fcr Migranten, und global gesehen, Sport f\u00fcr jeden, egal woher er kommt, was seine Lebensbedingungen sind, seine Religion, sein Alter...<\/p>\n\n\n\n<div class=\"wp-block-image\"><figure class=\"aligncenter is-resized\"><img loading=\"lazy\" decoding=\"async\" src=\"https:\/\/unicon20.fr\/wp-content\/uploads\/2019\/03\/unsll-1024x637.png\" alt=\"\" class=\"wp-image-370\" width=\"461\" height=\"287\" srcset=\"\" sizes=\"auto, (max-width: 461px) 100vw, 461px\" data-srcset=\"\" \/><\/figure><\/div>\n\n\n\n<p>Its support is a very important part of our organization, especially three notable people.<\/p>\n\n\n\n<p><strong>Myriam Chomaz<\/strong> is a technical sports expert, employed by the French ministry of sport to help develop UNSLL\u2019s missions. Among these missions is the support of the development of unicycling. She helps to coordinate the event, and uses her numerous contacts in Grenoble and its surrounding area. She is also a <a rel=\"noreferrer noopener\" aria-label=\" (opens in a new tab)\" href=\"https:\/\/fr.wikipedia.org\/wiki\/Myriam_Chomaz\" target=\"_blank\">fr\u00fcher Berufsboxerin<\/a> !<\/p>\n\n\n\n<figure class=\"wp-block-image size-full is-resized\"><img loading=\"lazy\" decoding=\"async\" src=\"https:\/\/unicon20.fr\/wp-content\/uploads\/2022\/04\/jeremy_mouchel-1.jpg\" alt=\"\" class=\"wp-image-2806\" width=\"276\" height=\"276\" srcset=\"https:\/\/unicon20.fr\/wp-content\/uploads\/2022\/04\/jeremy_mouchel-1.jpg 719w, https:\/\/unicon20.fr\/wp-content\/uploads\/2022\/04\/jeremy_mouchel-1-300x300.jpg 300w, https:\/\/unicon20.fr\/wp-content\/uploads\/2022\/04\/jeremy_mouchel-1-150x150.jpg 150w\" sizes=\"auto, (max-width: 276px) 100vw, 276px\" \/><figcaption><strong>J\u00e9r\u00e9my Mouchel<\/strong> is the federal technical manager of the Union R\u00e9gionale Sportive L\u00e9o Lagrange. Formerly a professional cyclist, J\u00e9r\u00e9my follows the organization of the world championship at several levels. He will proudly open the marathon and the 10km !<\/figcaption><\/figure>\n\n\n\n<figure class=\"wp-block-image size-large is-resized\"><img loading=\"lazy\" decoding=\"async\" src=\"https:\/\/unicon20.fr\/wp-content\/uploads\/2022\/04\/ndoreau-7-1024x1024.jpg\" alt=\"\" class=\"wp-image-2808\" width=\"279\" height=\"279\" srcset=\"https:\/\/unicon20.fr\/wp-content\/uploads\/2022\/04\/ndoreau-7-1024x1024.jpg 1024w, https:\/\/unicon20.fr\/wp-content\/uploads\/2022\/04\/ndoreau-7-300x300.jpg 300w, https:\/\/unicon20.fr\/wp-content\/uploads\/2022\/04\/ndoreau-7-150x150.jpg 150w, https:\/\/unicon20.fr\/wp-content\/uploads\/2022\/04\/ndoreau-7-768x768.jpg 768w, https:\/\/unicon20.fr\/wp-content\/uploads\/2022\/04\/ndoreau-7.jpg 1365w\" sizes=\"auto, (max-width: 279px) 100vw, 279px\" \/><figcaption><strong>Nathana\u00eblle Doreau<\/strong> is the UNSLL project manager dedicated to Unicon 20. A unicyclist for almost 10 years, she provides local support to the organizing committee.<\/figcaption><\/figure>\n\n\n\n<figure class=\"wp-block-image size-full is-resized\"><img loading=\"lazy\" decoding=\"async\" src=\"https:\/\/unicon20.fr\/wp-content\/uploads\/2022\/04\/jonathan_rouquairol-2.webp\" alt=\"\" class=\"wp-image-2809\" width=\"275\" height=\"327\"\/><figcaption><strong><strong>Jonathan Rouquairol<\/strong> <\/strong>is our road race and cross country manager. With a great experience in the organization of events and trails, Jonathan brings us his knowledge of the field, logistics and administration.<\/figcaption><\/figure>\n\n\n\n<div class=\"wp-block-columns is-layout-flex wp-container-core-columns-is-layout-9d6595d7 wp-block-columns-is-layout-flex\">\n<div class=\"wp-block-column is-layout-flow wp-block-column-is-layout-flow\" style=\"flex-basis:50%\"><\/div>\n<\/div>\n\n\n\n<p><\/p>\n\n\n\n<div class=\"wp-block-group\"><div class=\"wp-block-group__inner-container is-layout-flow wp-block-group-is-layout-flow\"><\/div><\/div>\n\n\n\n<div class=\"wp-block-group alignwide\"><div class=\"wp-block-group__inner-container is-layout-flow wp-block-group-is-layout-flow\"><\/div><\/div>","protected":false},"excerpt":{"rendered":"<p>The Union Nationale Sportive L\u00e9o Lagrange is the multisport federation behind the unicycling federation here in France. It was founded in early 1984, and its goals are to use sports as an educational tool and to provide access to sport practice to everyone. That means sports in prison, sports for [&hellip;]<\/p>","protected":false},"author":1,"featured_media":0,"parent":44,"menu_order":0,"comment_status":"closed","ping_status":"closed","template":"","meta":{"footnotes":""},"class_list":["post-851","page","type-page","status-publish","hentry"],"featured_image_urls_v2":{"full":"","thumbnail":"","medium":"","medium_large":"","large":"","1536x1536":"","2048x2048":"","trp-custom-language-flag":"","hestia-blog":""},"post_excerpt_stackable_v2":"<p>The Union Nationale Sportive L\u00e9o Lagrange is the multisport federation behind the unicycling federation here in France. It was founded in early 1984, and its goals are to use sports as an educational tool and to provide access to sport practice to everyone. That means sports in prison, sports for migrants, and more generally, sports for everyone whatever your origin, condition, religion, age\u2026 Its support is a very important part of our organization, especially three notable people. Myriam Chomaz is a technical sports expert, employed by the French ministry of sport to help develop UNSLL\u2019s missions. Among these missions is&hellip;<\/p>\n","category_list_v2":"","author_info_v2":{"name":"Maxence","url":"https:\/\/unicon20.fr\/de\/author\/abrikot\/"},"comments_num_v2":"0 comments","_links":{"self":[{"href":"https:\/\/unicon20.fr\/de\/wp-json\/wp\/v2\/pages\/851","targetHints":{"allow":["GET"]}}],"collection":[{"href":"https:\/\/unicon20.fr\/de\/wp-json\/wp\/v2\/pages"}],"about":[{"href":"https:\/\/unicon20.fr\/de\/wp-json\/wp\/v2\/types\/page"}],"author":[{"embeddable":true,"href":"https:\/\/unicon20.fr\/de\/wp-json\/wp\/v2\/users\/1"}],"replies":[{"embeddable":true,"href":"https:\/\/unicon20.fr\/de\/wp-json\/wp\/v2\/comments?post=851"}],"version-history":[{"count":18,"href":"https:\/\/unicon20.fr\/de\/wp-json\/wp\/v2\/pages\/851\/revisions"}],"predecessor-version":[{"id":2811,"href":"https:\/\/unicon20.fr\/de\/wp-json\/wp\/v2\/pages\/851\/revisions\/2811"}],"up":[{"embeddable":true,"href":"https:\/\/unicon20.fr\/de\/wp-json\/wp\/v2\/pages\/44"}],"wp:attachment":[{"href":"https:\/\/unicon20.fr\/de\/wp-json\/wp\/v2\/media?parent=851"}],"curies":[{"name":"wp","href":"https:\/\/api.w.org\/{rel}","templated":true}]}}