{"id":1977,"date":"2019-11-25T21:31:48","date_gmt":"2019-11-25T20:31:48","guid":{"rendered":"https:\/\/www.unicon20.fr\/?page_id=1977"},"modified":"2022-04-27T15:00:13","modified_gmt":"2022-04-27T13:00:13","slug":"ceremonies","status":"publish","type":"page","link":"https:\/\/unicon20.fr\/es\/ceremonies\/","title":{"rendered":"Ceremonias"},"content":{"rendered":"<div class=\"wp-block-themeisle-blocks-advanced-columns has-1-columns has-desktop-equal-layout has-tablet-equal-layout has-mobile-equal-layout has-default-gap has-vertical-unset\" id=\"wp-block-themeisle-blocks-advanced-columns-68278370\"><div class=\"wp-block-themeisle-blocks-advanced-columns-overlay\"><\/div><div class=\"innerblocks-wrap\">\n<div class=\"wp-block-themeisle-blocks-advanced-column\" id=\"wp-block-themeisle-blocks-advanced-column-36f85c97\">\n<h4 class=\"wp-block-heading\">Ceremonias de Apertura y Desfile:<\/h4>\n\n\n\n<p>Nos reuniremos a las 17:45 para organizar el desfile, el martes 26 de julio en L'Anneau de Vitesse (Unicon Center). Pasearemos por Grenoble acompa\u00f1ados de m\u00fasica. En esta ocasi\u00f3n, estar\u00edamos encantados de contar con un abanderado de cada pa\u00eds presente en este Unicon.<\/p>\n\n\n\n<p>After the parade, we will meet at Halle Cl\u00e9menceau for the Opening Ceremony of Unicon 20.<\/p>\n\n\n\n<p class=\"hide-on-mobile\">Here is the route:<\/p>\n\n\n[sgpx gpx=\/wp-content\/uploads\/gpx\/parade-2022.gpx ]\n\n\n\n<h4 class=\"wp-block-heading\">Ceremonias de cierre:<\/h4>\n\n\n\n<p>Estamos felices de recibir a todos para nuestra ceremonia de clausura a las 19:00 en L'Anneau de Vitesse (Unicon Center). A todas las personas inscritas se les ofrecer\u00e1 gratis una comida t\u00edpica de Grenoble*, y continuaremos con m\u00fasica hasta bien entrada la noche. <\/p>\n\n\n\n<p><em>*La comida \u00fanica es solo para competidores registrados y no competidores. Ser\u00e1 con o sin carne. Indique su elecci\u00f3n en el registro en l\u00ednea en el \u00e1rea de gastos.&nbsp;<\/em><\/p>\n<\/div>\n<\/div><\/div>","protected":false},"excerpt":{"rendered":"","protected":false},"author":1,"featured_media":0,"parent":0,"menu_order":0,"comment_status":"closed","ping_status":"closed","template":"","meta":{"footnotes":""},"class_list":["post-1977","page","type-page","status-publish","hentry"],"featured_image_urls_v2":{"full":"","thumbnail":"","medium":"","medium_large":"","large":"","1536x1536":"","2048x2048":"","trp-custom-language-flag":"","hestia-blog":""},"post_excerpt_stackable_v2":"<p>Opening Ceremonies and Parade : We will gather at 17:45 to organize for the parade, Tuesday, July 26 at L\u2019Anneau de Vitesse (Unicon Center). We will ride around Grenoble accompanied by music. On this occasion, we would be delighted to have a flag bearer for each country present at this Unicon. After the parade, we will meet at Halle Cl\u00e9menceau for the Opening Ceremony of Unicon 20. Here is the route: [sgpx gpx=\/wp-content\/uploads\/gpx\/parade-2022.gpx ] Closing ceremonies : We are happy to host everyone for our closing ceremony at 19:00 at L\u2019Anneau de Vitesse (Unicon Center). All registered people will be&hellip;<\/p>\n","category_list_v2":"","author_info_v2":{"name":"Maxence","url":"https:\/\/unicon20.fr\/es\/author\/abrikot\/"},"comments_num_v2":"0 comentarios","_links":{"self":[{"href":"https:\/\/unicon20.fr\/es\/wp-json\/wp\/v2\/pages\/1977","targetHints":{"allow":["GET"]}}],"collection":[{"href":"https:\/\/unicon20.fr\/es\/wp-json\/wp\/v2\/pages"}],"about":[{"href":"https:\/\/unicon20.fr\/es\/wp-json\/wp\/v2\/types\/page"}],"author":[{"embeddable":true,"href":"https:\/\/unicon20.fr\/es\/wp-json\/wp\/v2\/users\/1"}],"replies":[{"embeddable":true,"href":"https:\/\/unicon20.fr\/es\/wp-json\/wp\/v2\/comments?post=1977"}],"version-history":[{"count":11,"href":"https:\/\/unicon20.fr\/es\/wp-json\/wp\/v2\/pages\/1977\/revisions"}],"predecessor-version":[{"id":2794,"href":"https:\/\/unicon20.fr\/es\/wp-json\/wp\/v2\/pages\/1977\/revisions\/2794"}],"wp:attachment":[{"href":"https:\/\/unicon20.fr\/es\/wp-json\/wp\/v2\/media?parent=1977"}],"curies":[{"name":"wp","href":"https:\/\/api.w.org\/{rel}","templated":true}]}}