{"id":2235,"date":"2020-03-06T14:33:39","date_gmt":"2020-03-06T13:33:39","guid":{"rendered":"https:\/\/www.unicon20.fr\/?page_id=2235"},"modified":"2022-06-13T08:36:26","modified_gmt":"2022-06-13T06:36:26","slug":"mountain-climbing-road-race","status":"publish","type":"page","link":"https:\/\/unicon20.fr\/es\/mountain-climbing-road-race\/","title":{"rendered":"Mountain climbing road race"},"content":{"rendered":"<p>This year, the hill climb will be the specific race of the Unicon 20, just like the 100km in South Korea (Unicon 19). It will take place on Saturday, August 6.<\/p>\n\n\n\n<p><strong>Categor\u00edas de carreras<\/strong><br>Hay dos categor\u00edas de monociclo, la clase 29 y la clase ilimitada. Los riders en la Categor\u00eda 29 deben tener un di\u00e1metro de rueda entre 619-778 mm con eje regular, pero no hay l\u00edmite en la longitud de la biela. Los riders en la Categoria Ilimitada no tienen l\u00edmite en el di\u00e1metro de la rueda, la longitud de biela o la eje. Las especificaciones para cada categor\u00eda se enumeran en el Rulebook 2019 de la IUF, secci\u00f3n 3B.2.  <br> Los lugares de expert, de grupos de edad y sin cambios se definen y otorgan seg\u00fan el reglamento de la IUF. <\/p>\n\n\n\n<p><strong>Pista<\/strong><br>The 15 km long hill race has no downhill and over 1000 meters of positive elevation gain. Expect a tough race on a mountain road !<\/p>\n\n\n\n<p><strong>Mapa de la pista<\/strong><br><a href=\"\/wp-content\/uploads\/gpx\/climbing-road-race.gpx\" data-type=\"URL\" data-id=\"\/wp-content\/uploads\/gpx\/climbing-road-race.gpx\">Download the .gpx file.<\/a><\/p>\n\n\n\n[sgpx gpx=\/wp-content\/uploads\/gpx\/climbing-road-race.gpx ]","protected":false},"excerpt":{"rendered":"<p>This year, the hill climb will be the specific race of the Unicon 20, just like the 100km in South Korea (Unicon 19). It will take place on Saturday, August 6. Race categoriesThere are two unicycle categories, the 29 Class and the Unlimited Class. Riders in the 29 Class must [&hellip;]<\/p>","protected":false},"author":2,"featured_media":0,"parent":0,"menu_order":0,"comment_status":"closed","ping_status":"closed","template":"","meta":{"footnotes":""},"class_list":["post-2235","page","type-page","status-publish","hentry"],"featured_image_urls_v2":{"full":"","thumbnail":"","medium":"","medium_large":"","large":"","1536x1536":"","2048x2048":"","trp-custom-language-flag":"","hestia-blog":""},"post_excerpt_stackable_v2":"<p>This year, the hill climb will be the specific race of the Unicon 20, just like the 100km in South Korea (Unicon 19). It will take place on Saturday, August 6. Race categoriesThere are two unicycle categories, the 29 Class and the Unlimited Class. Riders in the 29 Class must have a wheel diameter between 619-778mm with regular transmission, but there is no limit on crank length. Riders in the Unlimited Class have no limit on wheel diameter, crank length or transmission. The specifications for each class are listed in the IUF Rulebook 2019, section 3B.2. Expert, age-group and ungeared&hellip;<\/p>\n","category_list_v2":"","author_info_v2":{"name":"Fran\u00e7ois","url":"https:\/\/unicon20.fr\/es\/author\/gingo\/"},"comments_num_v2":"0 comentarios","_links":{"self":[{"href":"https:\/\/unicon20.fr\/es\/wp-json\/wp\/v2\/pages\/2235","targetHints":{"allow":["GET"]}}],"collection":[{"href":"https:\/\/unicon20.fr\/es\/wp-json\/wp\/v2\/pages"}],"about":[{"href":"https:\/\/unicon20.fr\/es\/wp-json\/wp\/v2\/types\/page"}],"author":[{"embeddable":true,"href":"https:\/\/unicon20.fr\/es\/wp-json\/wp\/v2\/users\/2"}],"replies":[{"embeddable":true,"href":"https:\/\/unicon20.fr\/es\/wp-json\/wp\/v2\/comments?post=2235"}],"version-history":[{"count":12,"href":"https:\/\/unicon20.fr\/es\/wp-json\/wp\/v2\/pages\/2235\/revisions"}],"predecessor-version":[{"id":2989,"href":"https:\/\/unicon20.fr\/es\/wp-json\/wp\/v2\/pages\/2235\/revisions\/2989"}],"wp:attachment":[{"href":"https:\/\/unicon20.fr\/es\/wp-json\/wp\/v2\/media?parent=2235"}],"curies":[{"name":"wp","href":"https:\/\/api.w.org\/{rel}","templated":true}]}}