{"id":244,"date":"2019-03-12T15:13:14","date_gmt":"2019-03-12T14:13:14","guid":{"rendered":"https:\/\/www.unicon20.fr\/?page_id=244"},"modified":"2020-02-12T12:42:05","modified_gmt":"2020-02-12T11:42:05","slug":"urban","status":"publish","type":"page","link":"https:\/\/unicon20.fr\/es\/competitions\/disciplines\/urban\/","title":{"rendered":"Monociclo urbano"},"content":{"rendered":"<figure class=\"wp-block-image\"><img loading=\"lazy\" decoding=\"async\" width=\"1024\" height=\"683\" src=\"https:\/\/unicon20.fr\/wp-content\/uploads\/2019\/05\/IMG_8328-1024x683.jpg\" alt=\"\" class=\"wp-image-1350\" srcset=\"https:\/\/unicon20.fr\/wp-content\/uploads\/2019\/05\/IMG_8328-1024x683.jpg 1024w, https:\/\/unicon20.fr\/wp-content\/uploads\/2019\/05\/IMG_8328-300x200.jpg 300w, https:\/\/unicon20.fr\/wp-content\/uploads\/2019\/05\/IMG_8328-768x512.jpg 768w, https:\/\/unicon20.fr\/wp-content\/uploads\/2019\/05\/IMG_8328-360x240.jpg 360w, https:\/\/unicon20.fr\/wp-content\/uploads\/2019\/05\/IMG_8328.jpg 1920w\" sizes=\"auto, (max-width: 1024px) 100vw, 1024px\" \/><\/figure>\n\n\n\n<p>El monociclo urbano agrupa a las competiciones que se pueden llevar a cabo en las calles. Espec\u00edficamente para el UNICON, vamos a construir o usar obst\u00e1culos ya construidos. Hay cuatro competiciones distintas:<\/p>\n\n\n\n<div class=\"wp-block-columns has-2-columns is-layout-flex wp-container-core-columns-is-layout-9d6595d7 wp-block-columns-is-layout-flex\">\n<div class=\"wp-block-column is-vertically-aligned-center is-layout-flow wp-block-column-is-layout-flow\">\n<ul class=\"wp-block-list\"><li><a href=\"https:\/\/unicon20.fr\/flatland\/\">Flatland<\/a><\/li><li><a href=\"https:\/\/unicon20.fr\/street\/\">Street<\/a><\/li><li><a href=\"https:\/\/unicon20.fr\/trials\/\">Trial<\/a><\/li><li><a href=\"https:\/\/unicon20.fr\/trials\/\">Speed trial<\/a><\/li><li><a href=\"https:\/\/unicon20.fr\/jumps\/\">Salto de longuitud<\/a><\/li><li><a href=\"https:\/\/unicon20.fr\/jumps\/\">Salto de altura<\/a><\/li><\/ul>\n<\/div>\n\n\n\n<div class=\"wp-block-column is-layout-flow wp-block-column-is-layout-flow\">\n<figure class=\"wp-block-image\"><img loading=\"lazy\" decoding=\"async\" width=\"1024\" height=\"683\" src=\"https:\/\/unicon20.fr\/wp-content\/uploads\/2019\/05\/IMG_8217-e1557071151499-1024x683.jpg\" alt=\"\" class=\"wp-image-1351\" srcset=\"https:\/\/unicon20.fr\/wp-content\/uploads\/2019\/05\/IMG_8217-e1557071151499-1024x683.jpg 1024w, https:\/\/unicon20.fr\/wp-content\/uploads\/2019\/05\/IMG_8217-e1557071151499-300x200.jpg 300w, https:\/\/unicon20.fr\/wp-content\/uploads\/2019\/05\/IMG_8217-e1557071151499-768x512.jpg 768w, https:\/\/unicon20.fr\/wp-content\/uploads\/2019\/05\/IMG_8217-e1557071151499-360x240.jpg 360w, https:\/\/unicon20.fr\/wp-content\/uploads\/2019\/05\/IMG_8217-e1557071151499.jpg 1280w\" sizes=\"auto, (max-width: 1024px) 100vw, 1024px\" \/><\/figure>\n<\/div>\n<\/div>\n\n\n\n<p>En Flatland, los monociclistas se combinan para enfrentarse a s\u00ed mismos en forma de torneo (Batallas estilo torneo), demostrando varios combos y enlaces de trucos en terreno plano. El ganador es el que acumula m\u00e1s puntos del jurado.<br>En street, los monociclistas tienen que desarrollar sesiones de trucos de una manera creativa con el uso de diversos obst\u00e1culos urbanos (bancos, juegos de escaleras, rampas, rieles, etc.). El ganador es el que acumula m\u00e1s puntos del jurado.<br>EnTrial, los riders deben superar pistas compuestas por m\u00faltiples secciones de obst\u00e1culos. El ganador es el que completa m\u00e1s secciones.<br>El Speed Trial es como Trial, excepto que los competidores est\u00e1n emparejados para superar zonas similares y la competici\u00f3n es en forma de torneo. El ganador es el primero en cruzar la l\u00ednea.<\/p>","protected":false},"excerpt":{"rendered":"<p>Urban gathers competitions than can be held in streets. For the sake of the UNICON, we build &#8211; or use already built &#8211; obstacles. There are four different competitions: Flatland Street Trials Speed trials Long jump High jump In flatland, unicyclists are paired to confront themselves in a tournament form [&hellip;]<\/p>","protected":false},"author":1,"featured_media":0,"parent":38,"menu_order":0,"comment_status":"closed","ping_status":"closed","template":"","meta":{"footnotes":""},"class_list":["post-244","page","type-page","status-publish","hentry"],"featured_image_urls_v2":{"full":"","thumbnail":"","medium":"","medium_large":"","large":"","1536x1536":"","2048x2048":"","trp-custom-language-flag":"","hestia-blog":""},"post_excerpt_stackable_v2":"<p>Urban gathers competitions than can be held in streets. For the sake of the UNICON, we build &#8211; or use already built &#8211; obstacles. There are four different competitions: FlatlandStreetTrialsSpeed trialsLong jumpHigh jump In flatland, unicyclists are paired to confront themselves in a tournament form (tournament-style Battles), demonstrating various combos and links of tricks on flat ground. The winner is the one who accumulates the most points from the jury.In street, unicyclists have to ride sessions of tricks in a creative way with the use of various urban obstacles (benches, stair sets, ramps, rails, etc). The winner is the one&hellip;<\/p>\n","category_list_v2":"","author_info_v2":{"name":"Maxence","url":"https:\/\/unicon20.fr\/es\/author\/abrikot\/"},"comments_num_v2":"0 comentarios","_links":{"self":[{"href":"https:\/\/unicon20.fr\/es\/wp-json\/wp\/v2\/pages\/244","targetHints":{"allow":["GET"]}}],"collection":[{"href":"https:\/\/unicon20.fr\/es\/wp-json\/wp\/v2\/pages"}],"about":[{"href":"https:\/\/unicon20.fr\/es\/wp-json\/wp\/v2\/types\/page"}],"author":[{"embeddable":true,"href":"https:\/\/unicon20.fr\/es\/wp-json\/wp\/v2\/users\/1"}],"replies":[{"embeddable":true,"href":"https:\/\/unicon20.fr\/es\/wp-json\/wp\/v2\/comments?post=244"}],"version-history":[{"count":7,"href":"https:\/\/unicon20.fr\/es\/wp-json\/wp\/v2\/pages\/244\/revisions"}],"predecessor-version":[{"id":2192,"href":"https:\/\/unicon20.fr\/es\/wp-json\/wp\/v2\/pages\/244\/revisions\/2192"}],"up":[{"embeddable":true,"href":"https:\/\/unicon20.fr\/es\/wp-json\/wp\/v2\/pages\/38"}],"wp:attachment":[{"href":"https:\/\/unicon20.fr\/es\/wp-json\/wp\/v2\/media?parent=244"}],"curies":[{"name":"wp","href":"https:\/\/api.w.org\/{rel}","templated":true}]}}