{"id":247,"date":"2019-03-12T15:14:26","date_gmt":"2019-03-12T14:14:26","guid":{"rendered":"https:\/\/www.unicon20.fr\/?page_id=247"},"modified":"2022-05-17T10:12:04","modified_gmt":"2022-05-17T08:12:04","slug":"road-races","status":"publish","type":"page","link":"https:\/\/unicon20.fr\/es\/competitions\/disciplines\/road-races\/","title":{"rendered":"Carreras en carretera"},"content":{"rendered":"<figure class=\"wp-block-image\"><img loading=\"lazy\" decoding=\"async\" width=\"1024\" height=\"683\" src=\"https:\/\/unicon20.fr\/wp-content\/uploads\/2019\/05\/IMG_9472-1024x683.jpg\" alt=\"\" class=\"wp-image-1343\" srcset=\"https:\/\/unicon20.fr\/wp-content\/uploads\/2019\/05\/IMG_9472-1024x683.jpg 1024w, https:\/\/unicon20.fr\/wp-content\/uploads\/2019\/05\/IMG_9472-300x200.jpg 300w, https:\/\/unicon20.fr\/wp-content\/uploads\/2019\/05\/IMG_9472-768x512.jpg 768w, https:\/\/unicon20.fr\/wp-content\/uploads\/2019\/05\/IMG_9472-360x240.jpg 360w, https:\/\/unicon20.fr\/wp-content\/uploads\/2019\/05\/IMG_9472.jpg 1920w\" sizes=\"auto, (max-width: 1024px) 100vw, 1024px\" \/><\/figure>\n\n\n\n<div class=\"wp-block-media-text has-media-on-the-right is-stacked-on-mobile\"><figure class=\"wp-block-media-text__media\"><img loading=\"lazy\" decoding=\"async\" width=\"718\" height=\"960\" src=\"https:\/\/unicon20.fr\/wp-content\/uploads\/2019\/05\/martin_charrier_long_distance.jpg\" alt=\"\" class=\"wp-image-1381 size-full\" srcset=\"https:\/\/unicon20.fr\/wp-content\/uploads\/2019\/05\/martin_charrier_long_distance.jpg 718w, https:\/\/unicon20.fr\/wp-content\/uploads\/2019\/05\/martin_charrier_long_distance-224x300.jpg 224w\" sizes=\"auto, (max-width: 718px) 100vw, 718px\" \/><\/figure><div class=\"wp-block-media-text__content\">\n<p>Competiciones de carreras en carretera:   <\/p>\n\n\n\n<ul class=\"wp-block-list\"><li><a href=\"https:\/\/unicon20.fr\/10km\/\">10km<\/a><\/li><li><a href=\"https:\/\/unicon20.fr\/marathon\/\">Marat\u00f3n<\/a><\/li><li><a href=\"https:\/\/unicon20.fr\/mountain-climbing-road-race\/\" data-type=\"page\" data-id=\"2235\">Mountain climbing road race<\/a><\/li><\/ul>\n<\/div><\/div>\n\n\n\n<p>Las carreras en carretera implican andar co los monociclos a largas distancias, generalmente en carreteras y carriles bici.<br> Hay dos tipos de eventos en carretera: las carreras de \"distancia fija\" y las de \"distancia libre\". Las carreras de distancia fija se establecen en 10 km y Marat\u00f3n (42.195 km). Se ejecutan en una pista generalmente plana y uniforme para permitir comparaciones entre eventos. En la carrera de distancia libre, el terreno y las distancias son variables, lo que permite a los organizadores hacer un mejor uso de la geograf\u00eda local. La carrera de distancia libre de este a\u00f1o tomar\u00e1 algunas de las subidas que se hicieron famosas con el Tour de Francia. <\/p>\n\n\n\n<p>En cada carrera, hay dos categor\u00edas de monociclo: \"clase est\u00e1ndar\" y \"clase ilimitada\". La clase est\u00e1ndar se define por el tama\u00f1o de la rueda (por ejemplo, la clase 24 y la clase 29), con limitaci\u00f3n en la longitud de las bielas y los cambios. La clase ilimitada no tiene limitaciones en cuanto al tama\u00f1o de la rueda, la longitud de biela o los cambios, por lo que los competidores son libres de elegir el equipo que deseen usar.<\/p>\n\n\n\n<p style=\"font-size:25px\"><strong>Mandatory protections<\/strong><\/p>\n\n\n\n<ul class=\"wp-block-list\"><li>Closed shoes,<\/li><li> Helmet, <\/li><li>Gloves \/ wrist gards<\/li><li> Knee and elbow pads encouraged<\/li><\/ul>\n\n\n\n<p><\/p>","protected":false},"excerpt":{"rendered":"<p>Road racing competition: 10km Marathon Mountain climbing road race Road racing involves racing unicycles over long distances, usually on roads and cycle paths. There are two types of road event- the \u2018fixed-distance\u2019 and the \u2018free-distance\u2019 races. Fixed distance races are set at 10km and Marathon (42.195km). They are run on [&hellip;]<\/p>","protected":false},"author":1,"featured_media":0,"parent":38,"menu_order":0,"comment_status":"closed","ping_status":"closed","template":"","meta":{"footnotes":""},"class_list":["post-247","page","type-page","status-publish","hentry"],"featured_image_urls_v2":{"full":"","thumbnail":"","medium":"","medium_large":"","large":"","1536x1536":"","2048x2048":"","trp-custom-language-flag":"","hestia-blog":""},"post_excerpt_stackable_v2":"<p>Road racing competition: 10kmMarathonMountain climbing road race Road racing involves racing unicycles over long distances, usually on roads and cycle paths. There are two types of road event- the \u2018fixed-distance\u2019 and the \u2018free-distance\u2019 races. Fixed distance races are set at 10km and Marathon (42.195km). They are run on a generally flat, uniform course to allow comparisons between events. In the free distance race, terrain and distances are variable, which allow organisers to make best use of local geography. This year\u2019s free distance race will take on some of the climbs made famous by the Tour de France. In each race,&hellip;<\/p>\n","category_list_v2":"","author_info_v2":{"name":"Maxence","url":"https:\/\/unicon20.fr\/es\/author\/abrikot\/"},"comments_num_v2":"0 comentarios","_links":{"self":[{"href":"https:\/\/unicon20.fr\/es\/wp-json\/wp\/v2\/pages\/247","targetHints":{"allow":["GET"]}}],"collection":[{"href":"https:\/\/unicon20.fr\/es\/wp-json\/wp\/v2\/pages"}],"about":[{"href":"https:\/\/unicon20.fr\/es\/wp-json\/wp\/v2\/types\/page"}],"author":[{"embeddable":true,"href":"https:\/\/unicon20.fr\/es\/wp-json\/wp\/v2\/users\/1"}],"replies":[{"embeddable":true,"href":"https:\/\/unicon20.fr\/es\/wp-json\/wp\/v2\/comments?post=247"}],"version-history":[{"count":15,"href":"https:\/\/unicon20.fr\/es\/wp-json\/wp\/v2\/pages\/247\/revisions"}],"predecessor-version":[{"id":2876,"href":"https:\/\/unicon20.fr\/es\/wp-json\/wp\/v2\/pages\/247\/revisions\/2876"}],"up":[{"embeddable":true,"href":"https:\/\/unicon20.fr\/es\/wp-json\/wp\/v2\/pages\/38"}],"wp:attachment":[{"href":"https:\/\/unicon20.fr\/es\/wp-json\/wp\/v2\/media?parent=247"}],"curies":[{"name":"wp","href":"https:\/\/api.w.org\/{rel}","templated":true}]}}