{"id":249,"date":"2019-03-12T15:14:48","date_gmt":"2019-03-12T14:14:48","guid":{"rendered":"https:\/\/www.unicon20.fr\/?page_id=249"},"modified":"2022-05-31T22:15:36","modified_gmt":"2022-05-31T20:15:36","slug":"freestyle","status":"publish","type":"page","link":"https:\/\/unicon20.fr\/es\/competitions\/disciplines\/freestyle\/","title":{"rendered":"Freestyle"},"content":{"rendered":"<figure class=\"wp-block-image\"><img loading=\"lazy\" decoding=\"async\" width=\"3918\" height=\"2204\" src=\"https:\/\/unicon20.fr\/wp-content\/uploads\/2019\/05\/IMG_8115.jpg\" alt=\"\" class=\"wp-image-1346\" srcset=\"https:\/\/unicon20.fr\/wp-content\/uploads\/2019\/05\/IMG_8115.jpg 3918w, https:\/\/unicon20.fr\/wp-content\/uploads\/2019\/05\/IMG_8115-300x169.jpg 300w, https:\/\/unicon20.fr\/wp-content\/uploads\/2019\/05\/IMG_8115-768x432.jpg 768w, https:\/\/unicon20.fr\/wp-content\/uploads\/2019\/05\/IMG_8115-1024x576.jpg 1024w\" sizes=\"auto, (max-width: 3918px) 100vw, 3918px\" \/><\/figure>\n\n\n\n<div class=\"wp-block-media-text has-media-on-the-right is-stacked-on-mobile\" style=\"grid-template-columns:auto 32%\"><figure class=\"wp-block-media-text__media\"><img loading=\"lazy\" decoding=\"async\" width=\"683\" height=\"1024\" src=\"https:\/\/unicon20.fr\/wp-content\/uploads\/2019\/05\/IMG_8139-683x1024.jpg\" alt=\"\" class=\"wp-image-1373 size-full\" srcset=\"https:\/\/unicon20.fr\/wp-content\/uploads\/2019\/05\/IMG_8139-683x1024.jpg 683w, https:\/\/unicon20.fr\/wp-content\/uploads\/2019\/05\/IMG_8139-200x300.jpg 200w, https:\/\/unicon20.fr\/wp-content\/uploads\/2019\/05\/IMG_8139-768x1152.jpg 768w, https:\/\/unicon20.fr\/wp-content\/uploads\/2019\/05\/IMG_8139.jpg 1280w\" sizes=\"auto, (max-width: 683px) 100vw, 683px\" \/><\/figure><div class=\"wp-block-media-text__content\">\n<p>El Freestyle agrupa cuatro competiciones diferentes <\/p>\n\n\n\n<ul class=\"wp-block-list\"><li> Freestyle individual<\/li><li>Freestyle por parejas<\/li><li>Freestyle en grupo<\/li><li>X-Style <\/li><\/ul>\n\n\n\n<p><\/p>\n<\/div><\/div>\n\n\n\n<p> En Freestyle art\u00edstico, los riders act\u00faan con m\u00fasica, disfraces, accesorios y todo tipo de monociclos. Los riders son juzgados no solo por su habilidad, sino tambi\u00e9n por lo bien que entretienen y organizan un espect\u00e1culo. Hay eventos individuales, en pareja y grupales de freestyle. Freestyle de grupo peque\u00f1o tiene 3-8 competidores y Freestyle de grupo grande tiene 9 o m\u00e1s competidores.<\/p>\n\n\n\n<p>X-Style es un evento para que los riders muestren sus habilidades m\u00e1s dif\u00edciles. Los competidores pueden mostrar su propio estilo con creatividad e ingenio. Los competidores son juzgados \u00fanicamente por las habilidades que completan. El rendimiento y las ca\u00eddas no cuentan como en otras competiciones de freestyle.<\/p>\n\n\n\n<p>Tenga en cuenta: las inscripciones en individual y pareja de freestyle est\u00e1n limitadas por pa\u00eds. A cada pa\u00eds se le permitir\u00e1n 30 pares de grupos de edad, 30 grupos de edad masculinos individuales y 30 grupos de edades femeninas rutinas individuales. P\u00f3ngase en contacto con su federaci\u00f3n si no est\u00e1 seguro de poder registrarse.<br><strong>Deadline to register for freestyle events is 6-June-2022.<\/strong><\/p>\n\n\n\n<p>Los eventos de Freestyle se llevaran a cabo en <a rel=\"noreferrer noopener\" aria-label=\" (opens in a new tab)\" href=\"https:\/\/unicon20.fr\/wp-content\/plugins\/leaflet-maps-marker\/leaflet-fullscreen.php?marker=7\" target=\"_blank\">Pista cubierta Cl\u00e9menceau<\/a>La pista es bastante grande y puede dividirse en m\u00faltiples secciones, con una porci\u00f3n para que los competidores practiquen, durante algunas competiciones. El \u00e1rea completa del gimnasio se usar\u00e1 durante las competenciones de Jr. Expert, Expert y Group y no habr\u00e1 otros competidores en el per\u00edmetro en estos momentos. La superficie de conducci\u00f3n de la sala es Taraflex, una superficie de goma con una peque\u00f1a cantidad de flexibilidad.<\/p>\n\n\n\n<p>Tambi\u00e9n, habr\u00e1 un gimnasio disponible para practicar freestyle en <a rel=\"noreferrer noopener\" aria-label=\" (opens in a new tab)\" href=\"https:\/\/unicon20.fr\/wp-content\/plugins\/leaflet-maps-marker\/leaflet-fullscreen.php?marker=25\" target=\"_blank\">Gimnasio L\u00e9on Jouhaux<\/a>,  about 1.5km from <a rel=\"noreferrer noopener\" aria-label=\" (opens in a new tab)\" href=\"https:\/\/unicon20.fr\/wp-content\/plugins\/leaflet-maps-marker\/leaflet-fullscreen.php?marker=7\" target=\"_blank\">Pista cubierta Cl\u00e9menceau<\/a>Las horas disponibles para esta ubicaci\u00f3n no est\u00e1n finalizadas en este momento.<\/p>\n\n\n\n<figure class=\"wp-block-image alignwide\"><img loading=\"lazy\" decoding=\"async\" width=\"1024\" height=\"364\" src=\"https:\/\/unicon20.fr\/wp-content\/uploads\/2019\/11\/Halle-Cl\u00e9menceau-1024x364.jpg\" alt=\"\" class=\"wp-image-1856\" srcset=\"https:\/\/unicon20.fr\/wp-content\/uploads\/2019\/11\/Halle-Cl\u00e9menceau-1024x364.jpg 1024w, https:\/\/unicon20.fr\/wp-content\/uploads\/2019\/11\/Halle-Cl\u00e9menceau-300x107.jpg 300w, https:\/\/unicon20.fr\/wp-content\/uploads\/2019\/11\/Halle-Cl\u00e9menceau-768x273.jpg 768w\" sizes=\"auto, (max-width: 1024px) 100vw, 1024px\" \/><figcaption>Pista cubierta Cl\u00e9menceau<\/figcaption><\/figure>","protected":false},"excerpt":{"rendered":"<p>Freestyle gathers four different competitions: Individual freestyle Pair freestyle Group freestyle X-Style In Artistic Freestyle, riders perform to music, with costumes, props and any kinds of unicycles. Riders are judged not only on skill, but also on how well they entertain and put on a show. There are Individual, Pair, [&hellip;]<\/p>","protected":false},"author":1,"featured_media":0,"parent":38,"menu_order":0,"comment_status":"closed","ping_status":"closed","template":"","meta":{"footnotes":""},"class_list":["post-249","page","type-page","status-publish","hentry"],"featured_image_urls_v2":{"full":"","thumbnail":"","medium":"","medium_large":"","large":"","1536x1536":"","2048x2048":"","trp-custom-language-flag":"","hestia-blog":""},"post_excerpt_stackable_v2":"<p>Freestyle gathers four different competitions: Individual freestylePair freestyleGroup freestyleX-Style In Artistic Freestyle, riders perform to music, with costumes, props and any kinds of unicycles. Riders are judged not only on skill, but also on how well they entertain and put on a show. There are Individual, Pair, and Group Freestyle events. Small Group Freestyle has 3-8 riders and Large Group Freestyle has 9 or more riders. X-Style is an event for riders to show off their most difficult skills. Riders can show their own style with creativity and ingenuity. The competitors are judged solely on the skills that they complete.&hellip;<\/p>\n","category_list_v2":"","author_info_v2":{"name":"Maxence","url":"https:\/\/unicon20.fr\/es\/author\/abrikot\/"},"comments_num_v2":"0 comentarios","_links":{"self":[{"href":"https:\/\/unicon20.fr\/es\/wp-json\/wp\/v2\/pages\/249","targetHints":{"allow":["GET"]}}],"collection":[{"href":"https:\/\/unicon20.fr\/es\/wp-json\/wp\/v2\/pages"}],"about":[{"href":"https:\/\/unicon20.fr\/es\/wp-json\/wp\/v2\/types\/page"}],"author":[{"embeddable":true,"href":"https:\/\/unicon20.fr\/es\/wp-json\/wp\/v2\/users\/1"}],"replies":[{"embeddable":true,"href":"https:\/\/unicon20.fr\/es\/wp-json\/wp\/v2\/comments?post=249"}],"version-history":[{"count":17,"href":"https:\/\/unicon20.fr\/es\/wp-json\/wp\/v2\/pages\/249\/revisions"}],"predecessor-version":[{"id":2943,"href":"https:\/\/unicon20.fr\/es\/wp-json\/wp\/v2\/pages\/249\/revisions\/2943"}],"up":[{"embeddable":true,"href":"https:\/\/unicon20.fr\/es\/wp-json\/wp\/v2\/pages\/38"}],"wp:attachment":[{"href":"https:\/\/unicon20.fr\/es\/wp-json\/wp\/v2\/media?parent=249"}],"curies":[{"name":"wp","href":"https:\/\/api.w.org\/{rel}","templated":true}]}}