{"id":253,"date":"2019-03-12T15:17:39","date_gmt":"2019-03-12T14:17:39","guid":{"rendered":"https:\/\/www.unicon20.fr\/?page_id=253"},"modified":"2022-06-30T21:35:03","modified_gmt":"2022-06-30T19:35:03","slug":"muni-races","status":"publish","type":"page","link":"https:\/\/unicon20.fr\/es\/competitions\/disciplines\/muni-races\/","title":{"rendered":"Muni"},"content":{"rendered":"<figure class=\"wp-block-image\"><img loading=\"lazy\" decoding=\"async\" width=\"960\" height=\"640\" src=\"https:\/\/unicon20.fr\/wp-content\/uploads\/2019\/05\/jakob_flansb.jpg\" alt=\"\" class=\"wp-image-1347\" srcset=\"https:\/\/unicon20.fr\/wp-content\/uploads\/2019\/05\/jakob_flansb.jpg 960w, https:\/\/unicon20.fr\/wp-content\/uploads\/2019\/05\/jakob_flansb-300x200.jpg 300w, https:\/\/unicon20.fr\/wp-content\/uploads\/2019\/05\/jakob_flansb-768x512.jpg 768w, https:\/\/unicon20.fr\/wp-content\/uploads\/2019\/05\/jakob_flansb-360x240.jpg 360w\" sizes=\"auto, (max-width: 960px) 100vw, 960px\" \/><\/figure>\n\n\n\n<p>Muni significa \"Monociclo de monta\u00f1a\". Se trata de andar por pistas de terreno irregular.<\/p>\n\n\n\n<p><br><\/p>\n\n\n\n<div class=\"wp-block-media-text has-media-on-the-right is-stacked-on-mobile\"><figure class=\"wp-block-media-text__media\"><img loading=\"lazy\" decoding=\"async\" width=\"683\" height=\"1024\" src=\"https:\/\/unicon20.fr\/wp-content\/uploads\/2019\/05\/IMG_8986-683x1024.jpg\" alt=\"\" class=\"wp-image-1376 size-full\" srcset=\"https:\/\/unicon20.fr\/wp-content\/uploads\/2019\/05\/IMG_8986-683x1024.jpg 683w, https:\/\/unicon20.fr\/wp-content\/uploads\/2019\/05\/IMG_8986-200x300.jpg 200w, https:\/\/unicon20.fr\/wp-content\/uploads\/2019\/05\/IMG_8986-768x1152.jpg 768w, https:\/\/unicon20.fr\/wp-content\/uploads\/2019\/05\/IMG_8986.jpg 1280w\" sizes=\"auto, (max-width: 683px) 100vw, 683px\" \/><\/figure><div class=\"wp-block-media-text__content\">\n<p> Muni agrupa cuatro competiciones distintas:  <\/p>\n\n\n\n<ul class=\"wp-block-list\"><li><a href=\"https:\/\/unicon20.fr\/cross-country\/\">Cross country<\/a><\/li><li><a href=\"https:\/\/unicon20.fr\/downhill\/\">Downhill<\/a><\/li><li><a href=\"https:\/\/unicon20.fr\/uphill\/\">Uphill<\/a><\/li><li><a href=\"https:\/\/unicon20.fr\/competitions\/disciplines\/muni-races\/cyclocross\/\">Cyclocross<\/a><\/li><\/ul>\n<\/div><\/div>\n\n\n\n<p>Las primeras tres son carreras off-road donde m\u00faltiples oleadas de competidores intentan cruzar las l\u00edneas de meta en el tiempo m\u00e1s r\u00e1pido.<br>Durante la carrera de descenso, los riders tienen que bajar una pendiente de alta dificultad. Durante la carrera de uphill, tienen que subir una cuesta de alta dificultad. Cross country es una mezcla de cuesta abajo y cuesta arriba donde las pendientes son de dificultad moderada.<\/p>\n\n\n\n<p>El ciclocross es diferente a los tres \u00faltimos: se colocan obst\u00e1culos artificiales en el circuito y los riders tienen que superarlos, se deben desmontar para atravesarse. El ganador es el que ha completado la mayor cantidad de vueltas en el tiempo dado.<\/p>\n\n\n\n<p style=\"font-size:25px\"><strong>mandatory protections <\/strong><\/p>\n\n\n\n<ul class=\"wp-block-list\"><li>Closed shoes,<\/li><li> Knee pads,<\/li><li> Gloves or wrist guards,<\/li><li> Helmet \/ Shin guards,<\/li><li> Elbow pads<\/li><li>Ankle guards encouraged<\/li><\/ul>","protected":false},"excerpt":{"rendered":"<p>Muni stands for &#8220;Mountain Unicycling&#8221;. It&#8217;s all about riding on rugged paths. Muni gathers four different competitions: Cross country Downhill Uphill Cyclocross The first three of them are off-road races where multiple waves of unicyclists try to cross the finish lines within the fastest time.During the downhill race, riders have [&hellip;]<\/p>","protected":false},"author":1,"featured_media":0,"parent":38,"menu_order":0,"comment_status":"closed","ping_status":"closed","template":"","meta":{"footnotes":""},"class_list":["post-253","page","type-page","status-publish","hentry"],"featured_image_urls_v2":{"full":"","thumbnail":"","medium":"","medium_large":"","large":"","1536x1536":"","2048x2048":"","trp-custom-language-flag":"","hestia-blog":""},"post_excerpt_stackable_v2":"<p>Muni stands for &#8220;Mountain Unicycling&#8221;. It&#8217;s all about riding on rugged paths. Muni gathers four different competitions: Cross countryDownhillUphillCyclocross The first three of them are off-road races where multiple waves of unicyclists try to cross the finish lines within the fastest time.During the downhill race, riders have to ride a downslope of high difficulty. During the uphill race, they have to ride an upslope of high difficulty. Cross country is a mix of downhill and uphill where slopes are of moderate difficulty. Cyclocross is unlike the three lasts: artificial obstacles are laid on the circuit and riders have to overcome&hellip;<\/p>\n","category_list_v2":"","author_info_v2":{"name":"Maxence","url":"https:\/\/unicon20.fr\/es\/author\/abrikot\/"},"comments_num_v2":"0 comentarios","_links":{"self":[{"href":"https:\/\/unicon20.fr\/es\/wp-json\/wp\/v2\/pages\/253","targetHints":{"allow":["GET"]}}],"collection":[{"href":"https:\/\/unicon20.fr\/es\/wp-json\/wp\/v2\/pages"}],"about":[{"href":"https:\/\/unicon20.fr\/es\/wp-json\/wp\/v2\/types\/page"}],"author":[{"embeddable":true,"href":"https:\/\/unicon20.fr\/es\/wp-json\/wp\/v2\/users\/1"}],"replies":[{"embeddable":true,"href":"https:\/\/unicon20.fr\/es\/wp-json\/wp\/v2\/comments?post=253"}],"version-history":[{"count":14,"href":"https:\/\/unicon20.fr\/es\/wp-json\/wp\/v2\/pages\/253\/revisions"}],"predecessor-version":[{"id":3076,"href":"https:\/\/unicon20.fr\/es\/wp-json\/wp\/v2\/pages\/253\/revisions\/3076"}],"up":[{"embeddable":true,"href":"https:\/\/unicon20.fr\/es\/wp-json\/wp\/v2\/pages\/38"}],"wp:attachment":[{"href":"https:\/\/unicon20.fr\/es\/wp-json\/wp\/v2\/media?parent=253"}],"curies":[{"name":"wp","href":"https:\/\/api.w.org\/{rel}","templated":true}]}}