{"id":2661,"date":"2022-05-04T21:23:38","date_gmt":"2022-05-04T19:23:38","guid":{"rendered":"https:\/\/www.unicon20.fr\/?page_id=2661"},"modified":"2022-05-04T21:24:33","modified_gmt":"2022-05-04T19:24:33","slug":"questionnaire-under-18","status":"publish","type":"page","link":"https:\/\/unicon20.fr\/es\/questionnaire-under-18\/","title":{"rendered":"Cuestionario (menores de 18 a\u00f1os)"},"content":{"rendered":"<div class=\"wp-block-themeisle-blocks-advanced-columns has-1-columns has-desktop-equal-layout has-tablet-equal-layout has-mobile-equal-layout has-default-gap has-vertical-unset\" id=\"wp-block-themeisle-blocks-advanced-columns-13c0ccc2\"><div class=\"wp-block-themeisle-blocks-advanced-columns-overlay\"><\/div><div class=\"innerblocks-wrap\">\n<div class=\"wp-block-themeisle-blocks-advanced-column\" id=\"wp-block-themeisle-blocks-advanced-column-f372df51\">\n<p>Para asistir a Unicon 20, los menores de edad* (menores de 18 a\u00f1os el 26 de julio de 2022) deben completar un cuestionario m\u00e9dico. Por favor, desc\u00e1rguelo y luego ll\u00e9nelo. Si ha respondido \"NO\" a todas las preguntas, vaya al software de registro y marque la casilla correspondiente. De lo contrario, por favor vaya a la p\u00e1gina del <a href=\"https:\/\/unicon20.fr\/health\/medical-certificate\/\" data-type=\"page\" data-id=\"1455\">certificado m\u00e9dico<\/a> , la necesitar\u00e1 para asistir a Unicon 20. Si ya ha proporcionado un Certificado M\u00e9dico, no es necesario completar el cuestionario.<\/p>\n\n\n\n<p>* Los monociclistas franceses miembros de la UNSLL ya han completado este cuestionario. Por favor, simplemente proceda y marque la casilla.<\/p>\n\n\n\n<p><a href=\"https:\/\/unicon20.fr\/wp-content\/uploads\/2022\/05\/Unicon_questionnaire_english_french.pdf\" data-type=\"URL\" data-id=\"https:\/\/unicon20.fr\/wp-content\/uploads\/2022\/05\/Unicon_questionnaire_english_french.pdf\">Cuestionario en franc\u00e9s e ingl\u00e9s.<\/a>.<\/p>\n\n\n\n<p><a href=\"https:\/\/unicon20.fr\/wp-content\/uploads\/2022\/05\/Unicon_questionnaire_german_french.pdf\" data-type=\"URL\" data-id=\"https:\/\/unicon20.fr\/wp-content\/uploads\/2022\/05\/Unicon_questionnaire_german_french.pdf\">Cuestionario en alem\u00e1n<\/a>.<\/p>\n<\/div>\n<\/div><\/div>","protected":false},"excerpt":{"rendered":"","protected":false},"author":2,"featured_media":0,"parent":0,"menu_order":0,"comment_status":"closed","ping_status":"closed","template":"","meta":{"footnotes":""},"class_list":["post-2661","page","type-page","status-publish","hentry"],"featured_image_urls_v2":{"full":"","thumbnail":"","medium":"","medium_large":"","large":"","1536x1536":"","2048x2048":"","trp-custom-language-flag":"","hestia-blog":""},"post_excerpt_stackable_v2":"<p>To attend Unicon 20, minors* (under 18 years old the 26th of July 2022) must fill out a medical questionnaire. Please download it, then fill it. If you have answered &#8220;NO&#8221; to all questions, then proceed to the registration software and check the corresponding box. Otherwise, please go to the Medical Certificate page, you will need it to attend Unicon 20. If you have already provided a Medical Certificate, there is no need to fill the questionnaire. * French riders members of UNSLL have already filled this questionnaire. Please, just proceed and check the box. Questionnaire in french and english.&hellip;<\/p>\n","category_list_v2":"","author_info_v2":{"name":"Fran\u00e7ois","url":"https:\/\/unicon20.fr\/es\/author\/gingo\/"},"comments_num_v2":"0 comentarios","_links":{"self":[{"href":"https:\/\/unicon20.fr\/es\/wp-json\/wp\/v2\/pages\/2661","targetHints":{"allow":["GET"]}}],"collection":[{"href":"https:\/\/unicon20.fr\/es\/wp-json\/wp\/v2\/pages"}],"about":[{"href":"https:\/\/unicon20.fr\/es\/wp-json\/wp\/v2\/types\/page"}],"author":[{"embeddable":true,"href":"https:\/\/unicon20.fr\/es\/wp-json\/wp\/v2\/users\/2"}],"replies":[{"embeddable":true,"href":"https:\/\/unicon20.fr\/es\/wp-json\/wp\/v2\/comments?post=2661"}],"version-history":[{"count":3,"href":"https:\/\/unicon20.fr\/es\/wp-json\/wp\/v2\/pages\/2661\/revisions"}],"predecessor-version":[{"id":2850,"href":"https:\/\/unicon20.fr\/es\/wp-json\/wp\/v2\/pages\/2661\/revisions\/2850"}],"wp:attachment":[{"href":"https:\/\/unicon20.fr\/es\/wp-json\/wp\/v2\/media?parent=2661"}],"curies":[{"name":"wp","href":"https:\/\/api.w.org\/{rel}","templated":true}]}}