{"id":27,"date":"2019-02-24T14:22:20","date_gmt":"2019-02-24T13:22:20","guid":{"rendered":"https:\/\/www.unicon20.fr\/?page_id=27"},"modified":"2019-11-17T14:57:45","modified_gmt":"2019-11-17T13:57:45","slug":"traveling-to-grenoble","status":"publish","type":"page","link":"https:\/\/unicon20.fr\/es\/practical-informations\/traveling-to-grenoble\/","title":{"rendered":"Viajar a Grenoble"},"content":{"rendered":"<h2 class=\"wp-block-heading\">En avi\u00f3n<\/h2>\n\n\n\n<p>Grenoble tiene <a href=\"http:\/\/www.grenoble-airport.com\/en\">aeropuerto europeo.<\/a>. Sin embargo, es muy peque\u00f1o y probablemente no tendr\u00e1s vuelos para llegar hasta el. Los aeropuertos internacionales m\u00e1s cercanos son <a href=\"https:\/\/www.lyonaeroports.com\/en\/\">el aeropuerto de Saint-Exup\u00e9ry (Lyon)<\/a> y <a href=\"https:\/\/www.gva.ch\/en\/\">el aeropuerto de Ginebra.<\/a>Puedes despu\u00e9s coger un tren o alquilar un coche para venir a Grenoble. El aeropuerto de Saint-Exup\u00e9ry esta a 1 hora de distancia  mientras que el de Ginebra esta a 2 horas de distancia.<br>Tambi\u00e9n hay buses de larga distancia desde <a href=\"https:\/\/www.alps-airport-transfer.co.uk\/en\/shuttles\/\">los aeropuertos de Grenoble<\/a>, <a href=\"https:\/\/www.lyonaeroports.com\/en\/access-transports\/shuttle-buses\/grenoble\">Lyon<\/a> y <a href=\"https:\/\/www.gva.ch\/en\/Site\/Passagers\/Acces-Transports\/Transports-publics-aeroport\">Ginebra<\/a> aeropuertos al centro de la ciudad de Grenoble. Si viaja desde estos aeropuertos, consulte tambi\u00e9n con su hotel. Algunos de ellos tienen transporte incluido al reservar. <br><br> La forma m\u00e1s f\u00e1cil y econ\u00f3mica de llegar puede ser a trav\u00e9s de uno de los aeropuertos de Par\u00eds. Hay dos de ellos. Aeropuerto Roissy Charles De Gaulle, y Aeropuerto de Orly.- Desde Roissy CDG:<br>* hay algunos trenes directos a Lyon, donde puede transitar a Grenoble (consulte la siguiente secci\u00f3n)<br>* de lo contrario, los trenes para Grenoble saldr\u00e1n de la estaci\u00f3n de tren \u201cParis Gare de Lyon\u201d. Para llegar all\u00ed, dos opciones:<br>a) <a href=\"https:\/\/www.lebusdirect.com\/en\/\">Le Bus Direct<\/a> (Un poco m\u00e1s caro, pero puede ser m\u00e1s f\u00e1cil),<br>b) <a href=\"https:\/\/www.ratp.fr\/en\/\">Transporte P\u00fablico<\/a>: RER B (Par\u00eds en tren) desde el aeropuerto hasta \u201cCh\u00e2telet-Les Halles\u201d. Cambie y tome la l\u00ednea 14 del metro hacia \u201cOlympiades\u201d. Bajarse en \u201cGare de Lyon\u201d.- Desde Orly:<br>(Un poco m\u00e1s caro, pero puede ser m\u00e1s f\u00e1cil),<br>* Transporte p\u00fablico: tomar el servicio de lanzadera \u201cOrly Val\u201d hasta \u201cAnthony\u201d. Luego tome el RER B (Par\u00eds en tren) hasta \u201cCh\u00e2telet-Les Halles\u201d. Cambie y tome la l\u00ednea 14 del metro hacia \u201cOlympiades\u201d. Bajar en \u201cGare de Lyon\u201d <\/p>\n\n\n\n<h2 class=\"wp-block-heading\">En tren<\/h2>\n\n\n\n<p>Grenoble tiene estaci\u00f3n de tren la cual esta concurrida por trenes de toda Francia y desde Ginebra.\nEcha un ojo a <a href=\"https:\/\/en.oui.sncf\/en\/\">nuestra red nacional de trenes<\/a>. Descubrir\u00e1s probablemente si puedes o no coger un tren para venir a Grenoble.<\/p>\n\n\n\n<h2 class=\"wp-block-heading\">En coche<\/h2>\n\n\n\n<p>Hay algunas autopistas \u00fatiles para llegar a Grenoble. La A48 es la carretera desde Lyon y la A41 viene de Ginebra. En Francia, \"A\" quiere decir \"Autorute\" (autopista con tarifa), \"N\" quiere decir \"National\" (autopista libre) y \"D\" quiere decir \u201cD\u00e9partementale\u201d  (= B-carretera). Tened cuidado, ya que las carreteras de la ultima categor\u00eda pueden ser carreteras con muchas curvas. Elige mejor las autopistas, ya que son m\u00e1s f\u00e1ciles de seguir.<\/p>\n\n\n\n<h2 class=\"wp-block-heading\">Viajar en Francia con monociclos<\/h2>\n\n\n\n<p> Algo que debes tomar nota es c\u00f3mo viajar en los trenes franceses con monociclos. Los trenes a veces est\u00e1n abarrotados y transportar un monociclo completo, como un 32er o 36er, puede ser dif\u00edcil. Antes de reservar un tren, debe verificar si las bicicletas son bienvenidas, como en la mayor\u00eda de los trenes regionales (llamados \"TER\") y algunos trenes de alta velocidad (llamados \"TGV\"). Para llevar monociclos en algunos trenes de alta velocidad tendr\u00e1s que reservar un lugar especial para ello. Los monociclos menores de 24\u2033 deben pasar como maletas si quitas los pedales y el asiento. <\/p>","protected":false},"excerpt":{"rendered":"<p>By plane Grenoble has a European airport. Nevertheless, it is pretty small and you probably won&#8217;t have a flight to get there. The biggest and closest international airports are Saint-Exup\u00e9ry (Lyon) airport and Geneva airport. You could then take a train or rent a car to come to Grenoble. Saint-Exup\u00e9ry [&hellip;]<\/p>","protected":false},"author":1,"featured_media":0,"parent":15,"menu_order":0,"comment_status":"closed","ping_status":"closed","template":"","meta":{"footnotes":""},"class_list":["post-27","page","type-page","status-publish","hentry"],"featured_image_urls_v2":{"full":"","thumbnail":"","medium":"","medium_large":"","large":"","1536x1536":"","2048x2048":"","trp-custom-language-flag":"","hestia-blog":""},"post_excerpt_stackable_v2":"<p>By plane Grenoble has a European airport. Nevertheless, it is pretty small and you probably won&#8217;t have a flight to get there. The biggest and closest international airports are Saint-Exup\u00e9ry (Lyon) airport and Geneva airport. You could then take a train or rent a car to come to Grenoble. Saint-Exup\u00e9ry airport is 1 hour away while Geneva airport is 2 hours away.There are also coach services from Grenoble, Lyon and Geneva airports to Grenoble city centre. If you are traveling from these airports, also check with your hotel. Some of them have shuttles included when you book. The easiest and&hellip;<\/p>\n","category_list_v2":"","author_info_v2":{"name":"Maxence","url":"https:\/\/unicon20.fr\/es\/author\/abrikot\/"},"comments_num_v2":"0 comentarios","_links":{"self":[{"href":"https:\/\/unicon20.fr\/es\/wp-json\/wp\/v2\/pages\/27","targetHints":{"allow":["GET"]}}],"collection":[{"href":"https:\/\/unicon20.fr\/es\/wp-json\/wp\/v2\/pages"}],"about":[{"href":"https:\/\/unicon20.fr\/es\/wp-json\/wp\/v2\/types\/page"}],"author":[{"embeddable":true,"href":"https:\/\/unicon20.fr\/es\/wp-json\/wp\/v2\/users\/1"}],"replies":[{"embeddable":true,"href":"https:\/\/unicon20.fr\/es\/wp-json\/wp\/v2\/comments?post=27"}],"version-history":[{"count":10,"href":"https:\/\/unicon20.fr\/es\/wp-json\/wp\/v2\/pages\/27\/revisions"}],"predecessor-version":[{"id":1919,"href":"https:\/\/unicon20.fr\/es\/wp-json\/wp\/v2\/pages\/27\/revisions\/1919"}],"up":[{"embeddable":true,"href":"https:\/\/unicon20.fr\/es\/wp-json\/wp\/v2\/pages\/15"}],"wp:attachment":[{"href":"https:\/\/unicon20.fr\/es\/wp-json\/wp\/v2\/media?parent=27"}],"curies":[{"name":"wp","href":"https:\/\/api.w.org\/{rel}","templated":true}]}}