{"id":1455,"date":"2019-05-23T23:36:41","date_gmt":"2019-05-23T21:36:41","guid":{"rendered":"https:\/\/www.unicon20.fr\/?page_id=1455"},"modified":"2022-07-02T12:27:27","modified_gmt":"2022-07-02T10:27:27","slug":"medical-certificate","status":"publish","type":"page","link":"https:\/\/unicon20.fr\/fr\/health\/medical-certificate\/","title":{"rendered":"Certificat m\u00e9dical (+ de 18 ans)"},"content":{"rendered":"<p>An adult (over 18) athlete competing in France legally needs a medical certificate. Below you will find templates for some languages. You will have to ask a doctor to complete it. Once complete, please scan it and upload it to the your registration. It can be filled at any time between now and the start of Unicon (the certificate cannot be older than one year old at the start of Unicon).<\/p>\n\n\n\n<p>Pour les mineurs (moins de 18 ans), veuillez consulter la page du questionnaire (entrant).<\/p>\n\n\n\n<p>Tous les mod\u00e8les sont \u00e0 la fois en fran\u00e7ais et dans une autre langue.<\/p>\n\n\n\n<p><a href=\"https:\/\/unicon20.fr\/wp-content\/uploads\/2020\/01\/CERTIFICAT-M\u00c9DICAL-DE-NON-CONTRE-INDICATION-\u00c0-LA-PRATIQUE-DU-MONOCYCLE-EN-COMPETITION-1.pdf\">Fran\u00e7ais<\/a><\/p>\n\n\n\n<p><a href=\"https:\/\/unicon20.fr\/wp-content\/uploads\/2019\/09\/Model_English.pdf\">Anglais<\/a><\/p>\n\n\n\n<p><a href=\"https:\/\/unicon20.fr\/wp-content\/uploads\/2019\/09\/Model_German.pdf\">Allemand<\/a><\/p>\n\n\n\n<p><a href=\"https:\/\/unicon20.fr\/wp-content\/uploads\/2019\/09\/Model_spanish.pdf\">Espagnol<\/a><\/p>\n\n\n\n<p><a href=\"https:\/\/unicon20.fr\/wp-content\/uploads\/2019\/09\/Model_italian.pdf\">Italien<\/a><\/p>\n\n\n\n<p><a href=\"https:\/\/unicon20.fr\/wp-content\/uploads\/2019\/09\/Model_korean.pdf\">Cor\u00e9en<\/a><\/p>\n\n\n\n<p><a href=\"https:\/\/unicon20.fr\/wp-content\/uploads\/2020\/02\/Model_japanese.pdf\">Japonais<\/a><\/p>\n\n\n\n<p>* Si vous \u00eates membre de la CNM ou de l'UNSLL (la f\u00e9d\u00e9ration fran\u00e7aise), vous pouvez joindre une copie de votre licence sportive \u00e0 la place du certificat m\u00e9dical.<\/p>","protected":false},"excerpt":{"rendered":"<p>An adult (over 18) athlete competing in France legally needs a medical certificate. Below you will find templates for some languages. You will have to ask a doctor to complete it. Once complete, please scan it and upload it to the your registration. It can be filled at any time [&hellip;]<\/p>","protected":false},"author":2,"featured_media":0,"parent":1476,"menu_order":0,"comment_status":"closed","ping_status":"closed","template":"","meta":{"footnotes":""},"class_list":["post-1455","page","type-page","status-publish","hentry"],"featured_image_urls_v2":{"full":"","thumbnail":"","medium":"","medium_large":"","large":"","1536x1536":"","2048x2048":"","trp-custom-language-flag":"","hestia-blog":""},"post_excerpt_stackable_v2":"<p>An adult (over 18) athlete competing in France legally needs a medical certificate. Below you will find templates for some languages. You will have to ask a doctor to complete it. Once complete, please scan it and upload it to the your registration. It can be filled at any time between now and the start of Unicon (the certificate cannot be older than one year old at the start of Unicon). For minors (under 18), please see the questionnaire page (incoming). All models are both in French and another language. French English German Spanish Italian Korean Japanese *If you are\u2026<\/p>\n","category_list_v2":"","author_info_v2":{"name":"Fran\u00e7ois","url":"https:\/\/unicon20.fr\/fr\/author\/gingo\/"},"comments_num_v2":"0 commentaire","_links":{"self":[{"href":"https:\/\/unicon20.fr\/fr\/wp-json\/wp\/v2\/pages\/1455","targetHints":{"allow":["GET"]}}],"collection":[{"href":"https:\/\/unicon20.fr\/fr\/wp-json\/wp\/v2\/pages"}],"about":[{"href":"https:\/\/unicon20.fr\/fr\/wp-json\/wp\/v2\/types\/page"}],"author":[{"embeddable":true,"href":"https:\/\/unicon20.fr\/fr\/wp-json\/wp\/v2\/users\/2"}],"replies":[{"embeddable":true,"href":"https:\/\/unicon20.fr\/fr\/wp-json\/wp\/v2\/comments?post=1455"}],"version-history":[{"count":18,"href":"https:\/\/unicon20.fr\/fr\/wp-json\/wp\/v2\/pages\/1455\/revisions"}],"predecessor-version":[{"id":3082,"href":"https:\/\/unicon20.fr\/fr\/wp-json\/wp\/v2\/pages\/1455\/revisions\/3082"}],"up":[{"embeddable":true,"href":"https:\/\/unicon20.fr\/fr\/wp-json\/wp\/v2\/pages\/1476"}],"wp:attachment":[{"href":"https:\/\/unicon20.fr\/fr\/wp-json\/wp\/v2\/media?parent=1455"}],"curies":[{"name":"wp","href":"https:\/\/api.w.org\/{rel}","templated":true}]}}