{"id":1457,"date":"2019-05-23T23:37:36","date_gmt":"2019-05-23T21:37:36","guid":{"rendered":"https:\/\/www.unicon20.fr\/?page_id=1457"},"modified":"2022-06-28T14:09:50","modified_gmt":"2022-06-28T12:09:50","slug":"antidoping","status":"publish","type":"page","link":"https:\/\/unicon20.fr\/fr\/health\/antidoping\/","title":{"rendered":"Anti-dopage"},"content":{"rendered":"<div class=\"wp-block-themeisle-blocks-advanced-columns has-1-columns has-desktop-equal-layout has-tablet-equal-layout has-mobile-equal-layout has-default-gap has-vertical-unset\" id=\"wp-block-themeisle-blocks-advanced-columns-5ccc1ee3\"><div class=\"wp-block-themeisle-blocks-advanced-columns-overlay\"><\/div><div class=\"innerblocks-wrap\">\n<div class=\"wp-block-themeisle-blocks-advanced-column\" id=\"wp-block-themeisle-blocks-advanced-column-94c3f038\">\n<p><strong>Attention, vous \u00eates dop\u00e9s !<\/strong><\/p>\n\n\n<div class=\"wp-block-image\">\n<figure class=\"alignleft size-full is-resized\"><img loading=\"lazy\" decoding=\"async\" src=\"https:\/\/unicon20.fr\/wp-content\/uploads\/2022\/06\/dopage-1.png\" alt=\"\" class=\"wp-image-3037\" width=\"252\" height=\"382\" srcset=\"https:\/\/unicon20.fr\/wp-content\/uploads\/2022\/06\/dopage-1.png 496w, https:\/\/unicon20.fr\/wp-content\/uploads\/2022\/06\/dopage-1-198x300.png 198w\" sizes=\"auto, (max-width: 252px) 100vw, 252px\" \/><\/figure>\n<\/div>\n\n\n<p>Certes, ce titre est accrocheur. Vous avez souri, mais vous n'y avez pas cru. Pourtant, la l\u00e9gislation\nsur le dopage est intransigeante, et vous \u00eates peut-\u00eatre dop\u00e9s sans le savoir ! On appelle \u00e7a le\ndopage accidentel. La loi n'est pas simple \u00e0 d\u00e9cortiquer, m\u00eame pour les sp\u00e9cialistes ! Voici donc\nquelques pr\u00e9cisions.<\/p>\n\n\n\n<p>Tout d'abord, tout dopage est de la responsabilit\u00e9 enti\u00e8re du sportif. Il ne peut pas y avoir de\nd\u00e9douanement sur un tiers. Toute personne contr\u00f4l\u00e9e positive encourt donc une suspension jusqu'\u00e0\nquatre ans (pas de comp\u00e9tition, retrait de licence) pour du dopage \u00ab lourd \u00bb non sp\u00e9cifi\u00e9 : substance\n\u00ab forte \u00bb et difficile \u00e0 trouver comme par exemple l'EPO, et jusqu'\u00e0 deux ans pour du dopage plus\n\u00ab l\u00e9ger \u00bb (m\u00e9dicament courant).<\/p>\n\n\n\n<p>Le risque d'\u00eatre dop\u00e9 sans en avoir conscience, il est donc l\u00e0, dans cette deuxi\u00e8me cat\u00e9gorie :les\nm\u00e9dicaments courants. Ceux qu'on peut prendre sans ordonnance, et qu'on imagine donc sans\ncons\u00e9quences. Vous prenez du Nurofen Rhume ou de l'Actifen (pseudo\u00e9ph\u00e9drine, non ce n'est pas\nune insulte) ? Dop\u00e9 (bon, \u00e7a d\u00e9pend de la dose). Vous avez bu une dizaine de caf\u00e9s dans la journ\u00e9e ?\nPas dop\u00e9, depuis 2004, la caf\u00e9ine n'est plus consid\u00e9r\u00e9e comme un dopant. Je vous d\u00e9conseille tout\nde m\u00eame toujours les dix caf\u00e9s. Vous prenez des compl\u00e9ments alimentaires ? Si ceux-ci ne portent\npas la mention \u00ab NF \u00bb = normes fran\u00e7aises, dop\u00e9 (en fait, c'est la norme NF V 94-001, tout un\nprogramme). Et puis il y a bien s\u00fbr les drogues comme le cannabis. Dop\u00e9. L'alcool n'est\ng\u00e9n\u00e9ralement pas consid\u00e9r\u00e9 comme un produit interdit, mis \u00e0 part dans quelques disciplines comme\nles sports m\u00e9caniques. Il est cependant \u00e9vident que l'organisateur d'un \u00e9v\u00e9nement pourra refuser la\nparticipation d'un sportif qui en aurait abus\u00e9.<\/p>\n\n\n\n<p>Dop\u00e9, c'est un terme un peu simplificateur. Il n'y a dopage que quand il y a contr\u00f4le positif\nconfirm\u00e9, et sanction. Ce sont donc des substances interdites avec un risque de contr\u00f4le positif. Le\nrisque est rarement de 100 %.<\/p>\n\n\n\n<p>Mais du coup, comment faire pour se soigner ! \u00c7a a l'air bien restrictif tout \u00e7a !<\/p>\n\n\n\n<p>Quelques conseils\npratiques :<\/p>\n\n\n\n<p>1. Lisez les instructions ! Lorsqu'un m\u00e9dicament pr\u00e9sente des risques de dopage, c'est g\u00e9n\u00e9ralement pr\u00e9cis\u00e9. Lisez donc la notice. Vous pouvez aussi demander au m\u00e9decin \/ pharmacien, m\u00eame si ils ne sont pas toujours au courant des derni\u00e8res nouveaut\u00e9s. Et lisez la notice. Attention, parfois les notices ne sont pas \u00e0 jour, et la liste des substances interdites change souvent ! Bon. Lisez quand m\u00eame la notice, c'est un bon moyen d'\u00eatre \u00e0 peu pr\u00e8s s\u00fbr !<\/p>\n\n\n\n<p>2. Faire attention aux compl\u00e9ments alimentaires, comme au produit sp\u00e9cialis\u00e9 vers l'effort, avec des\nbelles images et du beau marketing. N'achetez, en tout cas, pas \u00e7a sur internet, et faites attention au\nrespect des Normes Fran\u00e7aises.<\/p>\n\n\n\n<p>3. Quand votre m\u00e9decin vous prescrit des m\u00e9dicaments, n'h\u00e9sitez pas \u00e0 lui dire que vous pratiquez un sport (expliquez lui votre niveau de pratique)<\/p>\n\n\n\n<p>4. Conservez vos ordonnances ! Et puis amenez les en comp\u00e9tition. On a bien le droit de se\nsoigner, mais il faut \u00eatre capable de le justifier sur le champ. Pendant le contr\u00f4le.<\/p>\n\n\n\n<p>L'Unicon, comme n'importe lequel autre de nos \u00e9v\u00e9nements comp\u00e9titifs peuvent \u00eatre\nl'objet de contr\u00f4les anti-dopage sans que personne, que ce soit l'organisation ou les comp\u00e9titeurs\nn'en soit inform\u00e9 au pr\u00e9alable. Et ces contr\u00f4les peuvent cibler n'importe quel licenci\u00e9, quel que soit\nson classement, et m\u00eame s'il ne participe \u00e0 l'\u00e9v\u00e9nement en question !<\/p>\n\n\n\n<p>Renseignez-vous ! Vous pouvez notamment aller faire un tour sur le site <a href=\"http:\/\/sportprotect. org\" data-type=\"URL\" data-id=\"https:\/\/www.wada-ama.org\/en\/resources\/world-anti-doping-program\/prohibited-list\">Sport Protect<\/a>. L\u00e0, les listes sont \u00e0 jour. Des produits interdits, comme des compl\u00e9ments alimentaires\nautoris\u00e9s d'ailleurs.<\/p>\n\n\n\n<p>Alors, vous-\u00eates dop\u00e9s ?<\/p>\n<\/div>\n<\/div><\/div>","protected":false},"excerpt":{"rendered":"","protected":false},"author":2,"featured_media":0,"parent":1476,"menu_order":0,"comment_status":"closed","ping_status":"closed","template":"","meta":{"footnotes":""},"class_list":["post-1457","page","type-page","status-publish","hentry"],"featured_image_urls_v2":{"full":"","thumbnail":"","medium":"","medium_large":"","large":"","1536x1536":"","2048x2048":"","trp-custom-language-flag":"","hestia-blog":""},"post_excerpt_stackable_v2":"<p>Beware, you are doped! Sure, the title is catchy. You smiled, but you didn&#8217;t believe it. However, the legislation on doping is intransigent, and you may be doping without knowing it! This is called accidental doping. The law is not easy to understand, even for specialists! So here are a few details. First of all, all doping is the athlete&#8217;s responsibility. There can be no clearance on a third party. Any person tested positive can be suspended for up to four years (no competition, withdrawal of license) for unspecified &#8220;heavy&#8221; doping: &#8220;strong&#8221; and difficult to find substance such as EPO,\u2026<\/p>\n","category_list_v2":"","author_info_v2":{"name":"Fran\u00e7ois","url":"https:\/\/unicon20.fr\/fr\/author\/gingo\/"},"comments_num_v2":"0 commentaire","_links":{"self":[{"href":"https:\/\/unicon20.fr\/fr\/wp-json\/wp\/v2\/pages\/1457","targetHints":{"allow":["GET"]}}],"collection":[{"href":"https:\/\/unicon20.fr\/fr\/wp-json\/wp\/v2\/pages"}],"about":[{"href":"https:\/\/unicon20.fr\/fr\/wp-json\/wp\/v2\/types\/page"}],"author":[{"embeddable":true,"href":"https:\/\/unicon20.fr\/fr\/wp-json\/wp\/v2\/users\/2"}],"replies":[{"embeddable":true,"href":"https:\/\/unicon20.fr\/fr\/wp-json\/wp\/v2\/comments?post=1457"}],"version-history":[{"count":8,"href":"https:\/\/unicon20.fr\/fr\/wp-json\/wp\/v2\/pages\/1457\/revisions"}],"predecessor-version":[{"id":3041,"href":"https:\/\/unicon20.fr\/fr\/wp-json\/wp\/v2\/pages\/1457\/revisions\/3041"}],"up":[{"embeddable":true,"href":"https:\/\/unicon20.fr\/fr\/wp-json\/wp\/v2\/pages\/1476"}],"wp:attachment":[{"href":"https:\/\/unicon20.fr\/fr\/wp-json\/wp\/v2\/media?parent=1457"}],"curies":[{"name":"wp","href":"https:\/\/api.w.org\/{rel}","templated":true}]}}