{"id":170,"date":"2019-03-11T19:11:44","date_gmt":"2019-03-11T18:11:44","guid":{"rendered":"https:\/\/www.unicon20.fr\/?page_id=170"},"modified":"2021-12-26T09:55:30","modified_gmt":"2021-12-26T08:55:30","slug":"become-a-partner","status":"publish","type":"page","link":"https:\/\/unicon20.fr\/fr\/partners\/become-a-partner\/","title":{"rendered":"Devenir partenaire"},"content":{"rendered":"<p>Vous souhaitez devenir partenaire d'un \u00e9v\u00e9nement international atypique ? Pour \u00eatre visible des habitants de Grenoble, ou du public que constituent des monocyclistes venus de 35 pays diff\u00e9rents ? N'h\u00e9sitez pas \u00e0 <a href=\"mailto:partners@unicon20.fr\">nous contacter<\/a> pour devenir partenaire de l'UNICON 20, le 20\u00e8me Championnat du Monde de Monocycle.<\/p>\n\n\n\n<p><\/p>\n\n\n\n<p>Devenir partenaire de l\u2019Unicon 20, c\u2019est adh\u00e9rer \u00e0 un \u00e9v\u00e9nement international in\u00e9dit. \u2028\u2028Une premi\u00e8re en France et pourtant d\u00e9j\u00e0 le 20\u00e8me championnat du monde de monocycle ! <\/p>\n\n\n\n<p>L\u2019Unicon 20 (Unicycle Convention) d\u00e9barque l\u2019\u00e9t\u00e9 prochain dans les Alpes fran\u00e7aises, \u00e0 Grenoble. Soutenu par la F\u00e9d\u00e9ration L\u00e9o Lagrange et l'UNION NATIONALE SPORTIVE LEO LAGRANGE. <\/p>\n\n\n\n<p>Plus de 1500 participants attendus <br>Sur 35 disciplines diff\u00e9rentes <br>Une participation multig\u00e9n\u00e9rationnelle et multiculturelle <br>Le respect, la convivialit\u00e9 et la diversit\u00e9 sont en ad\u00e9quation avec cet \u00e9v\u00e9nement de monocycle. <\/p>\n\n\n\n<p>Faites partie de l\u2019aventure, il y a tant \u00e0 d\u00e9couvrir ! <\/p>\n\n\n\n<p>Dans un premier temps, nous vous invitons \u00e0 lire le dossier de sponsoring ci-dessous. <\/p>\n\n\n\n<div data-wp-interactive=\"core\/file\" class=\"wp-block-file\"><object data-wp-bind--hidden=\"!state.hasPdfPreview\" hidden class=\"wp-block-file__embed\" data=\"https:\/\/unicon20.fr\/wp-content\/uploads\/2021\/12\/dossier-sponsoring-Unicon20-1.pdf\" type=\"application\/pdf\" style=\"width:100%;height:600px\" aria-label=\"Contenu embarqu\u00e9 Embed of dossier-sponsoring-Unicon20-1..\"><\/object><a href=\"https:\/\/unicon20.fr\/wp-content\/uploads\/2021\/12\/dossier-sponsoring-Unicon20-1.pdf\">dossier-sponsoring-Unicon20-1<\/a><a href=\"https:\/\/unicon20.fr\/wp-content\/uploads\/2021\/12\/dossier-sponsoring-Unicon20-1.pdf\" class=\"wp-block-file__button\" download>T\u00e9l\u00e9charger en Fran\u00e7ais<\/a><\/div>\n\n\n\n<p><br><\/p>","protected":false},"excerpt":{"rendered":"<p>You want to be the partner of an atypical international event? To be visible to the public locally in Grenoble, or to our public of riders coming from 35 different countries? Don&#8217;t hesitate to contact us to become a partner of Unicon 20, the 20th Unicycle World Championship ! Becoming [&hellip;]<\/p>","protected":false},"author":1,"featured_media":0,"parent":60,"menu_order":0,"comment_status":"closed","ping_status":"closed","template":"","meta":{"footnotes":""},"class_list":["post-170","page","type-page","status-publish","hentry"],"featured_image_urls_v2":{"full":"","thumbnail":"","medium":"","medium_large":"","large":"","1536x1536":"","2048x2048":"","trp-custom-language-flag":"","hestia-blog":""},"post_excerpt_stackable_v2":"<p>You want to be the partner of an atypical international event? To be visible to the public locally in Grenoble, or to our public of riders coming from 35 different countries? Don&#8217;t hesitate to contact us to become a partner of Unicon 20, the 20th Unicycle World Championship ! Becoming a partner of the Unicon 20 means joining an unprecedented international event. A first in France and yet already the 20th unicycle world championship! The Unicon 20 (Unicycle Convention) will take place next summer in the French Alps, in Grenoble, supported by the Leo Lagrange Federation and the UNION NATIONALE\u2026<\/p>\n","category_list_v2":"","author_info_v2":{"name":"Maxence","url":"https:\/\/unicon20.fr\/fr\/author\/abrikot\/"},"comments_num_v2":"0 commentaire","_links":{"self":[{"href":"https:\/\/unicon20.fr\/fr\/wp-json\/wp\/v2\/pages\/170","targetHints":{"allow":["GET"]}}],"collection":[{"href":"https:\/\/unicon20.fr\/fr\/wp-json\/wp\/v2\/pages"}],"about":[{"href":"https:\/\/unicon20.fr\/fr\/wp-json\/wp\/v2\/types\/page"}],"author":[{"embeddable":true,"href":"https:\/\/unicon20.fr\/fr\/wp-json\/wp\/v2\/users\/1"}],"replies":[{"embeddable":true,"href":"https:\/\/unicon20.fr\/fr\/wp-json\/wp\/v2\/comments?post=170"}],"version-history":[{"count":5,"href":"https:\/\/unicon20.fr\/fr\/wp-json\/wp\/v2\/pages\/170\/revisions"}],"predecessor-version":[{"id":2594,"href":"https:\/\/unicon20.fr\/fr\/wp-json\/wp\/v2\/pages\/170\/revisions\/2594"}],"up":[{"embeddable":true,"href":"https:\/\/unicon20.fr\/fr\/wp-json\/wp\/v2\/pages\/60"}],"wp:attachment":[{"href":"https:\/\/unicon20.fr\/fr\/wp-json\/wp\/v2\/media?parent=170"}],"curies":[{"name":"wp","href":"https:\/\/api.w.org\/{rel}","templated":true}]}}