{"id":1871,"date":"2019-11-07T16:34:38","date_gmt":"2019-11-07T15:34:38","guid":{"rendered":"https:\/\/www.unicon20.fr\/?page_id=1871"},"modified":"2022-06-13T08:33:39","modified_gmt":"2022-06-13T06:33:39","slug":"10km","status":"publish","type":"page","link":"https:\/\/unicon20.fr\/fr\/10km\/","title":{"rendered":"10km"},"content":{"rendered":"<div class=\"wp-block-themeisle-blocks-advanced-columns alignwide has-1-columns has-desktop-equal-layout has-tablet-equal-layout has-mobile-equal-layout has-default-gap has-vertical-unset\" id=\"wp-block-themeisle-blocks-advanced-columns-9ecdc00a\"><div class=\"wp-block-themeisle-blocks-advanced-columns-overlay\"><\/div><div class=\"innerblocks-wrap\">\n<div class=\"wp-block-themeisle-blocks-advanced-column\" id=\"wp-block-themeisle-blocks-advanced-column-ff134a55\">\n<p><strong>G\u00e9n\u00e9ralit\u00e9s <\/strong><\/p>\n\n\n\n<p>The 10km race is one of the largest racing events at Unicon.&nbsp; It will take place on the cycle path along the Is\u00e8re River on 27 July 2022.&nbsp; <\/p>\n\n\n\n<p><strong>Cat\u00e9gories<\/strong><\/p>\n\n\n\n<p>Il y a deux cat\u00e9gories de monocycles : la cat\u00e9gorie \"24 pouces\" et la cat\u00e9gorie \"illimit\u00e9e\". Les concurrents de la cat\u00e9gorie \"24 pouces\" devront avoir une roue dont le diam\u00e8tre est compris entre 519 et 618 mm, une longueur de manivelles de 125 mm au minimum, et pas de vitesses.. Les concurrents de la cat\u00e9gorie \"illimit\u00e9e\"n'ont aucune restriction concernant la taille de la roue, la longueur des manivelles ou les vitesses. Les r\u00e8gles concernant chaque cat\u00e9gorie figurent dans le r\u00e8glement IUF 2019, paragraphe 3B.2.&nbsp; <\/p>\n\n\n\n<p>Les r\u00e9partitions en classement Expert, groupe d'\u00e2ge, illimit\u00e9 sans vitesse, sont d\u00e9finies et effectu\u00e9es comme dans les r\u00e8gles de l'IUF. <\/p>\n\n\n\n<p><strong>Transport<\/strong><\/p>\n\n\n\n<p>Les concurrents peuvent se rendre au d\u00e9part en transport en commun. Nous allons aussi examiner la possibilit\u00e9 d\u2019affr\u00e9ter un bus (\u00e0 confirmer).<\/p>\n\n\n\n<p><strong>La course <\/strong><\/p>\n\n\n\n<p>Le parcours est \u00e0 sens unique sur une piste cyclable qui suit l'Is\u00e8re.\u00a0Le d\u00e9part est donn\u00e9 sur le c\u00f4t\u00e9 nord de la rivi\u00e8re et suit la piste cyclable en direction du sud-ouest, traversant un pont \u00e0 mi-chemin pour finir sur le c\u00f4t\u00e9 sud de la rivi\u00e8re.&nbsp;<\/p>\n\n\n\n<p>La piste cyclable est \u00e9troite par endroits et ne peut \u00eatre ferm\u00e9e au grand public.\u00a0La surface est lisse mais il y a des bosses occasionnelles.\u00a0Juste avant le pont (\u00e0 l'\u00eele d'Amour), il y a des barri\u00e8res blanches qui ne peuvent pas bouger. Les cyclistes devront rouler en file indienne entre les barri\u00e8res.\u00a0 Il y a un pont \u00e0 traverser, avec une bosse assez importante. Il s'agit d'un virage \u00e0 gauche de 90 degr\u00e9s sur le pont, suivi d'un virage distinct \u00e0 droite de l'autre c\u00f4t\u00e9. Sur une petite section apr\u00e8s le pont pr\u00e8s de l'\u00eele d'Amour, la piste cyclable pr\u00e9sente une nette cambrure (pente descendante de gauche [la plus haute] \u00e0 droite [la plus basse]).\u00a0La course se terminera sur le campus universitaire.<\/p>\n\n\n\n<p><strong>Caract\u00e9ristiques de la course<\/strong><a href=\"https:\/\/unicon20.fr\/wp-content\/uploads\/gpx\/10k-new.gpx\" data-type=\"URL\" data-id=\"https:\/\/unicon20.fr\/wp-content\/uploads\/gpx\/10k-new.gpx\"><br>T\u00e9l\u00e9charger le fichier .gpx<\/a><\/p>\n\n\n[sgpx gpx=\/wp-content\/uploads\/gpx\/10k-new.gpx ]\n<\/div>\n<\/div><\/div>","protected":false},"excerpt":{"rendered":"","protected":false},"author":1,"featured_media":0,"parent":0,"menu_order":0,"comment_status":"closed","ping_status":"closed","template":"","meta":{"footnotes":""},"class_list":["post-1871","page","type-page","status-publish","hentry"],"featured_image_urls_v2":{"full":"","thumbnail":"","medium":"","medium_large":"","large":"","1536x1536":"","2048x2048":"","trp-custom-language-flag":"","hestia-blog":""},"post_excerpt_stackable_v2":"<p>General The 10km race is one of the largest racing events at Unicon.&nbsp; It will take place on the cycle path along the Is\u00e8re River on 27 July 2022.&nbsp; Race categories There are two unicycle categories, the 24 Class and the Unlimited Class.&nbsp; Riders in the 24 Class must have a wheel diameter between 519-618mm, minimum crank length of 125mm, and regular transmission. Riders in the Unlimited Class have no limit on wheel diameter, crank length or transmission.&nbsp; The specifications for each class are listed in the IUF Rulebook 2019, section 3B.2.&nbsp; Expert, age-group and ungeared placings are defined and\u2026<\/p>\n","category_list_v2":"","author_info_v2":{"name":"Maxence","url":"https:\/\/unicon20.fr\/fr\/author\/abrikot\/"},"comments_num_v2":"0 commentaire","_links":{"self":[{"href":"https:\/\/unicon20.fr\/fr\/wp-json\/wp\/v2\/pages\/1871","targetHints":{"allow":["GET"]}}],"collection":[{"href":"https:\/\/unicon20.fr\/fr\/wp-json\/wp\/v2\/pages"}],"about":[{"href":"https:\/\/unicon20.fr\/fr\/wp-json\/wp\/v2\/types\/page"}],"author":[{"embeddable":true,"href":"https:\/\/unicon20.fr\/fr\/wp-json\/wp\/v2\/users\/1"}],"replies":[{"embeddable":true,"href":"https:\/\/unicon20.fr\/fr\/wp-json\/wp\/v2\/comments?post=1871"}],"version-history":[{"count":15,"href":"https:\/\/unicon20.fr\/fr\/wp-json\/wp\/v2\/pages\/1871\/revisions"}],"predecessor-version":[{"id":2987,"href":"https:\/\/unicon20.fr\/fr\/wp-json\/wp\/v2\/pages\/1871\/revisions\/2987"}],"wp:attachment":[{"href":"https:\/\/unicon20.fr\/fr\/wp-json\/wp\/v2\/media?parent=1871"}],"curies":[{"name":"wp","href":"https:\/\/api.w.org\/{rel}","templated":true}]}}