{"id":1893,"date":"2019-11-11T11:36:32","date_gmt":"2019-11-11T10:36:32","guid":{"rendered":"https:\/\/www.unicon20.fr\/?page_id=1893"},"modified":"2022-06-13T08:35:13","modified_gmt":"2022-06-13T06:35:13","slug":"marathon","status":"publish","type":"page","link":"https:\/\/unicon20.fr\/fr\/marathon\/","title":{"rendered":"Marathon"},"content":{"rendered":"<div class=\"wp-block-themeisle-blocks-advanced-columns alignwide has-1-columns has-desktop-equal-layout has-tablet-equal-layout has-mobile-equal-layout has-default-gap has-vertical-unset\" id=\"wp-block-themeisle-blocks-advanced-columns-4ffe0ce2\"><div class=\"wp-block-themeisle-blocks-advanced-columns-overlay\"><\/div><div class=\"innerblocks-wrap\">\n<div class=\"wp-block-themeisle-blocks-advanced-column\" id=\"wp-block-themeisle-blocks-advanced-column-232fab96\">\n<p>Le Marathon (42,195 km) se d\u00e9roulera le long de l'Is\u00e8re le 31 juillet 2022.<\/p>\n\n\n\n<p> <strong>Cat\u00e9gories<\/strong><br>Il y a deux cat\u00e9gories de monocycle, la classe 29 et la classe illimit\u00e9e. Les coureurs de la cat\u00e9gorie 29 doivent avoir un diam\u00e8tre de roue compris entre 619 et 778 mm avec une transmission r\u00e9guli\u00e8re, mais il n'y a pas de limite \u00e0 la longueur de manivelle. Les coureurs de la cat\u00e9gorie Illimit\u00e9 n'ont aucune limite quant au diam\u00e8tre des roues, \u00e0 la longueur de la manivelle ou \u00e0 la transmission. Les sp\u00e9cifications de chaque classe sont \u00e9num\u00e9r\u00e9es dans le r\u00e8glement de l'IUF 2019, section 3B.2.  <br>Les r\u00e9partitions en classement Expert, groupe d'\u00e2ge, illimit\u00e9 sans vitesse, sont d\u00e9finies et effectu\u00e9es comme dans les r\u00e8gles de l'IUF. <\/p>\n\n\n\n<p> <strong>La course<\/strong><br>La course  consiste en trois tours effectu\u00e9s dans le sens des aiguilles d'une montre.  <br>Le d\u00e9part se fait sur le c\u00f4t\u00e9 nord de la rivi\u00e8re (drapeau vert sur la carte) pour permettre un premier tour l\u00e9g\u00e8rement raccourci. Il se d\u00e9roule dans la direction nord-est sur 1,6 km, avant de tourner brusquement sur une piste cyclable, que vous emprunterez pour le reste du tour.  Le demi-tour se fait au premier pont \u00e0 l'extr\u00e9mit\u00e9 est du parcours.  De l\u00e0, vous redescendez la rivi\u00e8re en direction du sud-ouest.  La fin du premier et du deuxi\u00e8me tour est le deuxi\u00e8me pont \u00e0 l'extr\u00e9mit\u00e9 ouest du parcours.  <br> A la fin du troisi\u00e8me et dernier tour, les coureurs ne franchissent pas le deuxi\u00e8me pont : ils continuent sur la piste de la rive gauche vers la ligne d'arriv\u00e9e (drapeau rouge sur le plan). <\/p>\n\n\n\n<p><strong>Caract\u00e9ristiques de la course<\/strong><br><a href=\"https:\/\/unicon20.fr\/wp-content\/uploads\/gpx\/42k-v3.gpx\" data-type=\"URL\" data-id=\"www.unicon20.fr\/wp-content\/uploads\/gpx\/42k-v3.gpx\">T\u00e9l\u00e9charger le fichier .gpx<\/a>.<\/p>\n\n\n[sgpx gpx=\/wp-content\/uploads\/gpx\/42k-v3.gpx ]\n<\/div>\n<\/div><\/div>","protected":false},"excerpt":{"rendered":"","protected":false},"author":10,"featured_media":0,"parent":0,"menu_order":0,"comment_status":"closed","ping_status":"closed","template":"","meta":{"footnotes":""},"class_list":["post-1893","page","type-page","status-publish","hentry"],"featured_image_urls_v2":{"full":"","thumbnail":"","medium":"","medium_large":"","large":"","1536x1536":"","2048x2048":"","trp-custom-language-flag":"","hestia-blog":""},"post_excerpt_stackable_v2":"<p>The Marathon (42.195km) will be run along the Is\u00e8re River on 31 July 2022. Race categoriesThere are two unicycle categories, the 29 Class and the Unlimited Class. Riders in the 29 Class must have a wheel diameter between 619-778mm with regular transmission, but there is no limit on crank length. Riders in the Unlimited Class have no limit on wheel diameter, crank length or transmission. The specifications for each class are listed in the IUF Rulebook 2019, section 3B.2. Expert, age-group and ungeared placings are defined and awarded as per the IUF rulebook. CourseThe marathon is a three-lap course, going\u2026<\/p>\n","category_list_v2":"","author_info_v2":{"name":"Ken Looi","url":"https:\/\/unicon20.fr\/fr\/author\/ken\/"},"comments_num_v2":"0 commentaire","_links":{"self":[{"href":"https:\/\/unicon20.fr\/fr\/wp-json\/wp\/v2\/pages\/1893","targetHints":{"allow":["GET"]}}],"collection":[{"href":"https:\/\/unicon20.fr\/fr\/wp-json\/wp\/v2\/pages"}],"about":[{"href":"https:\/\/unicon20.fr\/fr\/wp-json\/wp\/v2\/types\/page"}],"author":[{"embeddable":true,"href":"https:\/\/unicon20.fr\/fr\/wp-json\/wp\/v2\/users\/10"}],"replies":[{"embeddable":true,"href":"https:\/\/unicon20.fr\/fr\/wp-json\/wp\/v2\/comments?post=1893"}],"version-history":[{"count":11,"href":"https:\/\/unicon20.fr\/fr\/wp-json\/wp\/v2\/pages\/1893\/revisions"}],"predecessor-version":[{"id":2988,"href":"https:\/\/unicon20.fr\/fr\/wp-json\/wp\/v2\/pages\/1893\/revisions\/2988"}],"wp:attachment":[{"href":"https:\/\/unicon20.fr\/fr\/wp-json\/wp\/v2\/media?parent=1893"}],"curies":[{"name":"wp","href":"https:\/\/api.w.org\/{rel}","templated":true}]}}