{"id":1954,"date":"2019-11-24T18:10:26","date_gmt":"2019-11-24T17:10:26","guid":{"rendered":"https:\/\/www.unicon20.fr\/?page_id=1954"},"modified":"2022-04-25T17:49:01","modified_gmt":"2022-04-25T15:49:01","slug":"basketball","status":"publish","type":"page","link":"https:\/\/unicon20.fr\/fr\/basketball\/","title":{"rendered":"Basket"},"content":{"rendered":"<figure class=\"wp-block-image\"><img loading=\"lazy\" decoding=\"async\" width=\"1024\" height=\"683\" src=\"https:\/\/unicon20.fr\/wp-content\/uploads\/2019\/05\/IMG_1173-1024x683.jpg\" alt=\"\" class=\"wp-image-1349\" srcset=\"\" sizes=\"auto, (max-width: 1024px) 100vw, 1024px\" data-srcset=\"\" \/><\/figure>\n\n\n\n<div class=\"wp-block-themeisle-blocks-advanced-columns alignwide has-1-columns has-desktop-equal-layout has-tablet-equal-layout has-mobile-equal-layout has-default-gap has-vertical-unset\" id=\"wp-block-themeisle-blocks-advanced-columns-fb77c7c0\"><div class=\"wp-block-themeisle-blocks-advanced-columns-overlay\"><\/div><div class=\"innerblocks-wrap\">\n<div class=\"wp-block-themeisle-blocks-advanced-column\" id=\"wp-block-themeisle-blocks-advanced-column-9bc8359f\">\n<p>Pour ceux qui ne le pratiquent pas encore, le basketball \u00e0 monocycle est une variante tr\u00e8s proche du basketball classique, proposant un ensemble de r\u00e8gles adapt\u00e9es. Il permet de mettre en avant le sens du jeu collectif, l'adresse personnelle, et l'\u00e9quilibre. C'est \u00e9galement un excellent moyen pour les d\u00e9butants de progresser en ma\u00eetrise du monocycle tout en s'amusant. <\/p>\n\n\n\n<div class=\"wp-block-media-text is-stacked-on-mobile is-vertically-aligned-center\"><figure class=\"wp-block-media-text__media\"><img loading=\"lazy\" decoding=\"async\" width=\"700\" height=\"948\" src=\"https:\/\/unicon20.fr\/wp-content\/uploads\/2019\/05\/DSC_0317.jpg\" alt=\"\" class=\"wp-image-1383 size-full\" srcset=\"https:\/\/unicon20.fr\/wp-content\/uploads\/2019\/05\/DSC_0317.jpg 700w, https:\/\/unicon20.fr\/wp-content\/uploads\/2019\/05\/DSC_0317-222x300.jpg 222w\" sizes=\"auto, (max-width: 700px) 100vw, 700px\" \/><\/figure><div class=\"wp-block-media-text__content\">\n<p>Nous avons la chance de voir un UNICON organis\u00e9 en France cette fois, grande nation de basketball \u00e0 monocycle. Afin que chaque monocycliste puisse y trouver son plaisir, nous vous proposons des tournois adapt\u00e9s \u00e0 chacun : <\/p>\n\n\n\n<ul class=\"wp-block-list\"><li>Un tournoi A, qui r\u00e9unira les meilleures \u00e9quipes, qui souhaitent disputer le titre de champion du monde, et qui va privil\u00e9gier les aspects sportifs et comp\u00e9titifs ;<\/li><li>Un tournoi B, qui permettra aux joueurs d'un niveau plus modeste de rencontrer sur le terrain un maximum d'\u00e9quipes ;<\/li><li>Un tournoi junior, qui proposera aux jeunes joueurs (moins de 19 ans) une formule adapt\u00e9e \u00e0 leur \u00e2ge et \u00e0 leur niveau.<\/li><\/ul>\n\n\n\n<p>Nous avons 5 jours complets de tournois au Gymnase Jean-Philippe Motte. Le terrain peut \u00eatre am\u00e9nag\u00e9 pour deux courts, ou un seul court r\u00e9pondant aux normes officielles.\u00a0<\/p>\n<\/div><\/div>\n\n\n\n<p>Nous nous attendons \u00e0 ce qu'un grand nombre d'\u00e9quipes participent \u00e0 cet UNICON. Nous souhaitons faire au mieux pour que chacune d'entre elles y trouve son compte. Pour cela nous avons d\u00fb mettre en place des r\u00e8gles de s\u00e9lection des \u00e9quipes au cas ou celles-ci seraient trop nombreuses. Ces r\u00e8gles sont disponibles ci-dessous.<\/p>\n\n\n\n<p>En plus de ces tournois, nous vous proposerons une journ\u00e9e de workshops officiels pour laquelle nous aurons \u00e9galement acc\u00e8s au gymnase. Deux workshops sont aujourd'hui identifi\u00e9s :<\/p>\n\n\n\n<ul class=\"wp-block-list\"><li>Un tournoi en 3x3 pour d\u00e9couvrir cette variante de jeu plus dynamique et plus simple \u00e0 mettre en \u0153uvre lorsqu'on manque de joueurs.<\/li><li>Une mini-formation \u00e0 l'arbitrage pour faciliter le bon d\u00e9roulement des tournois qui s'ensuivront en donnant aux futurs arbitres quelques bases.<\/li><\/ul>\n\n\n\n<p>On esp\u00e8re vous y rencontrer !\u00a0<\/p>\n\n\n\n<div class=\"wp-block-image\"><figure class=\"aligncenter size-large\"><img loading=\"lazy\" decoding=\"async\" width=\"1024\" height=\"683\" src=\"https:\/\/unicon20.fr\/wp-content\/uploads\/2022\/04\/Motte-6-1024x683.jpg\" alt=\"\" class=\"wp-image-2714\" srcset=\"https:\/\/unicon20.fr\/wp-content\/uploads\/2022\/04\/Motte-6-1024x683.jpg 1024w, https:\/\/unicon20.fr\/wp-content\/uploads\/2022\/04\/Motte-6-300x200.jpg 300w, https:\/\/unicon20.fr\/wp-content\/uploads\/2022\/04\/Motte-6-768x512.jpg 768w, https:\/\/unicon20.fr\/wp-content\/uploads\/2022\/04\/Motte-6-1536x1024.jpg 1536w, https:\/\/unicon20.fr\/wp-content\/uploads\/2022\/04\/Motte-6-2048x1365.jpg 2048w, https:\/\/unicon20.fr\/wp-content\/uploads\/2022\/04\/Motte-6-360x240.jpg 360w\" sizes=\"auto, (max-width: 1024px) 100vw, 1024px\" \/><figcaption>Gymnase Jean-Philippe Motte<\/figcaption><\/figure><\/div>\n\n\n\n<h4 class=\"wp-block-heading\">R\u00e8gles de s\u00e9lection.<\/h4>\n\n\n\n<ol class=\"wp-block-list\"><li>Une \u00e9quipe est repr\u00e9sent\u00e9e par son capitaine ; la date \u00e0 laquelle il r\u00e8gle ses propres frais d'inscription est aussi la date de validation pour l'inscription de son \u00e9quipe. Au 30 juin, l'\u00e9quipe doit comprendre au moins 5 joueurs inscrits en ligne (sinon elle ne pourra pas participer au tournoi), et au maximum 12 joueurs. Si l'\u00e9quipe comporte plus de 12 joueurs, le capitaine devra indiquer quels sont les 12 joueurs retenus. <\/li><li>Chaque \u00e9quipe est consid\u00e9r\u00e9e comme repr\u00e9sentant un pays. Ce pays est d\u00e9termin\u00e9 par la nationalit\u00e9 la plus repr\u00e9sent\u00e9e parmi les joueurs (si deux nationalit\u00e9s sont \"\u00e0 \u00e9galit\u00e9\" en nombre de joueurs, l'\u00e9quipe devra choisir entre ces deux pays). <\/li><li>Pour chacun des tournois A et B, 16 \u00e9quipes au maximum pourront participer. Pour le tournoi Jeunes, ce maximum est fix\u00e9 \u00e0 12. <\/li><li>Les deux \u00e9quipes finalistes du pr\u00e9c\u00e9dent UNICON, si elles sont pr\u00e9sentes, seront automatiquement s\u00e9lectionn\u00e9es pour le tournoi A. <\/li><li>Les 16 premi\u00e8res \u00e9quipes inscrites pour chaque tournoi, d\u00e9termin\u00e9es par la date de validation du r\u00e8glement des frais d'inscription de leur capitaine, participeront au tournoi correspondant, \u00e0 moins que l'une des r\u00e8gles ci-dessous ne s'applique : <\/li><li>S'il y a plus de 6 \u00e9quipes repr\u00e9sentant le m\u00eame pays parmi les 16 qui sont s\u00e9lectionn\u00e9es pour un tournoi, alors seules 6 d'entre elles seront retenues, selon les r\u00e8gles de priorit\u00e9 ci-dessous (r\u00e8gles 8, 9, 10 et 11). Le tournoi opposera alors 16 \u00e9quipes s\u00e9lectionn\u00e9es parmi celles qui restent et qui n'appartiennent pas aux pays concern\u00e9s, en tenant compte de la date d'inscription de leur capitaine, et sans d\u00e9passer 6 \u00e9quipes pour un m\u00eame pays. <\/li><li>Si, en appliquant la r\u00e8gle 6, les 16 places d'un tournoi ne sont pas occup\u00e9es, les places restantes seront attribu\u00e9es \u00e9quitablement aux pays comptant plus de 6 \u00e9quipes inscrites. Ceci concerne en priorit\u00e9 les \u00e9quipes exclues par la r\u00e8gle 6 (en conformit\u00e9 avec les r\u00e8gles 7, 8, 9 et 10), puis aux autres \u00e9quipes, par ordre d'inscription de leur capitaine.<\/li><li>R\u00e8gle de priorit\u00e9 n\u00b01 : une seule \u00e9quipe par \"club\" est prioritaire pour chaque tournoi. Si une seconde \u00e9quipe du m\u00eame club est inscrite, elle aura automatiquement une priorit\u00e9 moindre que les premi\u00e8res \u00e9quipes du m\u00eame pays. Et la m\u00eame r\u00e8gle s'applique aux \u00e9quipes suivantes (3\u00e8me, 4\u00e8me etc.).<\/li><li>R\u00e8gle de priorit\u00e9 n\u00b02 : une fois que la r\u00e8gle de priorit\u00e9 n\u00b01 a \u00e9t\u00e9 appliqu\u00e9e, les \u00e9quipes d'un pays sont class\u00e9es selon leur meilleur r\u00e9sultat lors des trois derniers UNICON (les r\u00e9sultats obtenus au tournoi A pr\u00e9valent sur ceux obtenus au tournoi B). En cas d'\u00e9galit\u00e9 entre deux \u00e9quipes, le second meilleur r\u00e9sultat sera pris en compte, puis le troisi\u00e8me.<\/li><li>R\u00e8gle de priorit\u00e9 n\u00b03 : une fois que la r\u00e8gle de priorit\u00e9 n\u00b02 a \u00e9t\u00e9 appliqu\u00e9e, s'il reste des ex aequo, l'organisation de l'UNICON demandera \u00e0 l'organisation du pays concern\u00e9 d'\u00e9tablir l'ordre de priorit\u00e9 entre les \u00e9quipes.<\/li><li>R\u00e8gle de priorit\u00e9 n\u00b04 : si l'organisation nationale n'est pas apte \u00e0 \u00e9tablir l'ordre de priorit\u00e9 des \u00e9quipes (r\u00e8gle n\u00b03), alors les \u00e9quipes restantes d'un pays seront choisies dans l'ordre de paiement des frais d'inscription de leur capitaine.<\/li><li> Si une \u00e9quipe n'est pas s\u00e9lectionn\u00e9e pour le tournoi A, il lui sera propos\u00e9 de basculer sur le tournoi B, mais en respectant n\u00e9anmoins les r\u00e8gles de s\u00e9lection du tournoi B.<\/li><li> Dans tous les cas, les co-directeurs de l'\u00e9v\u00e9nement se r\u00e9servent le droit de : <br>  - demander \u00e0 une \u00e9quipe de changer de tournoi s'ils consid\u00e8rent que c'est une place plus appropri\u00e9e pour cette \u00e9quipe.<br>  - de modifier la r\u00e9partition du nombre de places entre les tournois A, B et Jeunes, tout en conservant un nombre total d'au moins 44 \u00e9quipes.<\/li><\/ol>\n\n\n\n<h4 class=\"wp-block-heading\">Information compl\u00e9mentaire<\/h4>\n\n\n\n<p>En compl\u00e9ment des r\u00e8gles de l'IUF, et pour des raisons de s\u00e9curit\u00e9, les <a href=\"http:\/\/www.fiba.basketball\/fr\/documents\" target=\"_blank\" rel=\"noreferrer noopener\" aria-label=\"FIBA rules (opens in a new tab)\">r\u00e8gles FIBA<\/a> concernant les zones des demi-cercles de non-charge ne seront pas appliqu\u00e9es pendant l'UNICON 2020. <\/p>\n<\/div>\n<\/div><\/div>","protected":false},"excerpt":{"rendered":"","protected":false},"author":1,"featured_media":0,"parent":0,"menu_order":0,"comment_status":"closed","ping_status":"closed","template":"","meta":{"footnotes":""},"class_list":["post-1954","page","type-page","status-publish","hentry"],"featured_image_urls_v2":{"full":"","thumbnail":"","medium":"","medium_large":"","large":"","1536x1536":"","2048x2048":"","trp-custom-language-flag":"","hestia-blog":""},"post_excerpt_stackable_v2":"<p>For those who do not play unicycle basketball, it is very similar to basketball but uses a set of adapted rules. Its highlights include collective play, personal skills, and balance. It is also an excellent way for beginners to improve their unicycle skills while having fun. We are lucky to see UNICON organized in France this time, a great unicycle basketball nation. In order for each unicyclist to find his or her pleasure, we are offering tournaments for everyone: A Tournament: the best teams will compete for the title of World Champion,B tournament: players and teams for a more modest\u2026<\/p>\n","category_list_v2":"","author_info_v2":{"name":"Maxence","url":"https:\/\/unicon20.fr\/fr\/author\/abrikot\/"},"comments_num_v2":"0 commentaire","_links":{"self":[{"href":"https:\/\/unicon20.fr\/fr\/wp-json\/wp\/v2\/pages\/1954","targetHints":{"allow":["GET"]}}],"collection":[{"href":"https:\/\/unicon20.fr\/fr\/wp-json\/wp\/v2\/pages"}],"about":[{"href":"https:\/\/unicon20.fr\/fr\/wp-json\/wp\/v2\/types\/page"}],"author":[{"embeddable":true,"href":"https:\/\/unicon20.fr\/fr\/wp-json\/wp\/v2\/users\/1"}],"replies":[{"embeddable":true,"href":"https:\/\/unicon20.fr\/fr\/wp-json\/wp\/v2\/comments?post=1954"}],"version-history":[{"count":22,"href":"https:\/\/unicon20.fr\/fr\/wp-json\/wp\/v2\/pages\/1954\/revisions"}],"predecessor-version":[{"id":2715,"href":"https:\/\/unicon20.fr\/fr\/wp-json\/wp\/v2\/pages\/1954\/revisions\/2715"}],"wp:attachment":[{"href":"https:\/\/unicon20.fr\/fr\/wp-json\/wp\/v2\/media?parent=1954"}],"curies":[{"name":"wp","href":"https:\/\/api.w.org\/{rel}","templated":true}]}}