{"id":1977,"date":"2019-11-25T21:31:48","date_gmt":"2019-11-25T20:31:48","guid":{"rendered":"https:\/\/www.unicon20.fr\/?page_id=1977"},"modified":"2022-04-27T15:00:13","modified_gmt":"2022-04-27T13:00:13","slug":"ceremonies","status":"publish","type":"page","link":"https:\/\/unicon20.fr\/fr\/ceremonies\/","title":{"rendered":"C\u00e9r\u00e9monies"},"content":{"rendered":"<div class=\"wp-block-themeisle-blocks-advanced-columns has-1-columns has-desktop-equal-layout has-tablet-equal-layout has-mobile-equal-layout has-default-gap has-vertical-unset\" id=\"wp-block-themeisle-blocks-advanced-columns-68278370\"><div class=\"wp-block-themeisle-blocks-advanced-columns-overlay\"><\/div><div class=\"innerblocks-wrap\">\n<div class=\"wp-block-themeisle-blocks-advanced-column\" id=\"wp-block-themeisle-blocks-advanced-column-36f85c97\">\n<h4 class=\"wp-block-heading\">Opening Ceremonies and Parade :<\/h4>\n\n\n\n<p>Nous nous rassemblerons pour la parade le mardi 26 juillet \u00e0 17h45 \u00e0 l\u2019anneau de vitesse (le village Unicon). Nous irons alors faire un tour dans Grenoble pour montrer notre pr\u00e9sence en musique. Nous serions ravis d\u2019avoir \u00e0 cette occasion un porteur de drapeau pour chaque pays pr\u00e9sent sur cet Unicon.<\/p>\n\n\n\n<p>Apr\u00e8s la parade, nous nous retrouverons \u00e0 la halle Cl\u00e9menceau pour la c\u00e9r\u00e9monie d\u2019ouverture de l\u2019Unicon 20.<\/p>\n\n\n\n<p class=\"hide-on-mobile\">Voici le trac\u00e9 :<\/p>\n\n\n[sgpx gpx=\/wp-content\/uploads\/gpx\/parade-2022.gpx ]\n\n\n\n<h4 class=\"wp-block-heading\">Closing ceremonies :<\/h4>\n\n\n\n<p>Nous serons heureux de retrouver tout le monde pour notre c\u00e9r\u00e9monie de cl\u00f4ture \u00e0 partir de 19h00 au niveau de l\u2019anneau de vitesse (le village Unicon). Un repas typique du coin* sera propos\u00e9 aux inscrits, et nous continuerons la soir\u00e9e en musique. <\/p>\n\n\n\n<p><em>*Nous proposerons aux comp\u00e9titeurs et aux non-comp\u00e9titeurs un plat unique avec ou sans viande. Merci de nous indiquer votre choix dans l\u2019inscription.&nbsp;<\/em><\/p>\n<\/div>\n<\/div><\/div>","protected":false},"excerpt":{"rendered":"","protected":false},"author":1,"featured_media":0,"parent":0,"menu_order":0,"comment_status":"closed","ping_status":"closed","template":"","meta":{"footnotes":""},"class_list":["post-1977","page","type-page","status-publish","hentry"],"featured_image_urls_v2":{"full":"","thumbnail":"","medium":"","medium_large":"","large":"","1536x1536":"","2048x2048":"","trp-custom-language-flag":"","hestia-blog":""},"post_excerpt_stackable_v2":"<p>Opening Ceremonies and Parade : We will gather at 17:45 to organize for the parade, Tuesday, July 26 at L\u2019Anneau de Vitesse (Unicon Center). We will ride around Grenoble accompanied by music. On this occasion, we would be delighted to have a flag bearer for each country present at this Unicon. After the parade, we will meet at Halle Cl\u00e9menceau for the Opening Ceremony of Unicon 20. Here is the route: [sgpx gpx=\/wp-content\/uploads\/gpx\/parade-2022.gpx ] Closing ceremonies : We are happy to host everyone for our closing ceremony at 19:00 at L\u2019Anneau de Vitesse (Unicon Center). All registered people will be\u2026<\/p>\n","category_list_v2":"","author_info_v2":{"name":"Maxence","url":"https:\/\/unicon20.fr\/fr\/author\/abrikot\/"},"comments_num_v2":"0 commentaire","_links":{"self":[{"href":"https:\/\/unicon20.fr\/fr\/wp-json\/wp\/v2\/pages\/1977","targetHints":{"allow":["GET"]}}],"collection":[{"href":"https:\/\/unicon20.fr\/fr\/wp-json\/wp\/v2\/pages"}],"about":[{"href":"https:\/\/unicon20.fr\/fr\/wp-json\/wp\/v2\/types\/page"}],"author":[{"embeddable":true,"href":"https:\/\/unicon20.fr\/fr\/wp-json\/wp\/v2\/users\/1"}],"replies":[{"embeddable":true,"href":"https:\/\/unicon20.fr\/fr\/wp-json\/wp\/v2\/comments?post=1977"}],"version-history":[{"count":11,"href":"https:\/\/unicon20.fr\/fr\/wp-json\/wp\/v2\/pages\/1977\/revisions"}],"predecessor-version":[{"id":2794,"href":"https:\/\/unicon20.fr\/fr\/wp-json\/wp\/v2\/pages\/1977\/revisions\/2794"}],"wp:attachment":[{"href":"https:\/\/unicon20.fr\/fr\/wp-json\/wp\/v2\/media?parent=1977"}],"curies":[{"name":"wp","href":"https:\/\/api.w.org\/{rel}","templated":true}]}}