{"id":2065,"date":"2019-12-04T18:24:54","date_gmt":"2019-12-04T17:24:54","guid":{"rendered":"https:\/\/www.unicon20.fr\/?page_id=2065"},"modified":"2022-05-17T10:21:36","modified_gmt":"2022-05-17T08:21:36","slug":"jumps","status":"publish","type":"page","link":"https:\/\/unicon20.fr\/fr\/jumps\/","title":{"rendered":"Sauts"},"content":{"rendered":"<div class=\"wp-block-themeisle-blocks-advanced-columns has-1-columns has-desktop-equal-layout has-tablet-equal-layout has-mobile-equal-layout has-default-gap has-vertical-unset\" id=\"wp-block-themeisle-blocks-advanced-columns-7ce047d8\"><div class=\"wp-block-themeisle-blocks-advanced-columns-overlay\"><\/div><div class=\"innerblocks-wrap\">\n<div class=\"wp-block-themeisle-blocks-advanced-column\" id=\"wp-block-themeisle-blocks-advanced-column-f2c25673\">\n<div class=\"wp-block-columns is-layout-flex wp-container-core-columns-is-layout-9d6595d7 wp-block-columns-is-layout-flex\">\n<div class=\"wp-block-column is-layout-flow wp-block-column-is-layout-flow\">\n<p>Il y a deux sortes de comp\u00e9titions de saut \u00e0 l'UNICON : les sauts sur plateformes, et les autres sauts. Le but de ces deux comp\u00e9titions est de sauter soit le plus loin soit le plus haut. Les autres sauts consistent \u00e0 franchir des barres depuis le sol, avec retour au sol, et les sauts sur plateformes consistent \u00e0 sauter sur une plateforme depuis le sol (saut en hauteur), et d'une plateforme \u00e0 une autre (saut en longueur).<\/p>\n\n\n\n<p>Attention : vous devez savoir \u00e0 quelle hauteur\/ longueur vous voulez commencer. Vous ne disposez que de 12 essais, et il serait dommage de les gaspiller sur des hauteurs ou des longueurs trop faciles pour vous. <\/p>\n<\/div>\n\n\n\n<div class=\"wp-block-column is-vertically-aligned-center is-layout-flow wp-block-column-is-layout-flow\">\n<figure class=\"wp-block-image size-large\"><img loading=\"lazy\" decoding=\"async\" width=\"708\" height=\"1024\" src=\"https:\/\/unicon20.fr\/wp-content\/uploads\/2019\/12\/UNICON-7-708x1024.jpg\" alt=\"\" class=\"wp-image-2067\" srcset=\"https:\/\/unicon20.fr\/wp-content\/uploads\/2019\/12\/UNICON-7-708x1024.jpg 708w, https:\/\/unicon20.fr\/wp-content\/uploads\/2019\/12\/UNICON-7-208x300.jpg 208w, https:\/\/unicon20.fr\/wp-content\/uploads\/2019\/12\/UNICON-7-768x1110.jpg 768w, https:\/\/unicon20.fr\/wp-content\/uploads\/2019\/12\/UNICON-7-1063x1536.jpg 1063w, https:\/\/unicon20.fr\/wp-content\/uploads\/2019\/12\/UNICON-7-1417x2048.jpg 1417w, https:\/\/unicon20.fr\/wp-content\/uploads\/2019\/12\/UNICON-7-scaled.jpg 1771w\" sizes=\"auto, (max-width: 708px) 100vw, 708px\" \/><\/figure>\n<\/div>\n<\/div>\n\n\n\n<h4 class=\"wp-block-heading\">Equipements de s\u00e9curit\u00e9 obligatoires. <\/h4>\n\n\n\n<p>for high jump :<\/p>\n\n\n\n<ul class=\"wp-block-list\"><li>Closed shoes<\/li><li>Helmet<\/li><\/ul>\n\n\n\n<p>for long jump :<\/p>\n\n\n\n<ul class=\"wp-block-list\"><li>Closed shoes<\/li><li>Knee pads<\/li><li>Helmet<\/li><\/ul>\n\n\n\n<p>Underwear and shorts are highly appreciated by the directors too, but not a requirement \ud83d\ude42<\/p>\n\n\n\n<p>Les comp\u00e9titions de saut se d\u00e9rouleront sur  .<strong>\u2019<\/strong>Anneau de Vitesse (UNICON Center).<\/p>\n<\/div>\n<\/div><\/div>\n\n\n\n<div class=\"wp-block-themeisle-blocks-advanced-columns alignfull has-2-columns has-desktop-equal-layout has-tablet-equal-layout has-mobile-collapsedRows-layout has-default-gap has-vertical-unset\" id=\"wp-block-themeisle-blocks-advanced-columns-44274276\"><div class=\"wp-block-themeisle-blocks-advanced-columns-overlay\"><\/div><div class=\"innerblocks-wrap\">\n<div class=\"wp-block-themeisle-blocks-advanced-column\" id=\"wp-block-themeisle-blocks-advanced-column-7a8978b6\">\n<figure class=\"wp-block-image size-large\"><img loading=\"lazy\" decoding=\"async\" width=\"1024\" height=\"576\" src=\"https:\/\/unicon20.fr\/wp-content\/uploads\/2019\/12\/EC-Unicycling-35-1024x576.jpg\" alt=\"\" class=\"wp-image-2066\" srcset=\"https:\/\/unicon20.fr\/wp-content\/uploads\/2019\/12\/EC-Unicycling-35-1024x576.jpg 1024w, https:\/\/unicon20.fr\/wp-content\/uploads\/2019\/12\/EC-Unicycling-35-300x169.jpg 300w, https:\/\/unicon20.fr\/wp-content\/uploads\/2019\/12\/EC-Unicycling-35-768x432.jpg 768w, https:\/\/unicon20.fr\/wp-content\/uploads\/2019\/12\/EC-Unicycling-35-1536x864.jpg 1536w, https:\/\/unicon20.fr\/wp-content\/uploads\/2019\/12\/EC-Unicycling-35-2048x1152.jpg 2048w\" sizes=\"auto, (max-width: 1024px) 100vw, 1024px\" \/><\/figure>\n<\/div>\n\n\n\n<div class=\"wp-block-themeisle-blocks-advanced-column\" id=\"wp-block-themeisle-blocks-advanced-column-73cc22dd\">\n<figure class=\"wp-block-image size-large\"><img loading=\"lazy\" decoding=\"async\" width=\"1024\" height=\"684\" src=\"https:\/\/unicon20.fr\/wp-content\/uploads\/2019\/12\/UNICON-3-1024x684.jpg\" alt=\"\" class=\"wp-image-2068\" srcset=\"https:\/\/unicon20.fr\/wp-content\/uploads\/2019\/12\/UNICON-3-1024x684.jpg 1024w, https:\/\/unicon20.fr\/wp-content\/uploads\/2019\/12\/UNICON-3-300x200.jpg 300w, https:\/\/unicon20.fr\/wp-content\/uploads\/2019\/12\/UNICON-3-768x513.jpg 768w, https:\/\/unicon20.fr\/wp-content\/uploads\/2019\/12\/UNICON-3-1536x1025.jpg 1536w, https:\/\/unicon20.fr\/wp-content\/uploads\/2019\/12\/UNICON-3-2048x1367.jpg 2048w, https:\/\/unicon20.fr\/wp-content\/uploads\/2019\/12\/UNICON-3-360x240.jpg 360w\" sizes=\"auto, (max-width: 1024px) 100vw, 1024px\" \/><\/figure>\n<\/div>\n<\/div><\/div>","protected":false},"excerpt":{"rendered":"","protected":false},"author":1,"featured_media":0,"parent":0,"menu_order":0,"comment_status":"closed","ping_status":"closed","template":"","meta":{"footnotes":""},"class_list":["post-2065","page","type-page","status-publish","hentry"],"featured_image_urls_v2":{"full":"","thumbnail":"","medium":"","medium_large":"","large":"","1536x1536":"","2048x2048":"","trp-custom-language-flag":"","hestia-blog":""},"post_excerpt_stackable_v2":"<p>There are two kind of jump competitions at Unicon. Platform jumps and track jumps. The goal of both jump comps is to either jump the furthest (long jump) or jump the highest (high jump). Track jumps require the rider to jump over bars from the ground back to the ground, and platform jumps requires the rider to jump onto a platform from the ground in high jump, and from one platform to another in long jump. Important: Know your starting height\/length. You have 12 tries only, and it would be a shame to waste your tries on jumps that are\u2026<\/p>\n","category_list_v2":"","author_info_v2":{"name":"Maxence","url":"https:\/\/unicon20.fr\/fr\/author\/abrikot\/"},"comments_num_v2":"0 commentaire","_links":{"self":[{"href":"https:\/\/unicon20.fr\/fr\/wp-json\/wp\/v2\/pages\/2065","targetHints":{"allow":["GET"]}}],"collection":[{"href":"https:\/\/unicon20.fr\/fr\/wp-json\/wp\/v2\/pages"}],"about":[{"href":"https:\/\/unicon20.fr\/fr\/wp-json\/wp\/v2\/types\/page"}],"author":[{"embeddable":true,"href":"https:\/\/unicon20.fr\/fr\/wp-json\/wp\/v2\/users\/1"}],"replies":[{"embeddable":true,"href":"https:\/\/unicon20.fr\/fr\/wp-json\/wp\/v2\/comments?post=2065"}],"version-history":[{"count":7,"href":"https:\/\/unicon20.fr\/fr\/wp-json\/wp\/v2\/pages\/2065\/revisions"}],"predecessor-version":[{"id":2883,"href":"https:\/\/unicon20.fr\/fr\/wp-json\/wp\/v2\/pages\/2065\/revisions\/2883"}],"wp:attachment":[{"href":"https:\/\/unicon20.fr\/fr\/wp-json\/wp\/v2\/media?parent=2065"}],"curies":[{"name":"wp","href":"https:\/\/api.w.org\/{rel}","templated":true}]}}