{"id":2079,"date":"2019-12-04T18:32:48","date_gmt":"2019-12-04T17:32:48","guid":{"rendered":"https:\/\/www.unicon20.fr\/?page_id=2079"},"modified":"2022-05-17T10:17:48","modified_gmt":"2022-05-17T08:17:48","slug":"flatland","status":"publish","type":"page","link":"https:\/\/unicon20.fr\/fr\/flatland\/","title":{"rendered":"Le Flat"},"content":{"rendered":"<div class=\"wp-block-themeisle-blocks-advanced-columns has-1-columns has-desktop-equal-layout has-tablet-equal-layout has-mobile-equal-layout has-default-gap has-vertical-unset\" id=\"wp-block-themeisle-blocks-advanced-columns-489ca659\"><div class=\"wp-block-themeisle-blocks-advanced-columns-overlay\"><\/div><div class=\"innerblocks-wrap\">\n<div class=\"wp-block-themeisle-blocks-advanced-column\" id=\"wp-block-themeisle-blocks-advanced-column-d3b625d6\">\n<figure class=\"wp-block-image size-large\"><img loading=\"lazy\" decoding=\"async\" width=\"1024\" height=\"527\" src=\"https:\/\/unicon20.fr\/wp-content\/uploads\/2020\/02\/EUC-74-1024x527.jpg\" alt=\"\" class=\"wp-image-2210\" srcset=\"https:\/\/unicon20.fr\/wp-content\/uploads\/2020\/02\/EUC-74-1024x527.jpg 1024w, https:\/\/unicon20.fr\/wp-content\/uploads\/2020\/02\/EUC-74-300x154.jpg 300w, https:\/\/unicon20.fr\/wp-content\/uploads\/2020\/02\/EUC-74-768x396.jpg 768w, https:\/\/unicon20.fr\/wp-content\/uploads\/2020\/02\/EUC-74-1536x791.jpg 1536w, https:\/\/unicon20.fr\/wp-content\/uploads\/2020\/02\/EUC-74-2048x1055.jpg 2048w\" sizes=\"auto, (max-width: 1024px) 100vw, 1024px\" \/><figcaption> @Edd Hawkes  <\/figcaption><\/figure>\n\n\n\n<p>Le flat est une discipline de free-style dans la quelle on recherche l'\u00e9quilibre parfait entre les figures, le style et la r\u00e9gularit\u00e9. Il se d\u00e9roule sur des surfaces plates et lisses, qui ne pr\u00e9sentent pas d'obstacles comme des rampes, des sauts ou des rails : il s'agit d'\u00eatre cr\u00e9atif. Pendant la comp\u00e9tition, les concurrents r\u00e9alisent un pr\u00e9ambule d'une minute durant laquelle ils sont jug\u00e9s selon plusieurs crit\u00e8res : difficult\u00e9 et vari\u00e9t\u00e9 des figures, style, fluidit\u00e9, cr\u00e9ativit\u00e9 et r\u00e9gularit\u00e9. Apr\u00e8s cette minute pr\u00e9liminaire, de 8 \u00e0 16 concurrents parmi ceux qui ont obtenu les meilleurs scores sont qualifi\u00e9s pour les finales, durant lesquelles ils se mesurent \u00e0 un contre un.<\/p>\n\n\n\n<p>The most common wheel size for Flatland is 19\u201d, however more and more riders favour 20\u201d unicycles. Riders usually use fat tires and short(er) cranks to allow themselves to have more flow in their riding. Square-crown frames are favoured as they support coast, scuff-coast and stand up wheel walk tricks better than round-crown frames.<\/p>\n\n\n\n<p> Les comp\u00e9titions de Flat se d\u00e9rouleront sur l'anneau de vitesse, qui sera le centre de l'UNICON. C'est un anneau de patinage de vitesse en plein air qui a accueilli les comp\u00e9titions de patinage de vitesse lors des Jeux Olympiques d'hiver en 1968. Cet \u00e9t\u00e9 nous \u00e9changerons les lames contre des roues et enflammerons les tribunes !&nbsp;<\/p>\n\n\n\n<div class=\"wp-block-columns is-layout-flex wp-container-core-columns-is-layout-9d6595d7 wp-block-columns-is-layout-flex\">\n<div class=\"wp-block-column is-layout-flow wp-block-column-is-layout-flow\">\n<figure class=\"wp-block-image size-large\"><img loading=\"lazy\" decoding=\"async\" width=\"1024\" height=\"577\" src=\"https:\/\/unicon20.fr\/wp-content\/uploads\/2020\/02\/EUC-64-1024x577.jpg\" alt=\"\" class=\"wp-image-2209\" srcset=\"https:\/\/unicon20.fr\/wp-content\/uploads\/2020\/02\/EUC-64-1024x577.jpg 1024w, https:\/\/unicon20.fr\/wp-content\/uploads\/2020\/02\/EUC-64-300x169.jpg 300w, https:\/\/unicon20.fr\/wp-content\/uploads\/2020\/02\/EUC-64-768x433.jpg 768w, https:\/\/unicon20.fr\/wp-content\/uploads\/2020\/02\/EUC-64-1536x866.jpg 1536w, https:\/\/unicon20.fr\/wp-content\/uploads\/2020\/02\/EUC-64-2048x1154.jpg 2048w\" sizes=\"auto, (max-width: 1024px) 100vw, 1024px\" \/><figcaption>@Edd Hawkes <\/figcaption><\/figure>\n<\/div>\n\n\n\n<div class=\"wp-block-column is-layout-flow wp-block-column-is-layout-flow\">\n<figure class=\"wp-block-image size-large\"><img loading=\"lazy\" decoding=\"async\" width=\"1024\" height=\"576\" src=\"https:\/\/unicon20.fr\/wp-content\/uploads\/2020\/02\/EUC-WINTER-2018-12-1024x576.jpg\" alt=\"\" class=\"wp-image-2208\" srcset=\"https:\/\/unicon20.fr\/wp-content\/uploads\/2020\/02\/EUC-WINTER-2018-12-1024x576.jpg 1024w, https:\/\/unicon20.fr\/wp-content\/uploads\/2020\/02\/EUC-WINTER-2018-12-300x169.jpg 300w, https:\/\/unicon20.fr\/wp-content\/uploads\/2020\/02\/EUC-WINTER-2018-12-768x432.jpg 768w, https:\/\/unicon20.fr\/wp-content\/uploads\/2020\/02\/EUC-WINTER-2018-12-1536x864.jpg 1536w, https:\/\/unicon20.fr\/wp-content\/uploads\/2020\/02\/EUC-WINTER-2018-12-2048x1152.jpg 2048w\" sizes=\"auto, (max-width: 1024px) 100vw, 1024px\" \/><figcaption> @Edd Hawkes  <\/figcaption><\/figure>\n<\/div>\n<\/div>\n<\/div>\n<\/div><\/div>\n\n\n\n<p style=\"font-size:25px\"><strong>Mandatory protections <\/strong><\/p>\n\n\n\n<ul class=\"wp-block-list\"><li>Closed shoes<\/li><\/ul>\n\n\n\n<p><\/p>","protected":false},"excerpt":{"rendered":"<p>Mandatory protections Closed shoes<\/p>","protected":false},"author":1,"featured_media":0,"parent":0,"menu_order":0,"comment_status":"closed","ping_status":"closed","template":"","meta":{"footnotes":""},"class_list":["post-2079","page","type-page","status-publish","hentry"],"featured_image_urls_v2":{"full":"","thumbnail":"","medium":"","medium_large":"","large":"","1536x1536":"","2048x2048":"","trp-custom-language-flag":"","hestia-blog":""},"post_excerpt_stackable_v2":"<p>@Edd Hawkes Flatland is a free-style riding style about finding the perfect balance between top tricks, style, and consistency. It is performed on smooth flat surfaces which does not include any obstacles such as ramps, jumps or grindrails \u2013 it is all about being creative. During the competition, riders will complete a 1 minute preliminary run where they are judged on several criteria such as the difficulty of, and variety of their tricks, their style, flow, creativity, and consistency. After the prelims, between 8 and 16 of the highest scoring riders will advance to the finals, where they compete in\u2026<\/p>\n","category_list_v2":"","author_info_v2":{"name":"Maxence","url":"https:\/\/unicon20.fr\/fr\/author\/abrikot\/"},"comments_num_v2":"0 commentaire","_links":{"self":[{"href":"https:\/\/unicon20.fr\/fr\/wp-json\/wp\/v2\/pages\/2079","targetHints":{"allow":["GET"]}}],"collection":[{"href":"https:\/\/unicon20.fr\/fr\/wp-json\/wp\/v2\/pages"}],"about":[{"href":"https:\/\/unicon20.fr\/fr\/wp-json\/wp\/v2\/types\/page"}],"author":[{"embeddable":true,"href":"https:\/\/unicon20.fr\/fr\/wp-json\/wp\/v2\/users\/1"}],"replies":[{"embeddable":true,"href":"https:\/\/unicon20.fr\/fr\/wp-json\/wp\/v2\/comments?post=2079"}],"version-history":[{"count":5,"href":"https:\/\/unicon20.fr\/fr\/wp-json\/wp\/v2\/pages\/2079\/revisions"}],"predecessor-version":[{"id":2881,"href":"https:\/\/unicon20.fr\/fr\/wp-json\/wp\/v2\/pages\/2079\/revisions\/2881"}],"wp:attachment":[{"href":"https:\/\/unicon20.fr\/fr\/wp-json\/wp\/v2\/media?parent=2079"}],"curies":[{"name":"wp","href":"https:\/\/api.w.org\/{rel}","templated":true}]}}