{"id":2153,"date":"2020-01-20T13:26:12","date_gmt":"2020-01-20T12:26:12","guid":{"rendered":"https:\/\/www.unicon20.fr\/?page_id=2153"},"modified":"2020-01-21T12:55:30","modified_gmt":"2020-01-21T11:55:30","slug":"hockey","status":"publish","type":"page","link":"https:\/\/unicon20.fr\/fr\/hockey\/","title":{"rendered":"Hockey"},"content":{"rendered":"<p>Unicycle Hockey at UNICON 20 will include three competitions (<strong>A, B and C<\/strong>), so there will be a chance for players of every skill level to participate and it will consist of 9 days of competition. <\/p>\n\n\n\n<p>The hall <em>Gymnase Aristide Berges<\/em> is located 4km from UNICON HQ and will house a 44 x 24 meter inline hockey rink for the matches. Transport to the venue is 15 min drive (parking is available), 30-40min unicycle ride or 23 minutes by public transport (tram). Toilets and showers are available at the venue. Bottles can be filled at the sink if needed but no drinking fountains are available, it is expected to be hot so bringing a water-bottle is highly recommended. Please be prepared.<\/p>\n\n\n\n<p>Pour ceux qui ne connaissent pas l'UNICON et le monocycle hockey, il s'agit d'un sport d'\u00e9quipe amical et facile \u00e0 rejoindre.\u00a0 Il y aura des ateliers, des jeux amusants qui ne font partie d'aucune comp\u00e9tition, et la comp\u00e9tition C sp\u00e9cifiquement pour le jeu plus l\u00e9ger et les d\u00e9butants. L'UNICON est donc l'endroit id\u00e9al pour commencer \u00e0 apprendre !<\/p>\n\n\n\n<p><strong>A<\/strong> et <strong>B<\/strong> competitions will be run according to IUF rules. The <strong>C<\/strong> competition will provide more leeway for players learning the game. If you are interested in competing in Hockey at Unicon 20 please make a note in the google form (provided below) so we can place you in the appropriate competition!<\/p>\n\n\n\n<p>Veuillez lire la section sur le hockey du <a href=\"https:\/\/unicon20.fr\/wp-content\/uploads\/2019\/12\/iuf-rulebook-2019.pdf\" target=\"_blank\" rel=\"noreferrer noopener\" aria-label=\"current (2019) rulebook (opens in a new tab)\">r\u00e8glement actuel (2019)<\/a> si vous pr\u00e9voyez de participer \u00e0 une comp\u00e9tition. Il est disponible dans la section des publications du site Web de la F\u00e9d\u00e9ration internationale de monocyclisme.<\/p>\n\n\n\n<p>Les comp\u00e9titions d\u00e9pendront du nombre d'\u00e9quipes et les tirages au sort des tournois seront effectu\u00e9s lorsque nous aurons finalis\u00e9 les \u00e9quipes. Pour am\u00e9liorer le classement des comp\u00e9titions, veuillez nous fournir quelques informations sur vous\/votre \u00e9quipe en remplissant le <a rel=\"noreferrer noopener\" aria-label=\"this form (opens in a new tab)\" href=\"https:\/\/www.google.com\/url?q=https:\/\/forms.gle\/duisfX1mRH2JM5sN9&amp;sa=D&amp;ust=1579526421876000&amp;usg=AFQjCNFO_NpekQ6vsgoHPcymFIocjhfYNA\" target=\"_blank\">formulaire suivant<\/a>. Si vous souhaitez discuter de la comp\u00e9tition qui conviendrait le mieux \u00e0 votre \u00e9quipe, <a href=\"mailto:unicon20hockey@googlegroups.com\">contactez nous<\/a>.<\/p>\n\n\n\n<figure class=\"wp-block-image size-large\"><img loading=\"lazy\" decoding=\"async\" width=\"1024\" height=\"334\" src=\"https:\/\/unicon20.fr\/wp-content\/uploads\/2020\/01\/Gymnase-Aristide-Berges-1-1024x334.jpg\" alt=\"\" class=\"wp-image-2157\" srcset=\"\" sizes=\"auto, (max-width: 1024px) 100vw, 1024px\" data-srcset=\"\" \/><\/figure>\n\n\n\n<figure class=\"wp-block-image size-large\"><img loading=\"lazy\" decoding=\"async\" width=\"1024\" height=\"768\" src=\"https:\/\/unicon20.fr\/wp-content\/uploads\/2020\/01\/Gymnase-Aristide-Berges-2-1024x768.jpg\" alt=\"\" class=\"wp-image-2158\" srcset=\"\" sizes=\"auto, (max-width: 1024px) 100vw, 1024px\" data-srcset=\"\" \/><\/figure>\n\n\n\n<figure class=\"wp-block-image size-large\"><img loading=\"lazy\" decoding=\"async\" width=\"1024\" height=\"768\" src=\"https:\/\/unicon20.fr\/wp-content\/uploads\/2020\/01\/Gymnase-Aristide-Berges-3-1024x768.jpg\" alt=\"\" class=\"wp-image-2159\" srcset=\"\" sizes=\"auto, (max-width: 1024px) 100vw, 1024px\" data-srcset=\"\" \/><\/figure>","protected":false},"excerpt":{"rendered":"<p>Unicycle Hockey at UNICON 20 will include three competitions (A, B and C), so there will be a chance for players of every skill level to participate and it will consist of 9 days of competition. The hall Gymnase Aristide Berges is located 4km from UNICON HQ and will house [&hellip;]<\/p>","protected":false},"author":1,"featured_media":0,"parent":0,"menu_order":0,"comment_status":"closed","ping_status":"closed","template":"","meta":{"footnotes":""},"class_list":["post-2153","page","type-page","status-publish","hentry"],"featured_image_urls_v2":{"full":"","thumbnail":"","medium":"","medium_large":"","large":"","1536x1536":"","2048x2048":"","trp-custom-language-flag":"","hestia-blog":""},"post_excerpt_stackable_v2":"<p>Unicycle Hockey at UNICON 20 will include three competitions (A, B and C), so there will be a chance for players of every skill level to participate and it will consist of 9 days of competition. The hall Gymnase Aristide Berges is located 4km from UNICON HQ and will house a 44 x 24 meter inline hockey rink for the matches. Transport to the venue is 15 min drive (parking is available), 30-40min unicycle ride or 23 minutes by public transport (tram). Toilets and showers are available at the venue. Bottles can be filled at the sink if needed but\u2026<\/p>\n","category_list_v2":"","author_info_v2":{"name":"Maxence","url":"https:\/\/unicon20.fr\/fr\/author\/abrikot\/"},"comments_num_v2":"0 commentaire","_links":{"self":[{"href":"https:\/\/unicon20.fr\/fr\/wp-json\/wp\/v2\/pages\/2153","targetHints":{"allow":["GET"]}}],"collection":[{"href":"https:\/\/unicon20.fr\/fr\/wp-json\/wp\/v2\/pages"}],"about":[{"href":"https:\/\/unicon20.fr\/fr\/wp-json\/wp\/v2\/types\/page"}],"author":[{"embeddable":true,"href":"https:\/\/unicon20.fr\/fr\/wp-json\/wp\/v2\/users\/1"}],"replies":[{"embeddable":true,"href":"https:\/\/unicon20.fr\/fr\/wp-json\/wp\/v2\/comments?post=2153"}],"version-history":[{"count":2,"href":"https:\/\/unicon20.fr\/fr\/wp-json\/wp\/v2\/pages\/2153\/revisions"}],"predecessor-version":[{"id":2161,"href":"https:\/\/unicon20.fr\/fr\/wp-json\/wp\/v2\/pages\/2153\/revisions\/2161"}],"wp:attachment":[{"href":"https:\/\/unicon20.fr\/fr\/wp-json\/wp\/v2\/media?parent=2153"}],"curies":[{"name":"wp","href":"https:\/\/api.w.org\/{rel}","templated":true}]}}