{"id":2163,"date":"2020-01-27T19:25:15","date_gmt":"2020-01-27T18:25:15","guid":{"rendered":"https:\/\/www.unicon20.fr\/?page_id=2163"},"modified":"2022-07-25T13:55:15","modified_gmt":"2022-07-25T11:55:15","slug":"downhill","status":"publish","type":"page","link":"https:\/\/unicon20.fr\/fr\/downhill\/","title":{"rendered":"Descente"},"content":{"rendered":"<p> La descente tout-terrain aura lieu au Bikepark Les 7 Laux. Le lieu de rendez-vous principal est \u00e0 Prapoutel, qui dispose d'un parking et est \u00e9galement accessible par les transports en commun.<\/p>\n\n\n\n<p><br>Des options de ramassage en bus sont \u00e0 l'\u00e9tude.<\/p>\n\n\n\n<h4 class=\"wp-block-heading\"><strong>D\u00e9butant<\/strong><\/h4>\n\n\n\n<p>La piste commence au sommet du t\u00e9l\u00e9si\u00e8ge des Bouquetins et pr\u00e9sente un singletrack compact et fluide avec des sections de petits cailloux ou de racines plates. La piste pour d\u00e9butants est d'une longueur de 1,5 km avec un d\u00e9nivel\u00e9 total de 221 m.<\/p>\n\n\n\n<p>Echelle de Muni Descente*:<\/p>\n\n\n\n<ul class=\"wp-block-list\"><li>Difficult\u00e9 moyenne: M1<\/li><li>Difficult\u00e9 maximale: M2<\/li><\/ul>\n\n\n\n<p>D\u00e9couvrez les profils de parcours et d'\u00e9l\u00e9vation <a rel=\"noreferrer noopener\" aria-label=\"HERE (opens in a new tab)\" href=\"https:\/\/www.plotaroute.com\/route\/998039\" target=\"_blank\">ICI<\/a>.<\/p>\n\n\n[sgpx gpx=\/wp-content\/uploads\/gpx\/DH_Beginner.gpx ]\n\n\n\n<h4 class=\"wp-block-heading\"><strong>Avanc\u00e9\/qualifications \u00e9lite<\/strong><\/h4>\n\n\n\n<p>Les comp\u00e9titeurs acc\u00e9deront \u00e0 la piste en prenant le t\u00e9l\u00e9si\u00e8ge \"Chamois\" et en descendant une route de service o\u00f9 elle rencontre la cr\u00eate et devient plus raide. Le d\u00e9part de la course se fera sur la route de service avec les premiers m\u00e8tres de la course sur la route de gravier raide et l\u00e2che, d'o\u00f9 la piste tournera \u00e0 gauche dans un singletrack. Le parcours est principalement un singletrack \u00e9troit avec quelques sections difficiles et rugueuses de racines et de rochers. Il y a aussi quelques sections plus faciles et m\u00eame quelques \u00e9l\u00e9ments en bois. Il y a de nombreux obstacles fr\u00e9quents qui n\u00e9cessiteront de l'habilet\u00e9 pour parcourir la piste rapidement. La plupart des obstacles du parcours sont de niveau M2 et M3. La piste comprend un parcours de 2,6 km en descente avec une perte d'altitude de 498 m\u00e8tres.<\/p>\n\n\n\n<p>Echelle de Muni Descente*:<\/p>\n\n\n\n<ul class=\"wp-block-list\"><li>Difficult\u00e9 moyenne: M2<\/li><li>Difficult\u00e9 maximale: M3\/M4<\/li><\/ul>\n\n\n\n<p>D\u00e9couvrez les profils de parcours et d'\u00e9l\u00e9vation <a href=\"https:\/\/www.plotaroute.com\/route\/1980386\" target=\"_blank\" rel=\"noreferrer noopener\">ICI<\/a>.<\/p>\n\n\n[sgpx gpx=\/wp-content\/uploads\/gpx\/DH_AdvancedElite_Qualifications.gpx ]\n\n\n\n<h4 class=\"wp-block-heading\"><strong>Elite<\/strong><\/h4>\n\n\n\n<p>La course Elite se d\u00e9roulera sur deux pistes diff\u00e9rentes, avec une descente sur chaque piste. Le gagnant sera le coureur qui aura r\u00e9alis\u00e9 le temps combin\u00e9 le plus court sur les deux parcours.<\/p>\n\n\n\n<p><strong>Elite 1:<\/strong><\/p>\n\n\n\n<p>La piste \"Psykopat\" initialement pr\u00e9vue n'est pas praticable en raison des dommages subis pendant l'hiver. Nous sommes en train d'examiner les options pour la finale 1.<\/p>\n\n\n\n<p>D\u00e9couvrez les profils de parcours et d'\u00e9l\u00e9vation <a href=\"https:\/\/www.plotaroute.com\/route\/1980394\" target=\"_blank\" rel=\"noreferrer noopener\">ICI<\/a>.<\/p>\n\n\n[sgpx gpx=\/wp-content\/uploads\/gpx\/DH_Final1.gpx ]\n\n\n\n<p><strong>Elite 2:<\/strong><\/p>\n\n\n\n<p>La piste commence \u00e0 la station sup\u00e9rieure du t\u00e9l\u00e9si\u00e8ge des Bouquetins. Avec sa difficult\u00e9 moyenne M2\/M3, elle ressemble un peu \u00e0 la piste de qualification. La piste a \u00e9t\u00e9 balis\u00e9e en noir \u00e0 cause de la section avec de grosses racines suivie d'une partie en terre tr\u00e8s raide (M4). Le sentiment g\u00e9n\u00e9ral est que c'est un parcours court et rapide avec peu de probl\u00e8mes techniques de niveau M4.<\/p>\n\n\n\n<p>Echelle de Muni Descente*:<\/p>\n\n\n\n<ul class=\"wp-block-list\"><li>Distance: 0.97 km<\/li><li>D\u00e9nivel\u00e9 n\u00e9gatif: 216 m<\/li><li>Difficult\u00e9 moyenne: M2\/M3<\/li><li>Difficult\u00e9 maximale: M2\/M3<\/li><\/ul>\n\n\n\n<p>D\u00e9couvrez les profils de parcours et d'\u00e9l\u00e9vation <a href=\"https:\/\/www.plotaroute.com\/route\/997893\" target=\"_blank\" rel=\"noreferrer noopener\" aria-label=\" (opens in a new tab)\">ICI<\/a>.<\/p>\n\n\n[sgpx gpx=\/wp-content\/uploads\/gpx\/DH_Final2.gpx ]\n\n\n\n<p>*En r\u00e9f\u00e9rence, l'\u00e9chelle de Muni d\u00e9scente: <a href=\"https:\/\/unicycling.org\/files\/iuf-muni-difficulty-scale.pdf\">https:\/\/unicycling.org\/files\/iuf-muni-difficulty-scale.pdf<\/a><\/p>","protected":false},"excerpt":{"rendered":"<p>Muni Downhill will be held in Les 7 Laux Bikepark. The primary meeting location is in Prapoutel, which has parking and can also be accessed by public transportation. Bussing options are also being explored. Beginner The trail starts at the top of the \u201cBouquetins\u201d chairlift and features a flowy compact [&hellip;]<\/p>","protected":false},"author":1,"featured_media":0,"parent":0,"menu_order":0,"comment_status":"closed","ping_status":"closed","template":"","meta":{"footnotes":""},"class_list":["post-2163","page","type-page","status-publish","hentry"],"featured_image_urls_v2":{"full":"","thumbnail":"","medium":"","medium_large":"","large":"","1536x1536":"","2048x2048":"","trp-custom-language-flag":"","hestia-blog":""},"post_excerpt_stackable_v2":"<p>Muni Downhill will be held in Les 7 Laux Bikepark. The primary meeting location is in Prapoutel, which has parking and can also be accessed by public transportation. Bussing options are also being explored. Beginner The trail starts at the top of the \u201cBouquetins\u201d chairlift and features a flowy compact singletrack with sections of small loose stones or flat roots. the beginner trail is set to be 1.5 km long with a total Elevation loss of 221 m. Muni Downhill Scale*: Average difficulty: M1Maximum difficulty: M2 Explore course and elevation profiles HERE. [sgpx gpx=\/wp-content\/uploads\/gpx\/DH_Beginner.gpx ] Advanced\/Elite Qualifications: Riders will access\u2026<\/p>\n","category_list_v2":"","author_info_v2":{"name":"Maxence","url":"https:\/\/unicon20.fr\/fr\/author\/abrikot\/"},"comments_num_v2":"0 commentaire","_links":{"self":[{"href":"https:\/\/unicon20.fr\/fr\/wp-json\/wp\/v2\/pages\/2163","targetHints":{"allow":["GET"]}}],"collection":[{"href":"https:\/\/unicon20.fr\/fr\/wp-json\/wp\/v2\/pages"}],"about":[{"href":"https:\/\/unicon20.fr\/fr\/wp-json\/wp\/v2\/types\/page"}],"author":[{"embeddable":true,"href":"https:\/\/unicon20.fr\/fr\/wp-json\/wp\/v2\/users\/1"}],"replies":[{"embeddable":true,"href":"https:\/\/unicon20.fr\/fr\/wp-json\/wp\/v2\/comments?post=2163"}],"version-history":[{"count":12,"href":"https:\/\/unicon20.fr\/fr\/wp-json\/wp\/v2\/pages\/2163\/revisions"}],"predecessor-version":[{"id":3247,"href":"https:\/\/unicon20.fr\/fr\/wp-json\/wp\/v2\/pages\/2163\/revisions\/3247"}],"wp:attachment":[{"href":"https:\/\/unicon20.fr\/fr\/wp-json\/wp\/v2\/media?parent=2163"}],"curies":[{"name":"wp","href":"https:\/\/api.w.org\/{rel}","templated":true}]}}