{"id":2166,"date":"2020-01-27T19:28:47","date_gmt":"2020-01-27T18:28:47","guid":{"rendered":"https:\/\/www.unicon20.fr\/?page_id=2166"},"modified":"2022-07-25T13:56:13","modified_gmt":"2022-07-25T11:56:13","slug":"uphill","status":"publish","type":"page","link":"https:\/\/unicon20.fr\/fr\/uphill\/","title":{"rendered":"Mont\u00e9e"},"content":{"rendered":"<p> La mont\u00e9e Muni aura lieu au Bikepark 'Les 7 Laux'. Le lieu de rencontre principal est \u00e0 Prapoutel, qui dispose d'un parking et est \u00e9galement accessible par les transports en commun.<br>Des options de ramassage en bus sont \u00e0 l'\u00e9tude.<\/p>\n\n\n\n<h4 class=\"wp-block-heading\"><strong>Le parcours<\/strong><\/h4>\n\n\n\n<p>D\u00e9couvrez les profils de parcours et d'\u00e9l\u00e9vation <a href=\"https:\/\/www.plotaroute.com\/route\/1003142\" target=\"_blank\" rel=\"noreferrer noopener\">ICI<\/a>.<\/p>\n\n\n[sgpx gpx=\/wp-content\/uploads\/gpx\/Uphill.gpx ]","protected":false},"excerpt":{"rendered":"<p>Muni Uphill will be held in Les 7 Laux Bikepark. The primary meeting location is in Prapoutel, which has parking and can also be accessed by public transportation.Bussing options are also being explored. The Course Explore course and elevation profiles HERE.<\/p>","protected":false},"author":1,"featured_media":0,"parent":0,"menu_order":0,"comment_status":"closed","ping_status":"closed","template":"","meta":{"footnotes":""},"class_list":["post-2166","page","type-page","status-publish","hentry"],"featured_image_urls_v2":{"full":"","thumbnail":"","medium":"","medium_large":"","large":"","1536x1536":"","2048x2048":"","trp-custom-language-flag":"","hestia-blog":""},"post_excerpt_stackable_v2":"<p>Muni Uphill will be held in Les 7 Laux Bikepark. The primary meeting location is in Prapoutel, which has parking and can also be accessed by public transportation.Bussing options are also being explored. The Course Explore course and elevation profiles HERE. [sgpx gpx=\/wp-content\/uploads\/gpx\/Uphill.gpx ]<\/p>\n","category_list_v2":"","author_info_v2":{"name":"Maxence","url":"https:\/\/unicon20.fr\/fr\/author\/abrikot\/"},"comments_num_v2":"0 commentaire","_links":{"self":[{"href":"https:\/\/unicon20.fr\/fr\/wp-json\/wp\/v2\/pages\/2166","targetHints":{"allow":["GET"]}}],"collection":[{"href":"https:\/\/unicon20.fr\/fr\/wp-json\/wp\/v2\/pages"}],"about":[{"href":"https:\/\/unicon20.fr\/fr\/wp-json\/wp\/v2\/types\/page"}],"author":[{"embeddable":true,"href":"https:\/\/unicon20.fr\/fr\/wp-json\/wp\/v2\/users\/1"}],"replies":[{"embeddable":true,"href":"https:\/\/unicon20.fr\/fr\/wp-json\/wp\/v2\/comments?post=2166"}],"version-history":[{"count":6,"href":"https:\/\/unicon20.fr\/fr\/wp-json\/wp\/v2\/pages\/2166\/revisions"}],"predecessor-version":[{"id":3246,"href":"https:\/\/unicon20.fr\/fr\/wp-json\/wp\/v2\/pages\/2166\/revisions\/3246"}],"wp:attachment":[{"href":"https:\/\/unicon20.fr\/fr\/wp-json\/wp\/v2\/media?parent=2166"}],"curies":[{"name":"wp","href":"https:\/\/api.w.org\/{rel}","templated":true}]}}