{"id":2189,"date":"2020-02-12T12:41:04","date_gmt":"2020-02-12T11:41:04","guid":{"rendered":"https:\/\/www.unicon20.fr\/?page_id=2189"},"modified":"2022-05-17T10:25:49","modified_gmt":"2022-05-17T08:25:49","slug":"trials","status":"publish","type":"page","link":"https:\/\/unicon20.fr\/fr\/trials\/","title":{"rendered":"Le Trial"},"content":{"rendered":"<p>Le trial est une discipline dans laquelle les monocyclistes doivent surmonter des parcours compos\u00e9s de multiples sections d'obstacles. Les monocyclistes doivent franchir des obstacles \u00e9troits, sauter des obstacles, descendre des pentes, traverser des trous et effectuer des sauts de pr\u00e9cision. Le gagnant est celui qui franchit le plus de sections dans le temps imparti.&nbsp;<br>Le speed trial est comme le trial, sauf que les comp\u00e9titeurs sont appari\u00e9s pour surmonter des zones similaires et que la comp\u00e9tition prend la forme d'une course. Le vainqueur est le premier \u00e0 franchir la ligne.&nbsp; <\/p>\n\n\n\n<p><strong>Information pour les nouveaux concurrents d'Unicon !<\/strong><\/p>\n\n\n\n<ul class=\"wp-block-list\"><li>Tous les niveaux sont les bienvenus<\/li><li>Les obstacles sont class\u00e9s de d\u00e9butant \u00e0 \u00e9lite !<\/li><li>Compl\u00e9tez des lignes plus difficiles pour obtenir plus de points<\/li><li>Les \u00e9preuves de trial ont besoin de beaucoup de volontaires pour fonctionner. Aidez-nous et amusez-vous en le faisant !<\/li><li>Assurez-vous de venir aux finales pour un bon spectacle !<br><\/li><\/ul>\n\n\n\n<p><strong>Safety rules  <\/strong><\/p>\n\n\n\n<ul class=\"wp-block-list\"><li>Helmet <\/li><li>Shin guards, knee pads and gloves are recommended<\/li><li>Seuls les concurrents et les b\u00e9n\u00e9voles sont autoris\u00e9s \u00e0 entrer dans la zone de comp\u00e9tition.<\/li><\/ul>\n\n\n\n<p><strong>Infos sur le lieu<\/strong><\/p>\n\n\n\n<p>La comp\u00e9tition se d\u00e9roulera \u00e0 l'int\u00e9rieur de la Halle Cl\u00e9menceau qui peut accueillir jusqu'\u00e0 2000 spectateurs. L'entr\u00e9e principale se trouve sur le c\u00f4t\u00e9 sud-est de la Halle : c'est le c\u00f4t\u00e9 le plus \u00e9loign\u00e9 de l'Anneau de Vitesse. Les \u00e9preuves de Speed Trial se d\u00e9rouleront \u00e0 l'ext\u00e9rieur, sur l'Anneau de Vitesse. Il y aura un contr\u00f4le de s\u00e9curit\u00e9 des personnes entrant et sortant des sites.<\/p>","protected":false},"excerpt":{"rendered":"<p>Trials is a discipline in which riders must overcome courses composed of multiple sections of obstacles. Riders must ride along skinny obstacles, jump up obstacles; off drops, across gaps and land precision jumps. The winner is the one who completes the most sections in the allotted time.&nbsp;Speed trials is like [&hellip;]<\/p>","protected":false},"author":1,"featured_media":0,"parent":0,"menu_order":0,"comment_status":"closed","ping_status":"closed","template":"","meta":{"footnotes":""},"class_list":["post-2189","page","type-page","status-publish","hentry"],"featured_image_urls_v2":{"full":"","thumbnail":"","medium":"","medium_large":"","large":"","1536x1536":"","2048x2048":"","trp-custom-language-flag":"","hestia-blog":""},"post_excerpt_stackable_v2":"<p>Trials is a discipline in which riders must overcome courses composed of multiple sections of obstacles. Riders must ride along skinny obstacles, jump up obstacles; off drops, across gaps and land precision jumps. The winner is the one who completes the most sections in the allotted time.&nbsp;Speed trials is like trials, except that riders are paired to overcome similar zones and the competition is in a tournament form. The winner is the first to cross the line.&nbsp; Information for a First time Unicon Competitor! All levels and abilities are welcome to joinObstacles are graded for beginners to elite!Complete harder lines\u2026<\/p>\n","category_list_v2":"","author_info_v2":{"name":"Maxence","url":"https:\/\/unicon20.fr\/fr\/author\/abrikot\/"},"comments_num_v2":"0 commentaire","_links":{"self":[{"href":"https:\/\/unicon20.fr\/fr\/wp-json\/wp\/v2\/pages\/2189","targetHints":{"allow":["GET"]}}],"collection":[{"href":"https:\/\/unicon20.fr\/fr\/wp-json\/wp\/v2\/pages"}],"about":[{"href":"https:\/\/unicon20.fr\/fr\/wp-json\/wp\/v2\/types\/page"}],"author":[{"embeddable":true,"href":"https:\/\/unicon20.fr\/fr\/wp-json\/wp\/v2\/users\/1"}],"replies":[{"embeddable":true,"href":"https:\/\/unicon20.fr\/fr\/wp-json\/wp\/v2\/comments?post=2189"}],"version-history":[{"count":2,"href":"https:\/\/unicon20.fr\/fr\/wp-json\/wp\/v2\/pages\/2189\/revisions"}],"predecessor-version":[{"id":2887,"href":"https:\/\/unicon20.fr\/fr\/wp-json\/wp\/v2\/pages\/2189\/revisions\/2887"}],"wp:attachment":[{"href":"https:\/\/unicon20.fr\/fr\/wp-json\/wp\/v2\/media?parent=2189"}],"curies":[{"name":"wp","href":"https:\/\/api.w.org\/{rel}","templated":true}]}}