{"id":2218,"date":"2020-02-20T19:42:50","date_gmt":"2020-02-20T18:42:50","guid":{"rendered":"https:\/\/www.unicon20.fr\/?page_id=2218"},"modified":"2020-02-20T19:58:14","modified_gmt":"2020-02-20T18:58:14","slug":"racing-disciplines","status":"publish","type":"page","link":"https:\/\/unicon20.fr\/fr\/racing-disciplines\/","title":{"rendered":"Courses sur piste"},"content":{"rendered":"<div class=\"wp-block-themeisle-blocks-advanced-columns has-1-columns has-desktop-equal-layout has-tablet-equal-layout has-mobile-equal-layout has-default-gap has-vertical-unset\" id=\"wp-block-themeisle-blocks-advanced-columns-c9a08dcc\" style=\"border-width:0px;border-style:solid;border-color:#000000;border-radius:0px;justify-content:unset\"><div class=\"wp-themeisle-block-overlay\" style=\"opacity:0.5;mix-blend-mode:normal\"><\/div><div class=\"innerblocks-wrap\">\n<div class=\"wp-block-themeisle-blocks-advanced-column\" id=\"wp-block-themeisle-blocks-advanced-column-865df23a\" style=\"border-width:0px;border-style:solid;border-color:#000000;border-radius:0px\">\n<p>Les courses sur piste se d\u00e9roulent sur une piste en tartan, qui est \u00e9galement utilis\u00e9e pour l'athl\u00e9tisme. Le but de toutes les courses sur piste est de parcourir la distance donn\u00e9e le plus rapidement possible sans descendre du monocycle. La poursuite de la course apr\u00e8s une descente du monocycle n'est autoris\u00e9e qu'au 800 m et au relais.<\/p>\n\n\n\n<h4 class=\"wp-block-heading\">Le 100 m<\/h4>\n\n\n\n<p>Dans cette discipline, jusqu'\u00e0 13 monocyclistes prennent le d\u00e9part simultan\u00e9ment sur la ligne droite de 100 m de la piste. Chaque monocycliste roule dans son propre couloir pendant toute la dur\u00e9e de la course.<\/p>\n\n\n\n<h4 class=\"wp-block-heading\">Le 400 m<\/h4>\n\n\n\n<p>Jusqu'\u00e0 8 monocyclistes partent simultan\u00e9ment de positions d\u00e9cal\u00e9es dans le premier virage de la piste. Chaque monocycliste roule dans sa propre piste pendant toute la dur\u00e9e de la course.<\/p>\n\n\n\n<h4 class=\"wp-block-heading\">Le 800 m<\/h4>\n\n\n\n<p>Dans cette discipline, jusqu'\u00e0 8 monocyclistes partent simultan\u00e9ment de positions d\u00e9cal\u00e9es dans le premier virage de la piste. A la ligne de rabattement apr\u00e8s le premier virage, les monocyclistes sont autoris\u00e9s \u00e0 quitter leur couloir.<\/p>\n\n\n\n<h4 class=\"wp-block-heading\">50m un pied<\/h4>\n\n\n\n<p>Jusqu'\u00e0 13 monocyclistes partent simultan\u00e9ment sur la ligne droite de la piste, mais les monocyclistes ne sont autoris\u00e9s \u00e0 rouler avec les deux pieds sur les p\u00e9dales que sur les 5 premiers m\u00e8tres. Lors du franchissement de la ligne des 5m, seul un pied peut toucher les p\u00e9dales. L'autre pied peut \u00eatre plac\u00e9 sur la fourche, mais peut aussi rester libre en l'air.<\/p>\n\n\n\n<h4 class=\"wp-block-heading\">Wheel Walk<\/h4>\n\n\n\n<p>Les coureurs des groupes d'\u00e2ge U11 concourent sur 10m, tous les autres monocyclistes concourent sur 30m. Jusqu'\u00e0 13 monocyclistes partent simultan\u00e9ment sur la ligne droite de la piste. Le d\u00e9part se fait d\u00e9j\u00e0 en position de wheel walk (marcher sur la roue), c'est-\u00e0-dire avec les pieds sur le pneu. Pendant toute la course, les pieds ne doivent pas toucher les manivelles ou les p\u00e9dales du monocycle.<\/p>\n\n\n\n<h4 class=\"wp-block-heading\">Relais<\/h4>\n\n\n\n<p>Dans le relais, jusqu'\u00e0 8 \u00e9quipes de quatre monocyclistes chacune s'affrontent. Les \u00e9quipes partent de positions d\u00e9cal\u00e9es dans le premier virage de la piste. Chaque monocycliste de l'\u00e9quipe parcourt 100 m et passe le t\u00e9moin au monocycliste suivant apr\u00e8s sa distance. Les zones de passage de t\u00e9moin sont marqu\u00e9es sur la piste.<\/p>\n<\/div>\n<\/div><\/div>","protected":false},"excerpt":{"rendered":"","protected":false},"author":1,"featured_media":0,"parent":0,"menu_order":0,"comment_status":"closed","ping_status":"closed","template":"","meta":{"footnotes":""},"class_list":["post-2218","page","type-page","status-publish","hentry"],"featured_image_urls_v2":{"full":"","thumbnail":"","medium":"","medium_large":"","large":"","1536x1536":"","2048x2048":"","trp-custom-language-flag":"","hestia-blog":""},"post_excerpt_stackable_v2":"<p>The track races take place on a tartan track, which is also used in athletics. The aim of all track races is to complete the distance as quickly as possible without dismounting from the unicycle. To continue the race after a dismount is only allowed at 800m and the relay. 100m In this discipline up to 13 riders start simultaneously on the 100m straight of the track. Each rider rides in his own lane during the whole race. 400m Up to 8 riders start simultaneously from staggered positions in the first bend of the track. Each rider rides in his\u2026<\/p>\n","category_list_v2":"","author_info_v2":{"name":"Maxence","url":"https:\/\/unicon20.fr\/fr\/author\/abrikot\/"},"comments_num_v2":"0 commentaire","_links":{"self":[{"href":"https:\/\/unicon20.fr\/fr\/wp-json\/wp\/v2\/pages\/2218","targetHints":{"allow":["GET"]}}],"collection":[{"href":"https:\/\/unicon20.fr\/fr\/wp-json\/wp\/v2\/pages"}],"about":[{"href":"https:\/\/unicon20.fr\/fr\/wp-json\/wp\/v2\/types\/page"}],"author":[{"embeddable":true,"href":"https:\/\/unicon20.fr\/fr\/wp-json\/wp\/v2\/users\/1"}],"replies":[{"embeddable":true,"href":"https:\/\/unicon20.fr\/fr\/wp-json\/wp\/v2\/comments?post=2218"}],"version-history":[{"count":2,"href":"https:\/\/unicon20.fr\/fr\/wp-json\/wp\/v2\/pages\/2218\/revisions"}],"predecessor-version":[{"id":2229,"href":"https:\/\/unicon20.fr\/fr\/wp-json\/wp\/v2\/pages\/2218\/revisions\/2229"}],"wp:attachment":[{"href":"https:\/\/unicon20.fr\/fr\/wp-json\/wp\/v2\/media?parent=2218"}],"curies":[{"name":"wp","href":"https:\/\/api.w.org\/{rel}","templated":true}]}}