{"id":2235,"date":"2020-03-06T14:33:39","date_gmt":"2020-03-06T13:33:39","guid":{"rendered":"https:\/\/www.unicon20.fr\/?page_id=2235"},"modified":"2022-06-13T08:36:26","modified_gmt":"2022-06-13T06:36:26","slug":"mountain-climbing-road-race","status":"publish","type":"page","link":"https:\/\/unicon20.fr\/fr\/mountain-climbing-road-race\/","title":{"rendered":"Course de col"},"content":{"rendered":"<p>Cette ann\u00e9e, la course de c\u00f4te sera la course sp\u00e9ciale de l'Unicon 20, au m\u00eame titre que le 100km en Cor\u00e9e du Sud (Unicon 19). Elle aura lieu le samedi 6 ao\u00fbt.<\/p>\n\n\n\n<p><strong>Cat\u00e9gories<\/strong><br>Il y a deux cat\u00e9gories de monocycles : la cat\u00e9gorie 29 pouces, et la cat\u00e9gorie \"illimit\u00e9e\". Les concurrents de la cat\u00e9gorie 29' doivent avoir une roue dont le diam\u00e8tre est compris entre 619 et 778 mm, sans vitesse, mais il n'y a pas de limite concernant la longueur des manivelles. Les concurrents de la cat\u00e9gorie \"illimit\u00e9e\" n'ont aucune restriction quant au diam\u00e8tre de la roue, \u00e0 la longueur des manivelles et aux vitesses. Les caract\u00e9ristiques de chaque cat\u00e9gorie figurent dans le r\u00e8glement 2019 de l'IUF, paragraphe 3B.2.  <br> Les r\u00e9partitions en classement Expert, groupe d'\u00e2ge, illimit\u00e9 sans vitesse, sont d\u00e9finies et effectu\u00e9es comme dans les r\u00e8gles de l'IUF. <\/p>\n\n\n\n<p><strong>La course<\/strong><br>Longue de 15 km, avec plus de 1000 m\u00e8tres de d\u00e9nivel\u00e9 positif la course de col n'a aucune descente. Attendez-vous \u00e0 une course difficile sur une route de montagne !<\/p>\n\n\n\n<p><strong>Caract\u00e9ristiques de la course<\/strong><br><a href=\"\/wp-content\/uploads\/gpx\/climbing-road-race.gpx\" data-type=\"URL\" data-id=\"\/wp-content\/uploads\/gpx\/climbing-road-race.gpx\">Download the .gpx file.<\/a><\/p>\n\n\n\n[sgpx gpx=\/wp-content\/uploads\/gpx\/climbing-road-race.gpx ]","protected":false},"excerpt":{"rendered":"<p>This year, the hill climb will be the specific race of the Unicon 20, just like the 100km in South Korea (Unicon 19). It will take place on Saturday, August 6. Race categoriesThere are two unicycle categories, the 29 Class and the Unlimited Class. Riders in the 29 Class must [&hellip;]<\/p>","protected":false},"author":2,"featured_media":0,"parent":0,"menu_order":0,"comment_status":"closed","ping_status":"closed","template":"","meta":{"footnotes":""},"class_list":["post-2235","page","type-page","status-publish","hentry"],"featured_image_urls_v2":{"full":"","thumbnail":"","medium":"","medium_large":"","large":"","1536x1536":"","2048x2048":"","trp-custom-language-flag":"","hestia-blog":""},"post_excerpt_stackable_v2":"<p>This year, the hill climb will be the specific race of the Unicon 20, just like the 100km in South Korea (Unicon 19). It will take place on Saturday, August 6. Race categoriesThere are two unicycle categories, the 29 Class and the Unlimited Class. Riders in the 29 Class must have a wheel diameter between 619-778mm with regular transmission, but there is no limit on crank length. Riders in the Unlimited Class have no limit on wheel diameter, crank length or transmission. The specifications for each class are listed in the IUF Rulebook 2019, section 3B.2. Expert, age-group and ungeared\u2026<\/p>\n","category_list_v2":"","author_info_v2":{"name":"Fran\u00e7ois","url":"https:\/\/unicon20.fr\/fr\/author\/gingo\/"},"comments_num_v2":"0 commentaire","_links":{"self":[{"href":"https:\/\/unicon20.fr\/fr\/wp-json\/wp\/v2\/pages\/2235","targetHints":{"allow":["GET"]}}],"collection":[{"href":"https:\/\/unicon20.fr\/fr\/wp-json\/wp\/v2\/pages"}],"about":[{"href":"https:\/\/unicon20.fr\/fr\/wp-json\/wp\/v2\/types\/page"}],"author":[{"embeddable":true,"href":"https:\/\/unicon20.fr\/fr\/wp-json\/wp\/v2\/users\/2"}],"replies":[{"embeddable":true,"href":"https:\/\/unicon20.fr\/fr\/wp-json\/wp\/v2\/comments?post=2235"}],"version-history":[{"count":12,"href":"https:\/\/unicon20.fr\/fr\/wp-json\/wp\/v2\/pages\/2235\/revisions"}],"predecessor-version":[{"id":2989,"href":"https:\/\/unicon20.fr\/fr\/wp-json\/wp\/v2\/pages\/2235\/revisions\/2989"}],"wp:attachment":[{"href":"https:\/\/unicon20.fr\/fr\/wp-json\/wp\/v2\/media?parent=2235"}],"curies":[{"name":"wp","href":"https:\/\/api.w.org\/{rel}","templated":true}]}}