{"id":2239,"date":"2020-03-06T15:29:58","date_gmt":"2020-03-06T14:29:58","guid":{"rendered":"https:\/\/www.unicon20.fr\/?page_id=2239"},"modified":"2020-03-06T22:59:19","modified_gmt":"2020-03-06T21:59:19","slug":"university-dorm-rooms","status":"publish","type":"page","link":"https:\/\/unicon20.fr\/fr\/university-dorm-rooms\/","title":{"rendered":"University dorm rooms"},"content":{"rendered":"<p>Nous proposons des chambres universitaires individuelles, que vous pouvez r\u00e9server en utilisant <a href=\"http:\/\/unicon2020.reg.unicycling-software.com\/\">le logiciel d'inscription<\/a>.<\/p>\n\n\n\n<p><strong>Description des chambres<\/strong><br>Chambre avec un lit \u00e0 une place, 12 m\u00e8tres carr\u00e9s, toilettes et douches. Une chaise, un bureau, une armoire, WIFI gratuit.<br>Il y a aussi une cuisine par \u00e9tage, une laverie, des pi\u00e8ces pour se distraire (musique, entrainement, TV, vie sociale, lecture).<br><strong>REMARQUE<\/strong>: ce n'est pas un h\u00f4tel, il n'y a pas de personnel de service, ni de m\u00e9nage pendant votre s\u00e9jour.<br><a href=\"http:\/\/appli.crous-grenoble.fr\/fichiers\/360\/ouest\/tour.html\">Faites une visite panoramique virtuelle<\/a>.<\/p>\n\n\n\n<p><strong>Adresse<\/strong><br>107 Rue des Taill\u00e9es, 38400 Saint-Martin-d\u2019H\u00e8res<br><br>A Grenoble, tout pr\u00e8s des lignes B et D du tram, arr\u00eat \"Les Taill\u00e9s\", et de l'arr\u00eat \"Berlioz de la ligne C. <br><strong>Pour rejoindre le village UNICON<\/strong><br>En monocycle, 10 mn<br>En tram : 10 minutes, plus 2 minutes de monocycle<br>\u00c0 pied, 22 minutes<\/p>\n\n\n\n<p><strong>Prix et conditions<\/strong><br>Prix : <strong>198 euros<\/strong> pour l'ensemble du s\u00e9jour (15 nuits, 13,2 euros par nuit)<br>The room can be rented only from the 19th of july to the 3rd of august. No more, no less. However, if you plan to arrive later or leave earlier, it is possible. But there will be no price adjustment.<br><strong>Les r\u00e9servations seront closes le 31 mai.<\/strong><br><br>Cette offre ne concerne que les personnes <strong>qui auront 16 ans r\u00e9volus<\/strong> au 19 juillet 2020.<br>Il y a 100 chambres disponibles.<\/p>","protected":false},"excerpt":{"rendered":"<p>We are offering University dorm rooms, which can you book using the registration software. Room descriptionRoom with a single bed, 12 square meters, toilet and shower. One chair, a desk, a closet, free wifi.There is also one kitchen per floor, a laundry room, some fun rooms (music, work out, TV, [&hellip;]<\/p>","protected":false},"author":2,"featured_media":0,"parent":0,"menu_order":0,"comment_status":"closed","ping_status":"closed","template":"","meta":{"footnotes":""},"class_list":["post-2239","page","type-page","status-publish","hentry"],"featured_image_urls_v2":{"full":"","thumbnail":"","medium":"","medium_large":"","large":"","1536x1536":"","2048x2048":"","trp-custom-language-flag":"","hestia-blog":""},"post_excerpt_stackable_v2":"<p>We are offering University dorm rooms, which can you book using the registration software. Room descriptionRoom with a single bed, 12 square meters, toilet and shower. One chair, a desk, a closet, free wifi.There is also one kitchen per floor, a laundry room, some fun rooms (music, work out, TV, meeting, reading).NOTE: this is not a hotel, there will not be any room service or room cleaning during your stay.Have a look for yourself with this 360\u00b0 virtual visit. Location107 Rue des Taill\u00e9es, 38400 Saint-Martin-d&#8217;H\u00e8resClose to lines B and D of Grenoble&#8217;s Tram stop &#8220;Les Taill\u00e9s&#8221;, C line&#8217;s stop &#8220;Berlioz&#8221;.\u2026<\/p>\n","category_list_v2":"","author_info_v2":{"name":"Fran\u00e7ois","url":"https:\/\/unicon20.fr\/fr\/author\/gingo\/"},"comments_num_v2":"0 commentaire","_links":{"self":[{"href":"https:\/\/unicon20.fr\/fr\/wp-json\/wp\/v2\/pages\/2239","targetHints":{"allow":["GET"]}}],"collection":[{"href":"https:\/\/unicon20.fr\/fr\/wp-json\/wp\/v2\/pages"}],"about":[{"href":"https:\/\/unicon20.fr\/fr\/wp-json\/wp\/v2\/types\/page"}],"author":[{"embeddable":true,"href":"https:\/\/unicon20.fr\/fr\/wp-json\/wp\/v2\/users\/2"}],"replies":[{"embeddable":true,"href":"https:\/\/unicon20.fr\/fr\/wp-json\/wp\/v2\/comments?post=2239"}],"version-history":[{"count":6,"href":"https:\/\/unicon20.fr\/fr\/wp-json\/wp\/v2\/pages\/2239\/revisions"}],"predecessor-version":[{"id":2249,"href":"https:\/\/unicon20.fr\/fr\/wp-json\/wp\/v2\/pages\/2239\/revisions\/2249"}],"wp:attachment":[{"href":"https:\/\/unicon20.fr\/fr\/wp-json\/wp\/v2\/media?parent=2239"}],"curies":[{"name":"wp","href":"https:\/\/api.w.org\/{rel}","templated":true}]}}