{"id":247,"date":"2019-03-12T15:14:26","date_gmt":"2019-03-12T14:14:26","guid":{"rendered":"https:\/\/www.unicon20.fr\/?page_id=247"},"modified":"2022-05-17T10:12:04","modified_gmt":"2022-05-17T08:12:04","slug":"road-races","status":"publish","type":"page","link":"https:\/\/unicon20.fr\/fr\/competitions\/disciplines\/road-races\/","title":{"rendered":"Courses sur route"},"content":{"rendered":"<figure class=\"wp-block-image\"><img loading=\"lazy\" decoding=\"async\" width=\"1024\" height=\"683\" src=\"https:\/\/unicon20.fr\/wp-content\/uploads\/2019\/05\/IMG_9472-1024x683.jpg\" alt=\"\" class=\"wp-image-1343\" srcset=\"https:\/\/unicon20.fr\/wp-content\/uploads\/2019\/05\/IMG_9472-1024x683.jpg 1024w, https:\/\/unicon20.fr\/wp-content\/uploads\/2019\/05\/IMG_9472-300x200.jpg 300w, https:\/\/unicon20.fr\/wp-content\/uploads\/2019\/05\/IMG_9472-768x512.jpg 768w, https:\/\/unicon20.fr\/wp-content\/uploads\/2019\/05\/IMG_9472-360x240.jpg 360w, https:\/\/unicon20.fr\/wp-content\/uploads\/2019\/05\/IMG_9472.jpg 1920w\" sizes=\"auto, (max-width: 1024px) 100vw, 1024px\" \/><\/figure>\n\n\n\n<div class=\"wp-block-media-text has-media-on-the-right is-stacked-on-mobile\"><figure class=\"wp-block-media-text__media\"><img loading=\"lazy\" decoding=\"async\" width=\"718\" height=\"960\" src=\"https:\/\/unicon20.fr\/wp-content\/uploads\/2019\/05\/martin_charrier_long_distance.jpg\" alt=\"\" class=\"wp-image-1381 size-full\" srcset=\"https:\/\/unicon20.fr\/wp-content\/uploads\/2019\/05\/martin_charrier_long_distance.jpg 718w, https:\/\/unicon20.fr\/wp-content\/uploads\/2019\/05\/martin_charrier_long_distance-224x300.jpg 224w\" sizes=\"auto, (max-width: 718px) 100vw, 718px\" \/><\/figure><div class=\"wp-block-media-text__content\">\n<p>Comp\u00e9titions de course sur routes   <\/p>\n\n\n\n<ul class=\"wp-block-list\"><li><a href=\"https:\/\/unicon20.fr\/10km\/\">10km<\/a><\/li><li><a href=\"https:\/\/unicon20.fr\/marathon\/\">Marathon<\/a><\/li><li><a href=\"https:\/\/unicon20.fr\/mountain-climbing-road-race\/\" data-type=\"page\" data-id=\"2235\">Course de col<\/a><\/li><\/ul>\n<\/div><\/div>\n\n\n\n<p>Les courses sur routes concernent les courses monocyclistes longues, le plus souvent sur des routes ou des pistes cyclables.<br> Il y a deux types de courses : \u00e0 \"distance d\u00e9termin\u00e9e\" et \u00e0 \"distance libre\". Les courses de longueur d\u00e9termin\u00e9e sont le 10 km et le marathon (42,195 km). Elles se courent g\u00e9n\u00e9ralement sur un parcours plat et uniforme, ce qui permet la comparaison entre diff\u00e9rents \u00e9v\u00e9nements. Dans les courses de longueur libre, le terrain et la longueur peuvent varier, ce qui permet aux organisateurs d'utiliser au mieux la g\u00e9ographie locale. Cette ann\u00e9e, la course de longueur libre aura lieu sur l'une des grimp\u00e9es rendues c\u00e9l\u00e8bres par le Tour de France. <\/p>\n\n\n\n<p>Dans chaque course, il y a deux cat\u00e9gories de monocycles : \"standard\" et \"illimit\u00e9e\". La cat\u00e9gorie \"standard\" est d\u00e9finie par la taille de la roue (par exemple 24\" et 29\"), avec une limitation concernant la longueur des manivelles et les vitesses. Dans la cat\u00e9gorie \"illimit\u00e9e\", il n'y a aucune restriction concernant la taille de la roue, la longueur des manivelles ou les vitesses, donc les comp\u00e9titeurs peuvent choisir la vitesse qu'ils veulent utiliser.<\/p>\n\n\n\n<p style=\"font-size:25px\"><strong>Mandatory protections<\/strong><\/p>\n\n\n\n<ul class=\"wp-block-list\"><li>Closed shoes,<\/li><li> Helmet, <\/li><li>Gloves \/ wrist gards<\/li><li> Knee and elbow pads encouraged<\/li><\/ul>\n\n\n\n<p><\/p>","protected":false},"excerpt":{"rendered":"<p>Road racing competition: 10km Marathon Mountain climbing road race Road racing involves racing unicycles over long distances, usually on roads and cycle paths. There are two types of road event- the \u2018fixed-distance\u2019 and the \u2018free-distance\u2019 races. Fixed distance races are set at 10km and Marathon (42.195km). They are run on [&hellip;]<\/p>","protected":false},"author":1,"featured_media":0,"parent":38,"menu_order":0,"comment_status":"closed","ping_status":"closed","template":"","meta":{"footnotes":""},"class_list":["post-247","page","type-page","status-publish","hentry"],"featured_image_urls_v2":{"full":"","thumbnail":"","medium":"","medium_large":"","large":"","1536x1536":"","2048x2048":"","trp-custom-language-flag":"","hestia-blog":""},"post_excerpt_stackable_v2":"<p>Road racing competition: 10kmMarathonMountain climbing road race Road racing involves racing unicycles over long distances, usually on roads and cycle paths. There are two types of road event- the \u2018fixed-distance\u2019 and the \u2018free-distance\u2019 races. Fixed distance races are set at 10km and Marathon (42.195km). They are run on a generally flat, uniform course to allow comparisons between events. In the free distance race, terrain and distances are variable, which allow organisers to make best use of local geography. This year\u2019s free distance race will take on some of the climbs made famous by the Tour de France. In each race,\u2026<\/p>\n","category_list_v2":"","author_info_v2":{"name":"Maxence","url":"https:\/\/unicon20.fr\/fr\/author\/abrikot\/"},"comments_num_v2":"0 commentaire","_links":{"self":[{"href":"https:\/\/unicon20.fr\/fr\/wp-json\/wp\/v2\/pages\/247","targetHints":{"allow":["GET"]}}],"collection":[{"href":"https:\/\/unicon20.fr\/fr\/wp-json\/wp\/v2\/pages"}],"about":[{"href":"https:\/\/unicon20.fr\/fr\/wp-json\/wp\/v2\/types\/page"}],"author":[{"embeddable":true,"href":"https:\/\/unicon20.fr\/fr\/wp-json\/wp\/v2\/users\/1"}],"replies":[{"embeddable":true,"href":"https:\/\/unicon20.fr\/fr\/wp-json\/wp\/v2\/comments?post=247"}],"version-history":[{"count":15,"href":"https:\/\/unicon20.fr\/fr\/wp-json\/wp\/v2\/pages\/247\/revisions"}],"predecessor-version":[{"id":2876,"href":"https:\/\/unicon20.fr\/fr\/wp-json\/wp\/v2\/pages\/247\/revisions\/2876"}],"up":[{"embeddable":true,"href":"https:\/\/unicon20.fr\/fr\/wp-json\/wp\/v2\/pages\/38"}],"wp:attachment":[{"href":"https:\/\/unicon20.fr\/fr\/wp-json\/wp\/v2\/media?parent=247"}],"curies":[{"name":"wp","href":"https:\/\/api.w.org\/{rel}","templated":true}]}}