{"id":2484,"date":"2021-09-14T20:15:40","date_gmt":"2021-09-14T18:15:40","guid":{"rendered":"https:\/\/www.unicon20.fr\/?page_id=2484"},"modified":"2021-10-12T09:16:10","modified_gmt":"2021-10-12T07:16:10","slug":"accor-2","status":"publish","type":"page","link":"https:\/\/unicon20.fr\/fr\/practical-informations\/lodging\/accor-2\/","title":{"rendered":"ACCOR"},"content":{"rendered":"<div class=\"wp-block-image partner-logo\"><figure class=\"aligncenter size-large\"><img loading=\"lazy\" decoding=\"async\" width=\"130\" height=\"86\" src=\"https:\/\/unicon20.fr\/wp-content\/uploads\/2019\/11\/Accor.png\" alt=\"\" class=\"wp-image-1947\"\/><\/figure><\/div>\n\n\n\n<p>Les prix sont donn\u00e9s par personne et par nuit, pour une chambre compl\u00e8te. La taxe de s\u00e9jour est incluse dans le prix.<\/p>\n\n\n\n<p>Ces h\u00f4tels sont not\u00e9s en utilisant des \u00e9toiles (par exemple 3*, 4*, ...). Le maximum est 5*.<\/p>\n\n\n\n<table id=\"tablepress-216\" class=\"tablepress tablepress-id-216\">\n<thead>\n<tr class=\"row-1\">\n\t<th class=\"column-1\">H\u00f4tel<\/th><th class=\"column-2\">\u00c9toiles<\/th><th class=\"column-3\">Chambre simple<\/th><th class=\"column-4\">Chambre double<\/th><th class=\"column-5\">Chambre triple<\/th><th class=\"column-6\">Chambre quadruple<\/th><td class=\"column-7\"><\/td><th class=\"column-8\">Distance au centre de l'UNICON (en km)<\/th>\n<\/tr>\n<\/thead>\n<tbody class=\"row-striping row-hover\">\n<tr class=\"row-2\">\n\t<td class=\"column-1\"><a href=\"https:\/\/unicon20.fr\/wp-content\/plugins\/leaflet-maps-marker\/leaflet-fullscreen.php?marker=9\" target=\"_blank\" rel=\"noopener noreferrer\">NOVOTEL Grenoble Centre<\/a><\/td><td class=\"column-2\">4<\/td><td class=\"column-3\">61.40\u20ac<\/td><td class=\"column-4\">31.40\u20ac<\/td><td class=\"column-5\">26.40\u20ac<\/td><td class=\"column-6\">21.40\u20ac<\/td><td class=\"column-7\">Service de nettoyage tous les deux jours.<br \/>\nPetit-d\u00e9jeuner : 6\u20ac par personne<br \/>\nLe s\u00e9jour minimum est de 4 nuits.<br \/>\n2 enfants (moins de 16 ans) sont accept\u00e9s gratuitement avec leurs 2 parents<\/td><td class=\"column-8\">3<\/td>\n<\/tr>\n<tr class=\"row-3\">\n\t<td class=\"column-1\"><a href=\"https:\/\/unicon20.fr\/wp-content\/plugins\/leaflet-maps-marker\/leaflet-fullscreen.php?marker=10\" target=\"_blank\" rel=\"noopener noreferrer\">NOVOTEL Grenoble Nord Vorepe<\/a><\/td><td class=\"column-2\">4<\/td><td class=\"column-3\">63.80\u20ac<\/td><td class=\"column-4\">33.80\u20ac<\/td><td class=\"column-5\">25.80\u20ac<\/td><td class=\"column-6\"><\/td><td class=\"column-7\">Service de nettoyage tous les deux jours.<br \/>\nPetit-d\u00e9jeuner : 6\u20ac par personne<br \/>\nLe s\u00e9jour minimum est de 4 nuits.<br \/>\n2 enfants (moins de 16 ans) sont accept\u00e9s gratuitement avec leurs 2 parents<\/td><td class=\"column-8\">16<\/td>\n<\/tr>\n<tr class=\"row-4\">\n\t<td class=\"column-1\"><a href=\"https:\/\/unicon20.fr\/wp-content\/plugins\/leaflet-maps-marker\/leaflet-fullscreen.php?marker=11\" target=\"_blank\" rel=\"noopener noreferrer\">MERCURE Grenoble Pr\u00e9sident<\/a><\/td><td class=\"column-2\">4<\/td><td class=\"column-3\">61.40\u20ac<\/td><td class=\"column-4\">31.40\u20ac<\/td><td class=\"column-5\">26.40\u20ac<\/td><td class=\"column-6\">21.40\u20ac<\/td><td class=\"column-7\">Service de nettoyage tous les deux jours.<br \/>\nPetit-d\u00e9jeuner : 6\u20ac par personne<br \/>\nLe s\u00e9jour minimum est de 4 nuits.<br \/>\nUn enfant (moins de 12 ans) est accept\u00e9 gratuitement avec ses 2 parents.<\/td><td class=\"column-8\">2<\/td>\n<\/tr>\n<tr class=\"row-5\">\n\t<td class=\"column-1\"><a href=\"https:\/\/unicon20.fr\/wp-content\/plugins\/leaflet-maps-marker\/leaflet-fullscreen.php?marker=12\" target=\"_blank\" rel=\"noopener noreferrer\">MERCURE Grenoble Centre Alpotel<\/a><\/td><td class=\"column-2\">4<\/td><td class=\"column-3\">61.40\u20ac<\/td><td class=\"column-4\">31.40\u20ac<\/td><td class=\"column-5\"><\/td><td class=\"column-6\"><\/td><td class=\"column-7\">Service de nettoyage tous les deux jours.<br \/>\nPetit-d\u00e9jeuner : 10\u20ac par personne<br \/>\nLe s\u00e9jour minimum est de 4 nuits.<br \/>\nUn enfant (moins de 12 ans) est accept\u00e9 gratuitement avec ses 2 parents.<\/td><td class=\"column-8\">0.7<\/td>\n<\/tr>\n<tr class=\"row-6\">\n\t<td class=\"column-1\"><a href=\"https:\/\/unicon20.fr\/wp-content\/plugins\/leaflet-maps-marker\/leaflet-fullscreen.php?marker=13\" target=\"_blank\" rel=\"noopener noreferrer\">MERCURE Grenoble Meylan<\/a><\/td><td class=\"column-2\">4<\/td><td class=\"column-3\">61.40\u20ac<\/td><td class=\"column-4\">31.40\u20ac<\/td><td class=\"column-5\"><\/td><td class=\"column-6\"><\/td><td class=\"column-7\">Service de nettoyage tous les deux jours.<br \/>\nPetit-d\u00e9jeuner : 10\u20ac par personne<br \/>\nLe s\u00e9jour minimum est de 4 nuits.<br \/>\nUn enfant (moins de 12 ans) est accept\u00e9 gratuitement avec ses 2 parents.<\/td><td class=\"column-8\">3.5<\/td>\n<\/tr>\n<tr class=\"row-7\">\n\t<td class=\"column-1\"><a href=\"https:\/\/unicon20.fr\/wp-content\/plugins\/leaflet-maps-marker\/leaflet-fullscreen.php?marker=14\" target=\"_blank\" rel=\"noopener noreferrer\">Ibis Styles Grenoble Gare<\/a><\/td><td class=\"column-2\">3<\/td><td class=\"column-3\">57.25\u20ac<\/td><td class=\"column-4\">31.25\u20ac<\/td><td class=\"column-5\">26.58\u20ac<\/td><td class=\"column-6\"><\/td><td class=\"column-7\">Service de nettoyage tous les deux jours.<br \/>\nPetit-d\u00e9jeuner : inclus<br \/>\nLe s\u00e9jour minimum est de 4 nuits.<br \/>\nUn enfant (moins de 12 ans) est accept\u00e9 gratuitement avec ses 2 parents.<\/td><td class=\"column-8\">2<\/td>\n<\/tr>\n<tr class=\"row-8\">\n\t<td class=\"column-1\"><a href=\"https:\/\/unicon20.fr\/wp-content\/plugins\/leaflet-maps-marker\/leaflet-fullscreen.php?marker=16\" target=\"_blank\" rel=\"noopener noreferrer\">Ibis Grenoble Centre<\/a><\/td><td class=\"column-2\">3<\/td><td class=\"column-3\">51.25\u20ac<\/td><td class=\"column-4\">26.25\u20ac<\/td><td class=\"column-5\">21.25\u20ac<\/td><td class=\"column-6\"><\/td><td class=\"column-7\">Petit-d\u00e9jeuner : 9,90\u20ac par personne<br \/>\nLe s\u00e9jour minimum est de 4 nuits.<br \/>\nUn enfant (moins de 12 ans) est accept\u00e9 gratuitement avec ses deux parents ; une r\u00e9duction de 50% est appliqu\u00e9e \u00e0 ses petits-d\u00e9jeuners.<\/td><td class=\"column-8\">2<\/td>\n<\/tr>\n<tr class=\"row-9\">\n\t<td class=\"column-1\"><a href=\"https:\/\/unicon20.fr\/wp-content\/plugins\/leaflet-maps-marker\/leaflet-fullscreen.php?marker=17\" target=\"_blank\" rel=\"noopener noreferrer\">Hipark by Adagio Grenoble<\/a><\/td><td class=\"column-2\">3<\/td><td class=\"column-3\">41.25\u20ac<\/td><td class=\"column-4\">21.25\u20ac<\/td><td class=\"column-5\">16.25\u20ac<\/td><td class=\"column-6\">14.25\u20ac<\/td><td class=\"column-7\">Service de nettoyage toutes les semaines.<br \/>\nPetit-d\u00e9jeuner : 9\u20ac par personne<br \/>\nLe s\u00e9jour minimum est de 4 nuits.<\/td><td class=\"column-8\">2.5<\/td>\n<\/tr>\n<tr class=\"row-10\">\n\t<td class=\"column-1\"><a href=\"https:\/\/unicon20.fr\/wp-content\/plugins\/leaflet-maps-marker\/leaflet-fullscreen.php?marker=18\" target=\"_blank\" rel=\"noopener noreferrer\">Ibis Budget Grenoble Seyssin<\/a><\/td><td class=\"column-2\">2<\/td><td class=\"column-3\">50.90\u20ac<\/td><td class=\"column-4\">24.90\u20ac<\/td><td class=\"column-5\">17.90\u20ac<\/td><td class=\"column-6\"><\/td><td class=\"column-7\"><\/td><td class=\"column-8\">6.5<\/td>\n<\/tr>\n<tr class=\"row-11\">\n\t<td class=\"column-1\"><a href=\"https:\/\/unicon20.fr\/wp-content\/plugins\/leaflet-maps-marker\/leaflet-fullscreen.php?marker=19\" target=\"_blank\" rel=\"noopener noreferrer\">Ibis budget Grenoble Voreppe<\/a><\/td><td class=\"column-2\">2<\/td><td class=\"column-3\">35.55\u20ac<\/td><td class=\"column-4\">18.55\u20ac<\/td><td class=\"column-5\">14.55\u20ac<\/td><td class=\"column-6\">14.55\u20ac<\/td><td class=\"column-7\"><\/td><td class=\"column-8\">17<\/td>\n<\/tr>\n<tr class=\"row-12\">\n\t<td class=\"column-1\"><a href=\"https:\/\/unicon20.fr\/wp-content\/plugins\/leaflet-maps-marker\/leaflet-fullscreen.php?marker=20\" target=\"_blank\" rel=\"noopener noreferrer\">H\u00f4tel F1 Grenoble Universit\u00e9<\/a><\/td><td class=\"column-2\">1<\/td><td class=\"column-3\">32.60\u20ac<\/td><td class=\"column-4\">16.60\u20ac<\/td><td class=\"column-5\">12.60\u20ac<\/td><td class=\"column-6\"><\/td><td class=\"column-7\"><\/td><td class=\"column-8\">4<\/td>\n<\/tr>\n<\/tbody>\n<\/table>\n<!-- #tablepress-216 from cache -->\n\n\n\n<p>Les r\u00e9servations pour les h\u00f4tels ACCOR doivent \u00eatre faites en cliquant sur le lien ci-dessous. Dans le cas contraire, vous ne b\u00e9n\u00e9ficierez d'aucune r\u00e9duction. Celle-ci est par ailleurs valable uniquement du 24 juillet au 8 ao\u00fbt 2022.<\/p>\n\n\n\n<div class=\"wp-block-buttons wp-block-button aligncenter is-layout-flex wp-block-buttons-is-layout-flex\">\n<div class=\"wp-block-button\"><a class=\"wp-block-button__link\" href=\"https:\/\/all.accor.com\/lien_externe.svlt?goto=rech_resa&amp;destination=1624,0423,2947,0652,2948,7953,0612,B2R8,7164,2545,2291&amp;sourceid=UNICO1&amp;dayIn=03&amp;monthIn=08&amp;yearIn=2022&amp;nightNb=4&amp;preferredCode=UNICO1&amp;merchantid=par-accorFR\" target=\"_blank\" rel=\"noreferrer noopener\">R\u00e9server une chambre<\/a><\/div>\n<\/div>","protected":false},"excerpt":{"rendered":"<p>Prices are given per person and per night, based on full occupancy of the room . The required tourist tax is included in the price. These hotels are rated using stars (e.g. 3*, 4*, &#8230;). The maximum is 5*. Booking for ACCOR hotels should be made by clicking on the [&hellip;]<\/p>","protected":false},"author":1,"featured_media":0,"parent":1770,"menu_order":0,"comment_status":"closed","ping_status":"closed","template":"page-templates\/template-fullwidth.php","meta":{"footnotes":""},"class_list":["post-2484","page","type-page","status-publish","hentry"],"featured_image_urls_v2":{"full":"","thumbnail":"","medium":"","medium_large":"","large":"","1536x1536":"","2048x2048":"","trp-custom-language-flag":"","hestia-blog":""},"post_excerpt_stackable_v2":"<p>Prices are given per person and per night, based on full occupancy of the room . The required tourist tax is included in the price. These hotels are rated using stars (e.g. 3*, 4*, &#8230;). The maximum is 5*. HotelStarsSingle roomDouble roomTriple roomQuadruple roomDistance to Unicon Headquarters (km) NOVOTEL Grenoble Centre461.40\u20ac31.40\u20ac26.40\u20ac21.40\u20acCleaning service every two days. Breakfast: 6\u20ac per person Minimum stay is 4 nights. 2 children (less than 16) are freely admitted with their 2 parents.3 NOVOTEL Grenoble Nord Vorepe463.80\u20ac33.80\u20ac25.80\u20acCleaning service every two days. Breakfast: 6\u20ac per person Minimum stay is 4 nights. 2 children (less than 16) are freely\u2026<\/p>\n","category_list_v2":"","author_info_v2":{"name":"Maxence","url":"https:\/\/unicon20.fr\/fr\/author\/abrikot\/"},"comments_num_v2":"0 commentaire","_links":{"self":[{"href":"https:\/\/unicon20.fr\/fr\/wp-json\/wp\/v2\/pages\/2484","targetHints":{"allow":["GET"]}}],"collection":[{"href":"https:\/\/unicon20.fr\/fr\/wp-json\/wp\/v2\/pages"}],"about":[{"href":"https:\/\/unicon20.fr\/fr\/wp-json\/wp\/v2\/types\/page"}],"author":[{"embeddable":true,"href":"https:\/\/unicon20.fr\/fr\/wp-json\/wp\/v2\/users\/1"}],"replies":[{"embeddable":true,"href":"https:\/\/unicon20.fr\/fr\/wp-json\/wp\/v2\/comments?post=2484"}],"version-history":[{"count":2,"href":"https:\/\/unicon20.fr\/fr\/wp-json\/wp\/v2\/pages\/2484\/revisions"}],"predecessor-version":[{"id":2525,"href":"https:\/\/unicon20.fr\/fr\/wp-json\/wp\/v2\/pages\/2484\/revisions\/2525"}],"up":[{"embeddable":true,"href":"https:\/\/unicon20.fr\/fr\/wp-json\/wp\/v2\/pages\/1770"}],"wp:attachment":[{"href":"https:\/\/unicon20.fr\/fr\/wp-json\/wp\/v2\/media?parent=2484"}],"curies":[{"name":"wp","href":"https:\/\/api.w.org\/{rel}","templated":true}]}}