{"id":2486,"date":"2021-09-14T20:19:02","date_gmt":"2021-09-14T18:19:02","guid":{"rendered":"https:\/\/www.unicon20.fr\/?page_id=2486"},"modified":"2021-11-07T11:01:02","modified_gmt":"2021-11-07T10:01:02","slug":"maison-barbillon","status":"publish","type":"page","link":"https:\/\/unicon20.fr\/fr\/practical-informations\/lodging\/maison-barbillon\/","title":{"rendered":"Maison Barbillon"},"content":{"rendered":"<div class=\"wp-block-image\"><figure class=\"aligncenter size-medium\"><img loading=\"lazy\" decoding=\"async\" width=\"300\" height=\"204\" src=\"https:\/\/unicon20.fr\/wp-content\/uploads\/2021\/09\/MBG-logo_final_2-300x204.png\" alt=\"\" class=\"wp-image-2502\" srcset=\"https:\/\/unicon20.fr\/wp-content\/uploads\/2021\/09\/MBG-logo_final_2-300x204.png 300w, https:\/\/unicon20.fr\/wp-content\/uploads\/2021\/09\/MBG-logo_final_2-768x523.png 768w, https:\/\/unicon20.fr\/wp-content\/uploads\/2021\/09\/MBG-logo_final_2.png 807w\" sizes=\"auto, (max-width: 300px) 100vw, 300px\" \/><\/figure><\/div>\n\n\n\n<p>Proche de la gare de Grenoble, l\u2019h\u00f4tel*** Maison Barbillon invite \u00e0 une pause cosy, dans une ambiance imagin\u00e9e par l\u2019architecte d\u2019int\u00e9rieur Leslie Gauthier. Les mati\u00e8res douces, les tons chaleureux et les petites touches boh\u00e8mes conf\u00e8rent au lieu une atmosph\u00e8re particuli\u00e8re, donnant \u00e0 l\u2019h\u00f4tel un charme hors du commun.<\/p>\n\n\n\n<p>Les r\u00e9servations doivent \u00eatre effectu\u00e9es entre le 15 septembre 2021 et le 7 ao\u00fbt 2022.<\/p>\n\n\n\n<p>Tarifs applicables sur la p\u00e9riode du 23 juillet au 7 ao\u00fbt 2022.<\/p>\n\n\n\n<p><strong>Adresse<\/strong><br>10 Rue Louis Barbillon, 38000 Grenoble<br><br>Pour rejoindre le village UNICON<br>En monocycle, 10 mn<br>En bus : 14 minutes<br>\u00c0 pied, 22 minutes<\/p>\n\n\n\n<table id=\"tablepress-219\" class=\"tablepress tablepress-id-219\">\n<thead>\n<tr class=\"row-1\">\n\t<th class=\"column-1\">Type de chambre<\/th><th class=\"column-2\">Nombre maximum de personnes<\/th><th class=\"column-3\">Gamme de prix<\/th><th class=\"column-4\">Informations<\/th>\n<\/tr>\n<\/thead>\n<tbody class=\"row-striping row-hover\">\n<tr class=\"row-2\">\n\t<td class=\"column-1\">Single<\/td><td class=\"column-2\">1<\/td><td class=\"column-3\">65 - 105\u20ac<\/td><td class=\"column-4\">Le petit-d\u00e9jeuner et la taxe de s\u00e9jour sont inclus.<\/td>\n<\/tr>\n<tr class=\"row-3\">\n\t<td class=\"column-1\">Classique occupation double<\/td><td class=\"column-2\">2<\/td><td class=\"column-3\">80 - 120\u20ac<\/td><td class=\"column-4\">Le petit-d\u00e9jeuner et la taxe de s\u00e9jour sont inclus.<\/td>\n<\/tr>\n<tr class=\"row-4\">\n\t<td class=\"column-1\">Classique occupation simple<\/td><td class=\"column-2\">1<\/td><td class=\"column-3\">70 - 110\u20ac<\/td><td class=\"column-4\">Le petit-d\u00e9jeuner et la taxe de s\u00e9jour sont inclus.<\/td>\n<\/tr>\n<tr class=\"row-5\">\n\t<td class=\"column-1\">Sup\u00e9rieure occupation double<\/td><td class=\"column-2\">2<\/td><td class=\"column-3\">90 - 130\u20ac<\/td><td class=\"column-4\">Le petit-d\u00e9jeuner et la taxe de s\u00e9jour sont inclus.<\/td>\n<\/tr>\n<tr class=\"row-6\">\n\t<td class=\"column-1\">Sup\u00e9rieure occupation simple<\/td><td class=\"column-2\">1<\/td><td class=\"column-3\">80 - 120\u20ac<\/td><td class=\"column-4\">Le petit-d\u00e9jeuner et la taxe de s\u00e9jour sont inclus.<\/td>\n<\/tr>\n<tr class=\"row-7\">\n\t<td class=\"column-1\">Quadruple<\/td><td class=\"column-2\">4<\/td><td class=\"column-3\">130 - 190\u20ac<\/td><td class=\"column-4\">Le petit-d\u00e9jeuner et la taxe de s\u00e9jour sont inclus.<\/td>\n<\/tr>\n<\/tbody>\n<\/table>\n<!-- #tablepress-219 from cache -->\n\n\n\n<p>Les r\u00e9servations devront \u00eatre faites sur le site internet de l'h\u00f4tel <a rel=\"noreferrer noopener\" href=\"http:\/\/maisonbarbillon.com\/\" data-type=\"URL\" data-id=\"http:\/\/maisonbarbillon.com\/\" target=\"_blank\">maisonbarbillon.com<\/a> avec le code de r\u00e9duction \u00ab UNICON20 \u00bb. Il est \u00e9galement possible de l'utiliser par mail ou au t\u00e9l\u00e9phone. Il vous offre une r\u00e9duction de 12%.<\/p>\n\n\n\n<div id=\"wp-block-themeisle-blocks-slider-603f7201\" class=\"wp-block-themeisle-blocks-slider glide\" data-per-view=\"1\" data-gap=\"0\" data-peek=\"0\" data-autoplay=\"true\" data-height=\"600px\" data-hide-arrows=\"false\"><div class=\"glide__track\" data-glide-el=\"track\"><div class=\"glide__slides\"><div class=\"wp-block-themeisle-blocks-slider-item-wrapper glide__slide\" tabindex=\"0\"><figure><img decoding=\"async\" class=\"wp-block-themeisle-blocks-slider-item\" src=\"https:\/\/unicon20.fr\/wp-content\/uploads\/2021\/09\/barbillon1.png\" alt=\"\" title=\"\" data-id=\"2505\"\/><\/figure><\/div><div class=\"wp-block-themeisle-blocks-slider-item-wrapper glide__slide\" tabindex=\"0\"><figure><img decoding=\"async\" class=\"wp-block-themeisle-blocks-slider-item\" src=\"https:\/\/unicon20.fr\/wp-content\/uploads\/2021\/09\/barbillon2.png\" alt=\"\" title=\"\" data-id=\"2506\"\/><\/figure><\/div><div class=\"wp-block-themeisle-blocks-slider-item-wrapper glide__slide\" tabindex=\"0\"><figure><img decoding=\"async\" class=\"wp-block-themeisle-blocks-slider-item\" src=\"https:\/\/unicon20.fr\/wp-content\/uploads\/2021\/09\/barbillon3.png\" alt=\"\" title=\"\" data-id=\"2508\"\/><\/figure><\/div><div class=\"wp-block-themeisle-blocks-slider-item-wrapper glide__slide\" tabindex=\"0\"><figure><img decoding=\"async\" class=\"wp-block-themeisle-blocks-slider-item\" src=\"https:\/\/unicon20.fr\/wp-content\/uploads\/2021\/09\/barbillon.png\" alt=\"\" title=\"\" data-id=\"2509\"\/><\/figure><\/div><\/div><div class=\"glide__bullets\" data-glide-el=\"controls[nav]\"><button class=\"glide__bullet\" data-glide-dir=\"=0\"><\/button><button class=\"glide__bullet\" data-glide-dir=\"=1\"><\/button><button class=\"glide__bullet\" data-glide-dir=\"=2\"><\/button><button class=\"glide__bullet\" data-glide-dir=\"=3\"><\/button><\/div><\/div><\/div>\n\n\n\n<div class=\"wp-block-image\"><figure class=\"aligncenter size-medium\"><img loading=\"lazy\" decoding=\"async\" width=\"300\" height=\"204\" src=\"https:\/\/unicon20.fr\/wp-content\/uploads\/2021\/09\/MBG-logo_final_2-300x204.png\" alt=\"\" class=\"wp-image-2502\" srcset=\"https:\/\/unicon20.fr\/wp-content\/uploads\/2021\/09\/MBG-logo_final_2-300x204.png 300w, https:\/\/unicon20.fr\/wp-content\/uploads\/2021\/09\/MBG-logo_final_2-768x523.png 768w, https:\/\/unicon20.fr\/wp-content\/uploads\/2021\/09\/MBG-logo_final_2.png 807w\" sizes=\"auto, (max-width: 300px) 100vw, 300px\" \/><\/figure><\/div>\n\n\n\n<p>Proche de la gare de Grenoble, l\u2019h\u00f4tel*** Maison Barbillon invite \u00e0 une pause cosy, dans une ambiance imagin\u00e9e par l\u2019architecte d\u2019int\u00e9rieur Leslie Gauthier. Les mati\u00e8res douces, les tons chaleureux et les petites touches boh\u00e8mes conf\u00e8rent au lieu une atmosph\u00e8re particuli\u00e8re, donnant \u00e0 l\u2019h\u00f4tel un charme hors du commun.<\/p>\n\n\n\n<p>Les r\u00e9servations doivent \u00eatre effectu\u00e9es entre le 15 septembre 2021 et le 7 ao\u00fbt 2022.<\/p>\n\n\n\n<p>Tarifs applicables sur la p\u00e9riode du 23 juillet au 7 ao\u00fbt 2022.<\/p>\n\n\n\n<p><strong>Adresse<\/strong><br>10 Rue Louis Barbillon, 38000 Grenoble<br><br>Pour rejoindre le village UNICON<br>En monocycle, 10 mn<br>En bus : 14 minutes<br>\u00c0 pied, 22 minutes<\/p>\n\n\n\n<table id=\"tablepress-219-no-2\" class=\"tablepress tablepress-id-219\">\n<thead>\n<tr class=\"row-1\">\n\t<th class=\"column-1\">Type de chambre<\/th><th class=\"column-2\">Nombre maximum de personnes<\/th><th class=\"column-3\">Gamme de prix<\/th><th class=\"column-4\">Informations<\/th>\n<\/tr>\n<\/thead>\n<tbody class=\"row-striping row-hover\">\n<tr class=\"row-2\">\n\t<td class=\"column-1\">Single<\/td><td class=\"column-2\">1<\/td><td class=\"column-3\">65 - 105\u20ac<\/td><td class=\"column-4\">Le petit-d\u00e9jeuner et la taxe de s\u00e9jour sont inclus.<\/td>\n<\/tr>\n<tr class=\"row-3\">\n\t<td class=\"column-1\">Classique occupation double<\/td><td class=\"column-2\">2<\/td><td class=\"column-3\">80 - 120\u20ac<\/td><td class=\"column-4\">Le petit-d\u00e9jeuner et la taxe de s\u00e9jour sont inclus.<\/td>\n<\/tr>\n<tr class=\"row-4\">\n\t<td class=\"column-1\">Classique occupation simple<\/td><td class=\"column-2\">1<\/td><td class=\"column-3\">70 - 110\u20ac<\/td><td class=\"column-4\">Le petit-d\u00e9jeuner et la taxe de s\u00e9jour sont inclus.<\/td>\n<\/tr>\n<tr class=\"row-5\">\n\t<td class=\"column-1\">Sup\u00e9rieure occupation double<\/td><td class=\"column-2\">2<\/td><td class=\"column-3\">90 - 130\u20ac<\/td><td class=\"column-4\">Le petit-d\u00e9jeuner et la taxe de s\u00e9jour sont inclus.<\/td>\n<\/tr>\n<tr class=\"row-6\">\n\t<td class=\"column-1\">Sup\u00e9rieure occupation simple<\/td><td class=\"column-2\">1<\/td><td class=\"column-3\">80 - 120\u20ac<\/td><td class=\"column-4\">Le petit-d\u00e9jeuner et la taxe de s\u00e9jour sont inclus.<\/td>\n<\/tr>\n<tr class=\"row-7\">\n\t<td class=\"column-1\">Quadruple<\/td><td class=\"column-2\">4<\/td><td class=\"column-3\">130 - 190\u20ac<\/td><td class=\"column-4\">Le petit-d\u00e9jeuner et la taxe de s\u00e9jour sont inclus.<\/td>\n<\/tr>\n<\/tbody>\n<\/table>\n<!-- #tablepress-219-no-2 from cache -->\n\n\n\n<p>Les r\u00e9servations devront \u00eatre faites sur le site internet de l'h\u00f4tel <a rel=\"noreferrer noopener\" href=\"http:\/\/maisonbarbillon.com\/\" data-type=\"URL\" data-id=\"http:\/\/maisonbarbillon.com\/\" target=\"_blank\">maisonbarbillon.com<\/a> avec le code de r\u00e9duction \u00ab UNICON20 \u00bb. Il est \u00e9galement possible de l'utiliser par mail ou au t\u00e9l\u00e9phone. Il vous offre une r\u00e9duction de 12%.<\/p>\n\n\n\n<div id=\"wp-block-themeisle-blocks-slider-66e2fafc\" class=\"wp-block-themeisle-blocks-slider glide\" data-per-view=\"1\" data-gap=\"0\" data-peek=\"0\" data-autoplay=\"true\" data-height=\"600px\" data-hide-arrows=\"false\"><div class=\"glide__track\" data-glide-el=\"track\"><div class=\"glide__slides\"><div class=\"wp-block-themeisle-blocks-slider-item-wrapper glide__slide\" tabindex=\"0\"><figure><img decoding=\"async\" class=\"wp-block-themeisle-blocks-slider-item\" src=\"https:\/\/unicon20.fr\/wp-content\/uploads\/2021\/09\/barbillon1.png\" alt=\"\" title=\"\" data-id=\"2505\"\/><\/figure><\/div><div class=\"wp-block-themeisle-blocks-slider-item-wrapper glide__slide\" tabindex=\"0\"><figure><img decoding=\"async\" class=\"wp-block-themeisle-blocks-slider-item\" src=\"https:\/\/unicon20.fr\/wp-content\/uploads\/2021\/09\/barbillon2.png\" alt=\"\" title=\"\" data-id=\"2506\"\/><\/figure><\/div><div class=\"wp-block-themeisle-blocks-slider-item-wrapper glide__slide\" tabindex=\"0\"><figure><img decoding=\"async\" class=\"wp-block-themeisle-blocks-slider-item\" src=\"https:\/\/unicon20.fr\/wp-content\/uploads\/2021\/09\/barbillon3.png\" alt=\"\" title=\"\" data-id=\"2508\"\/><\/figure><\/div><div class=\"wp-block-themeisle-blocks-slider-item-wrapper glide__slide\" tabindex=\"0\"><figure><img decoding=\"async\" class=\"wp-block-themeisle-blocks-slider-item\" src=\"https:\/\/unicon20.fr\/wp-content\/uploads\/2021\/09\/barbillon.png\" alt=\"\" title=\"\" data-id=\"2509\"\/><\/figure><\/div><\/div><div class=\"glide__bullets\" data-glide-el=\"controls[nav]\"><button class=\"glide__bullet\" data-glide-dir=\"=0\"><\/button><button class=\"glide__bullet\" data-glide-dir=\"=1\"><\/button><button class=\"glide__bullet\" data-glide-dir=\"=2\"><\/button><button class=\"glide__bullet\" data-glide-dir=\"=3\"><\/button><\/div><\/div><\/div>\n\n\n\n<div class=\"wp-block-buttons is-content-justification-center is-layout-flex wp-block-buttons-is-layout-flex\">\n<div class=\"wp-block-button\"><a class=\"wp-block-button__link\" href=\"https:\/\/maisonbarbillon.com\/\" target=\"_blank\" rel=\"noreferrer noopener\">R\u00e9server une chambre<\/a><\/div>\n<\/div>","protected":false},"excerpt":{"rendered":"<p>Maison Barbillon hotel is located next to the train station. It is rated as a 3-star hotel. Booking must be made from the 15th of September 2021 to the 7th of August 2022. For a stay from the 23rd of July to the 7th of August 2022. Location10 Rue Louis [&hellip;]<\/p>","protected":false},"author":1,"featured_media":0,"parent":1770,"menu_order":0,"comment_status":"closed","ping_status":"closed","template":"page-templates\/template-fullwidth.php","meta":{"footnotes":""},"class_list":["post-2486","page","type-page","status-publish","hentry"],"featured_image_urls_v2":{"full":"","thumbnail":"","medium":"","medium_large":"","large":"","1536x1536":"","2048x2048":"","trp-custom-language-flag":"","hestia-blog":""},"post_excerpt_stackable_v2":"<p>Maison Barbillon hotel is located next to the train station. It is rated as a 3-star hotel. Booking must be made from the 15th of September 2021 to the 7th of August 2022. For a stay from the 23rd of July to the 7th of August 2022. Location10 Rue Louis Barbillon, 38000 GrenobleTo get to the Unicon VillageRide: 10 minutesBus: 14 minutesWalk: 22 minutes Type of roomMax number of peoplePrice rangeInformation Single165 &#8211; 105\u20acBreakfast and tourist tax are included Classical double280 &#8211; 120\u20acBreakfast and tourist tax are included Classical single170 &#8211; 110\u20acBreakfast and tourist tax are included Superior double290 -\u2026<\/p>\n","category_list_v2":"","author_info_v2":{"name":"Maxence","url":"https:\/\/unicon20.fr\/fr\/author\/abrikot\/"},"comments_num_v2":"0 commentaire","_links":{"self":[{"href":"https:\/\/unicon20.fr\/fr\/wp-json\/wp\/v2\/pages\/2486","targetHints":{"allow":["GET"]}}],"collection":[{"href":"https:\/\/unicon20.fr\/fr\/wp-json\/wp\/v2\/pages"}],"about":[{"href":"https:\/\/unicon20.fr\/fr\/wp-json\/wp\/v2\/types\/page"}],"author":[{"embeddable":true,"href":"https:\/\/unicon20.fr\/fr\/wp-json\/wp\/v2\/users\/1"}],"replies":[{"embeddable":true,"href":"https:\/\/unicon20.fr\/fr\/wp-json\/wp\/v2\/comments?post=2486"}],"version-history":[{"count":10,"href":"https:\/\/unicon20.fr\/fr\/wp-json\/wp\/v2\/pages\/2486\/revisions"}],"predecessor-version":[{"id":2554,"href":"https:\/\/unicon20.fr\/fr\/wp-json\/wp\/v2\/pages\/2486\/revisions\/2554"}],"up":[{"embeddable":true,"href":"https:\/\/unicon20.fr\/fr\/wp-json\/wp\/v2\/pages\/1770"}],"wp:attachment":[{"href":"https:\/\/unicon20.fr\/fr\/wp-json\/wp\/v2\/media?parent=2486"}],"curies":[{"name":"wp","href":"https:\/\/api.w.org\/{rel}","templated":true}]}}