{"id":249,"date":"2019-03-12T15:14:48","date_gmt":"2019-03-12T14:14:48","guid":{"rendered":"https:\/\/www.unicon20.fr\/?page_id=249"},"modified":"2022-05-31T22:15:36","modified_gmt":"2022-05-31T20:15:36","slug":"freestyle","status":"publish","type":"page","link":"https:\/\/unicon20.fr\/fr\/competitions\/disciplines\/freestyle\/","title":{"rendered":"Freestyle"},"content":{"rendered":"<figure class=\"wp-block-image\"><img loading=\"lazy\" decoding=\"async\" width=\"3918\" height=\"2204\" src=\"https:\/\/unicon20.fr\/wp-content\/uploads\/2019\/05\/IMG_8115.jpg\" alt=\"\" class=\"wp-image-1346\" srcset=\"https:\/\/unicon20.fr\/wp-content\/uploads\/2019\/05\/IMG_8115.jpg 3918w, https:\/\/unicon20.fr\/wp-content\/uploads\/2019\/05\/IMG_8115-300x169.jpg 300w, https:\/\/unicon20.fr\/wp-content\/uploads\/2019\/05\/IMG_8115-768x432.jpg 768w, https:\/\/unicon20.fr\/wp-content\/uploads\/2019\/05\/IMG_8115-1024x576.jpg 1024w\" sizes=\"auto, (max-width: 3918px) 100vw, 3918px\" \/><\/figure>\n\n\n\n<div class=\"wp-block-media-text has-media-on-the-right is-stacked-on-mobile\" style=\"grid-template-columns:auto 32%\"><figure class=\"wp-block-media-text__media\"><img loading=\"lazy\" decoding=\"async\" width=\"683\" height=\"1024\" src=\"https:\/\/unicon20.fr\/wp-content\/uploads\/2019\/05\/IMG_8139-683x1024.jpg\" alt=\"\" class=\"wp-image-1373 size-full\" srcset=\"https:\/\/unicon20.fr\/wp-content\/uploads\/2019\/05\/IMG_8139-683x1024.jpg 683w, https:\/\/unicon20.fr\/wp-content\/uploads\/2019\/05\/IMG_8139-200x300.jpg 200w, https:\/\/unicon20.fr\/wp-content\/uploads\/2019\/05\/IMG_8139-768x1152.jpg 768w, https:\/\/unicon20.fr\/wp-content\/uploads\/2019\/05\/IMG_8139.jpg 1280w\" sizes=\"auto, (max-width: 683px) 100vw, 683px\" \/><\/figure><div class=\"wp-block-media-text__content\">\n<p>Il y a quatre comp\u00e9titions de freestyle : <\/p>\n\n\n\n<ul class=\"wp-block-list\"><li> Individuel<\/li><li>Paire<\/li><li>Groupe<\/li><li>X-Style <\/li><\/ul>\n\n\n\n<p><\/p>\n<\/div><\/div>\n\n\n\n<p> Dans le Freestyle Artistique, les comp\u00e9titeurs \u00e9voluent en musique, avec des costumes, des accessoires, et des monocycles de toutes sortes. Les concurrents ne sont pas seulement jug\u00e9s sur leur technique, mais aussi sur leur capacit\u00e9s \u00e0 offrir un divertissement et un spectacle. Il y a des comp\u00e9titions individuelles, par paires ou en groupes. Les petits groupes comprennent entre 3 et 8 monocyclistes, et les grands groupes 9 ou plus.<\/p>\n\n\n\n<p>Le X-Style permet aux concurrents de montrer ce qu'ils sont capables de r\u00e9aliser de plus difficile sur le plan technique. Ils se produisent avec leur propre style, avec cr\u00e9ativit\u00e9 et ing\u00e9niosit\u00e9. Ils sont jug\u00e9s uniquement sur les comp\u00e9tences qu'ils ma\u00eetrisent. Le spectacle et les chutes ne comptent pas comme dans les autres disciplines du Freestyle.<\/p>\n\n\n\n<p>Attention : les inscriptions pour le freestyle individuel et par paire sont limit\u00e9es par pays. Chaque pays ne pourra pr\u00e9senter que 30 paires pour l'ensemble des cat\u00e9gories d'\u00e2ge, 30 en Individuel Masculin et 30 en Individuel F\u00e9minin. Contactez votre f\u00e9d\u00e9ration si vous n'\u00eates pas s\u00fbr de pouvoir vous inscrire.<br><strong>La date limite pour s'inscrire pour les comp\u00e9titions de freestyle est le 6 juin 2022.<\/strong><\/p>\n\n\n\n<p>Les comp\u00e9titions de Freestyle se d\u00e9rouleront dans <a rel=\"noreferrer noopener\" aria-label=\" (opens in a new tab)\" href=\"https:\/\/unicon20.fr\/wp-content\/plugins\/leaflet-maps-marker\/leaflet-fullscreen.php?marker=7\" target=\"_blank\">Halle Cl\u00e9menceau.<\/a>Elle est vaste et peut \u00eatre partag\u00e9e en plusieurs secteurs, avec une partie r\u00e9serv\u00e9e pour l'entrainement des concurrents pendant certaines comp\u00e9titions. Le parquet de gymnastique complet sera utilis\u00e9 pour les comp\u00e9titions Juniors Experts, Experts, et Groupes, il n'y aura donc pas de possibilit\u00e9 pour d'autres monocyclistes de l'utiliser \u00e0 ces moments-l\u00e0. La surface est en Taraflex, une surface caoutchout\u00e9e avec une petite \u00e9lasticit\u00e9.<\/p>\n\n\n\n<p>Il y aura aussi un gymnase pour l'entrainement des comp\u00e9titeurs de freestyle : <a rel=\"noreferrer noopener\" aria-label=\" (opens in a new tab)\" href=\"https:\/\/unicon20.fr\/wp-content\/plugins\/leaflet-maps-marker\/leaflet-fullscreen.php?marker=25\" target=\"_blank\">le gymnase L\u00e9on Jouhaux<\/a>,  about 1.5km from <a rel=\"noreferrer noopener\" aria-label=\" (opens in a new tab)\" href=\"https:\/\/unicon20.fr\/wp-content\/plugins\/leaflet-maps-marker\/leaflet-fullscreen.php?marker=7\" target=\"_blank\">Halle Cl\u00e9menceau.<\/a>A ce jour, nous ne savons pas encore pr\u00e9cis\u00e9ment \u00e0 quels moments il sera disponible.<\/p>\n\n\n\n<figure class=\"wp-block-image alignwide\"><img loading=\"lazy\" decoding=\"async\" width=\"1024\" height=\"364\" src=\"https:\/\/unicon20.fr\/wp-content\/uploads\/2019\/11\/Halle-Cl\u00e9menceau-1024x364.jpg\" alt=\"\" class=\"wp-image-1856\" srcset=\"https:\/\/unicon20.fr\/wp-content\/uploads\/2019\/11\/Halle-Cl\u00e9menceau-1024x364.jpg 1024w, https:\/\/unicon20.fr\/wp-content\/uploads\/2019\/11\/Halle-Cl\u00e9menceau-300x107.jpg 300w, https:\/\/unicon20.fr\/wp-content\/uploads\/2019\/11\/Halle-Cl\u00e9menceau-768x273.jpg 768w\" sizes=\"auto, (max-width: 1024px) 100vw, 1024px\" \/><figcaption>Halle Cl\u00e9menceau.<\/figcaption><\/figure>","protected":false},"excerpt":{"rendered":"<p>Freestyle gathers four different competitions: Individual freestyle Pair freestyle Group freestyle X-Style In Artistic Freestyle, riders perform to music, with costumes, props and any kinds of unicycles. Riders are judged not only on skill, but also on how well they entertain and put on a show. There are Individual, Pair, [&hellip;]<\/p>","protected":false},"author":1,"featured_media":0,"parent":38,"menu_order":0,"comment_status":"closed","ping_status":"closed","template":"","meta":{"footnotes":""},"class_list":["post-249","page","type-page","status-publish","hentry"],"featured_image_urls_v2":{"full":"","thumbnail":"","medium":"","medium_large":"","large":"","1536x1536":"","2048x2048":"","trp-custom-language-flag":"","hestia-blog":""},"post_excerpt_stackable_v2":"<p>Freestyle gathers four different competitions: Individual freestylePair freestyleGroup freestyleX-Style In Artistic Freestyle, riders perform to music, with costumes, props and any kinds of unicycles. Riders are judged not only on skill, but also on how well they entertain and put on a show. There are Individual, Pair, and Group Freestyle events. Small Group Freestyle has 3-8 riders and Large Group Freestyle has 9 or more riders. X-Style is an event for riders to show off their most difficult skills. Riders can show their own style with creativity and ingenuity. The competitors are judged solely on the skills that they complete.\u2026<\/p>\n","category_list_v2":"","author_info_v2":{"name":"Maxence","url":"https:\/\/unicon20.fr\/fr\/author\/abrikot\/"},"comments_num_v2":"0 commentaire","_links":{"self":[{"href":"https:\/\/unicon20.fr\/fr\/wp-json\/wp\/v2\/pages\/249","targetHints":{"allow":["GET"]}}],"collection":[{"href":"https:\/\/unicon20.fr\/fr\/wp-json\/wp\/v2\/pages"}],"about":[{"href":"https:\/\/unicon20.fr\/fr\/wp-json\/wp\/v2\/types\/page"}],"author":[{"embeddable":true,"href":"https:\/\/unicon20.fr\/fr\/wp-json\/wp\/v2\/users\/1"}],"replies":[{"embeddable":true,"href":"https:\/\/unicon20.fr\/fr\/wp-json\/wp\/v2\/comments?post=249"}],"version-history":[{"count":17,"href":"https:\/\/unicon20.fr\/fr\/wp-json\/wp\/v2\/pages\/249\/revisions"}],"predecessor-version":[{"id":2943,"href":"https:\/\/unicon20.fr\/fr\/wp-json\/wp\/v2\/pages\/249\/revisions\/2943"}],"up":[{"embeddable":true,"href":"https:\/\/unicon20.fr\/fr\/wp-json\/wp\/v2\/pages\/38"}],"wp:attachment":[{"href":"https:\/\/unicon20.fr\/fr\/wp-json\/wp\/v2\/media?parent=249"}],"curies":[{"name":"wp","href":"https:\/\/api.w.org\/{rel}","templated":true}]}}