{"id":2490,"date":"2021-09-14T20:24:46","date_gmt":"2021-09-14T18:24:46","guid":{"rendered":"https:\/\/www.unicon20.fr\/?page_id=2490"},"modified":"2022-05-18T14:59:06","modified_gmt":"2022-05-18T12:59:06","slug":"university-dorm-single-rooms","status":"publish","type":"page","link":"https:\/\/unicon20.fr\/fr\/practical-informations\/lodging\/university-dorm-single-rooms\/","title":{"rendered":"Chambres universitaires"},"content":{"rendered":"<div class=\"wp-block-themeisle-blocks-advanced-columns has-1-columns has-desktop-equal-layout has-tablet-equal-layout has-mobile-equal-layout has-default-gap has-vertical-unset\" id=\"wp-block-themeisle-blocks-advanced-columns-0d64b9a8\"><div class=\"wp-block-themeisle-blocks-advanced-columns-overlay\"><\/div><div class=\"innerblocks-wrap\">\n<div class=\"wp-block-themeisle-blocks-advanced-column\" id=\"wp-block-themeisle-blocks-advanced-column-6bfdb325\">\n<div class=\"wp-block-image partner-logo\"><figure class=\"aligncenter size-medium\"><img loading=\"lazy\" decoding=\"async\" width=\"300\" height=\"300\" src=\"https:\/\/unicon20.fr\/wp-content\/uploads\/2020\/03\/crous_grenoble-300x300.jpg\" alt=\"\" class=\"wp-image-2251\" srcset=\"https:\/\/unicon20.fr\/wp-content\/uploads\/2020\/03\/crous_grenoble-300x300.jpg 300w, https:\/\/unicon20.fr\/wp-content\/uploads\/2020\/03\/crous_grenoble-150x150.jpg 150w, https:\/\/unicon20.fr\/wp-content\/uploads\/2020\/03\/crous_grenoble-768x768.jpg 768w, https:\/\/unicon20.fr\/wp-content\/uploads\/2020\/03\/crous_grenoble.jpg 900w\" sizes=\"auto, (max-width: 300px) 100vw, 300px\" \/><\/figure><\/div>\n\n\n\n<p>Nous proposons des chambres universitaires individuelles, que vous pouvez r\u00e9server en utilisant <a href=\"http:\/\/unicon2020.reg.unicycling-software.com\/\">le logiciel d'inscription<\/a>.<\/p>\n\n\n\n<p><strong>Description des chambres<\/strong><br>Chambre avec un lit \u00e0 une place, 9 \u00e0 12 m\u00e8tres carr\u00e9s, toilettes et douches. Une chaise, un bureau, WIFI gratuit.<br>Il y a aussi une cuisine par \u00e9tage et une laverie.<br><strong>REMARQUE<\/strong>: ce n'est pas un h\u00f4tel, il n'y a pas de personnel de service, ni de m\u00e9nage pendant votre s\u00e9jour.<br>Pr\u00e9voir un sac de couchage et une serviette de toilette, car LE KIT DRAPS ET SERVIETTES N'EST PAS INCLUS.<br><a href=\"http:\/\/appli.crous-grenoble.fr\/fichiers\/360\/ouest\/tour.html\">Faites une visite panoramique virtuelle<\/a>.<\/p>\n\n\n\n<p><strong>Adresse<\/strong><br>Vous serez r\u00e9partis dans 3 r\u00e9sidences universitaires situ\u00e9es sur le domaine universitaire de Saint-Martin-d\u2019H\u00e8res (38 400).<\/p>\n\n\n\n<p>A Grenoble, tout pr\u00e8s des lignes B et D du tram, arr\u00eat \"Les Taill\u00e9s\", et de l'arr\u00eat \"Berlioz de la ligne C. <br><strong>Pour rejoindre le village UNICON<\/strong><br>En monocycle, 10 mn<br>En tram : 10 minutes, plus 2 minutes de monocycle<br>\u00c0 pied, 22 minutes<\/p>\n\n\n\n<p><strong>Prix et conditions<\/strong><br>Student price: 19 euros \/ night (you&#8217;ll need a certificate \/ student card)<br>Tarif normal : 27 \u20ac \/ nuit<br><em>(1\u20ac de ce prix\/nuit est retenu par l'organisation afin de couvrir les frais du logiciel de paiement en ligne.)<\/em><br><strong>Les r\u00e9servations seront ferm\u00e9es le 5 juin - ou lorsqu'il n'y aura plus de chambres libres.<\/strong><\/p>\n\n\n\n<p>Les r\u00e9servations sont disponibles uniquement pour un s\u00e9jour complet, du 26 juillet au 7 ao\u00fbt <strong>full stay, from the 26th of July to the 7th of august<\/strong>.<\/p>\n\n\n\n<p>Cette offre ne concerne que les personnes <strong>over 18 years old<\/strong> en juillet 2022.<\/p>\n\n\n\n<div class=\"wp-block-buttons is-horizontal is-content-justification-center is-layout-flex wp-container-core-buttons-is-layout-499968f5 wp-block-buttons-is-layout-flex\">\n<div class=\"wp-block-button\"><a class=\"wp-block-button__link\" href=\"http:\/\/unicon2020.reg.unicycling-software.com\/\" target=\"_blank\" rel=\"noreferrer noopener\">R\u00e9server une chambre<\/a><\/div>\n<\/div>\n<\/div>\n<\/div><\/div>","protected":false},"excerpt":{"rendered":"","protected":false},"author":1,"featured_media":0,"parent":1770,"menu_order":0,"comment_status":"closed","ping_status":"closed","template":"page-templates\/template-fullwidth.php","meta":{"footnotes":""},"class_list":["post-2490","page","type-page","status-publish","hentry"],"featured_image_urls_v2":{"full":"","thumbnail":"","medium":"","medium_large":"","large":"","1536x1536":"","2048x2048":"","trp-custom-language-flag":"","hestia-blog":""},"post_excerpt_stackable_v2":"<p>We are offering University dorm rooms, which can you book using the registration software. Room descriptionRoom with a single bed, 9 to 12 square meters, toilet and shower. One chair, a desk, a closet, free wifi.There is also one kitchen per floor and a laundry room.NOTE: this is not a hotel, there will not be any room service or room cleaning during your stay.Please come with sleeping bag and towel(s) as they are not included.Have a look for yourself with this 360\u00b0 virtual visit. Location3 different places on the campus of Saint-Martin-d&#8217;H\u00e8res. Close to lines B and D of Grenoble&#8217;s\u2026<\/p>\n","category_list_v2":"","author_info_v2":{"name":"Maxence","url":"https:\/\/unicon20.fr\/fr\/author\/abrikot\/"},"comments_num_v2":"0 commentaire","_links":{"self":[{"href":"https:\/\/unicon20.fr\/fr\/wp-json\/wp\/v2\/pages\/2490","targetHints":{"allow":["GET"]}}],"collection":[{"href":"https:\/\/unicon20.fr\/fr\/wp-json\/wp\/v2\/pages"}],"about":[{"href":"https:\/\/unicon20.fr\/fr\/wp-json\/wp\/v2\/types\/page"}],"author":[{"embeddable":true,"href":"https:\/\/unicon20.fr\/fr\/wp-json\/wp\/v2\/users\/1"}],"replies":[{"embeddable":true,"href":"https:\/\/unicon20.fr\/fr\/wp-json\/wp\/v2\/comments?post=2490"}],"version-history":[{"count":6,"href":"https:\/\/unicon20.fr\/fr\/wp-json\/wp\/v2\/pages\/2490\/revisions"}],"predecessor-version":[{"id":2921,"href":"https:\/\/unicon20.fr\/fr\/wp-json\/wp\/v2\/pages\/2490\/revisions\/2921"}],"up":[{"embeddable":true,"href":"https:\/\/unicon20.fr\/fr\/wp-json\/wp\/v2\/pages\/1770"}],"wp:attachment":[{"href":"https:\/\/unicon20.fr\/fr\/wp-json\/wp\/v2\/media?parent=2490"}],"curies":[{"name":"wp","href":"https:\/\/api.w.org\/{rel}","templated":true}]}}